{"id":909,"date":"2022-06-20T21:08:53","date_gmt":"2022-06-20T20:08:53","guid":{"rendered":"https:\/\/ramahef.fr\/ACQ\/?page_id=909"},"modified":"2023-08-04T15:05:15","modified_gmt":"2023-08-04T14:05:15","slug":"presentation","status":"publish","type":"page","link":"https:\/\/ac-quercy.fr\/fr_fr\/presentation\/","title":{"rendered":"Pr\u00e9sentation"},"content":{"rendered":"\t\t<div data-elementor-type=\"wp-page\" data-elementor-id=\"909\" class=\"elementor elementor-909\">\n\t\t\t\t\t\t<section class=\"elementor-section elementor-top-section elementor-element elementor-element-89386d8 elementor-section-boxed elementor-section-height-default elementor-section-height-default\" data-id=\"89386d8\" data-element_type=\"section\" data-e-type=\"section\">\n\t\t\t\t\t\t<div class=\"elementor-container elementor-column-gap-default\">\n\t\t\t\t\t<div class=\"elementor-column elementor-col-100 elementor-top-column elementor-element elementor-element-068e5e6\" data-id=\"068e5e6\" data-element_type=\"column\" data-e-type=\"column\">\n\t\t\t<div class=\"elementor-widget-wrap elementor-element-populated\">\n\t\t\t\t\t\t<div class=\"elementor-element elementor-element-12d1cb3 elementor-widget elementor-widget-text-editor\" data-id=\"12d1cb3\" data-element_type=\"widget\" data-e-type=\"widget\" data-widget_type=\"text-editor.default\">\n\t\t\t\t<div class=\"elementor-widget-container\">\n\t\t\t\t\t\t\t\t\t<p style=\"text-align: center;\"><span>Ce site a pour vocation<br \/>de vous faire d\u00e9couvrir notre association, ses activit\u00e9s, et <br \/>de vous faire partager notre passion.<br \/>L&rsquo;a\u00e9ro-club du Quercy est adh\u00e9rent \u00e0 la FFA ainsi que tous ses membres.<\/span><\/p>\t\t\t\t\t\t\t\t<\/div>\n\t\t\t\t<\/div>\n\t\t\t\t\t<\/div>\n\t\t<\/div>\n\t\t\t\t\t<\/div>\n\t\t<\/section>\n\t\t\t\t<section class=\"elementor-section elementor-top-section elementor-element elementor-element-74c24ec elementor-section-boxed elementor-section-height-default elementor-section-height-default\" data-id=\"74c24ec\" data-element_type=\"section\" data-e-type=\"section\">\n\t\t\t\t\t\t<div class=\"elementor-container elementor-column-gap-default\">\n\t\t\t\t\t<div class=\"elementor-column elementor-col-100 elementor-top-column elementor-element elementor-element-443a2a4\" data-id=\"443a2a4\" data-element_type=\"column\" data-e-type=\"column\">\n\t\t\t<div class=\"elementor-widget-wrap elementor-element-populated\">\n\t\t\t\t\t\t<div class=\"elementor-element elementor-element-5ebdecc elementor-widget elementor-widget-text-editor\" data-id=\"5ebdecc\" data-element_type=\"widget\" data-e-type=\"widget\" data-widget_type=\"text-editor.default\">\n\t\t\t\t<div class=\"elementor-widget-container\">\n\t\t\t\t\t\t\t\t\t<p align=\"justify\">L&rsquo;avion est avant tout une \u00e9cole de&nbsp;<b>rigueur<\/b>, de&nbsp;<b>discipline<\/b>, de&nbsp;<b>ma\u00eetrise de soi<\/b>&nbsp;(ou sang-froid) et de&nbsp;<b>responsabilit\u00e9<\/b>. D\u00e8s l&rsquo;\u00e2ge de 15 ans, avant m\u00eame de pouvoir pr\u00e9tendre conduire une voiture, il est possible de prendre les commandes d&rsquo;un avion. Sous le contr\u00f4le&nbsp; d&rsquo;un instructeur, les premiers vols s&rsquo;effectuent \u00e0 proximit\u00e9 de l&rsquo;a\u00e9rodrome de Cahors-Lalbenque pour acqu\u00e9rir la technique du pilotage. Au bout d&rsquo;un minimum r\u00e8glementaire de 6 heures ( plus g\u00e9n\u00e9ralement autour d&rsquo;une quinzaine d&rsquo;heures selon votre progression ), vous pourrez voler seul, \u00e0 partir de 16 ans \u00e0 bord de l&rsquo;avion sur lequel vous avez \u00e9t\u00e9 form\u00e9, dans un rayon de 25 Nm autour de l&rsquo;a\u00e9rodrome, hors des espaces contr\u00f4l\u00e9s ou r\u00e9glement\u00e9s &#8230; D\u00e9s l&rsquo;\u00e2ge de 17 ans, il est possible de passer sa licence de pilote priv\u00e9 (PPL) et d&#8217;emmener alors vos passagers visiter la France enti\u00e8re ou autres pays.<\/p>\n<p align=\"justify\"><b>Les paysages sont si beaux vus d&rsquo;en haut ! &#8230;&nbsp;&nbsp;<\/b>Autour de Cahors vous pourrez bien s\u00fbr admirer d&rsquo;en haut la ville dans sa boucle du Lot mais aussi des sites tels la vall\u00e9e du Lot et du C\u00e9l\u00e9, Saint-Cirq Lapopie, Rocamadour et le canyon de l&rsquo;Ouisse,&nbsp;la vall\u00e9e de la Dordogne, Domme, le Chateau des Milandes (de Josephine BAKER), les Gorges de l&rsquo;Aveyron ou celles du Tarn, &#8230; et encore bien d&rsquo;autres sites superbes ( la r\u00e8gion se pr\u00eate \u00e0 des promenades magnifiques ). Le Viaduc de Millau est accessible d&rsquo;un coup d&rsquo;aile.<\/p>\n<p align=\"justify\">Depuis l&rsquo;a\u00e9rodrome de Cahors-Lalbenque, il est rien de plus simple que d&rsquo;aller passer une journ\u00e9e \u00e0 la mer ou \u00e0 la montagne. Les pilotes de l&rsquo;a\u00e9roclub et leurs passagers peuvent en 1 heure rallier la&nbsp; c\u00f4t\u00e9 atlantique (Arcachon, Ile d&rsquo;Ol\u00e9ron, embouchure de la Gironde, &#8230;) ou, s&rsquo;il ne fait pas beau de ce c\u00f4t\u00e9 l\u00e0, rallier la c\u00f4te m\u00e9diterran\u00e9enne, ou bien pr\u00e9f\u00e9rer les Pyr\u00e9n\u00e9es ou les monts d&rsquo;Auvergne. La multitude de terrains de France (en moyenne 1 tous les 50 kilom\u00e8tres) ne demande qu&rsquo;\u00e0 accueillir les avions et leurs pilotes et passagers.<\/p>\n<p align=\"center\">Contrairement \u00e0 une id\u00e9e re\u00e7ue, il n&rsquo;est pas n\u00e9cessaire d&rsquo;\u00eatre \u00ab\u00a0riche\u00a0\u00bb pour s&rsquo;offrir ce bonheur de se d\u00e9placer dans les trois dimensions au-dessus de tous ces splendides paysages. Nombre des membres de l&rsquo;a\u00e9roclub ont des revenus \u00e0 peine sup\u00e9rieur au smic ; ils ont fait des choix et sont pers\u00e9v\u00e9rants dans leur ambition de voler, de se faire plaisir ( le bonheur d&rsquo;un pilote de survoler de beaux paysages, d&rsquo;avoir r\u00e9ussi un bel atterrissage, une manoeuvre un peu difficile, la pr\u00e9cision d&rsquo;une navigation &#8230; est immense ! ). Apr\u00e8s le brevet, la d\u00e9pense moyenne par an et par pilote peut \u00eatre estim\u00e9e \u00e0 1500 \u20ac.<\/p><p align=\"center\"><br>\n<b>Si vous comparez ces sommes au budget annuel d&rsquo;un fumeur, cela vous donnera peut-\u00eatre envie d&rsquo;arr\u00eater de fumer pour r\u00e9aliser un vieux r\u00eave : voler !<\/b><\/p>\n<p align=\"center\">Un homme n&rsquo;est vieux que quand les regrets ont pris chez lui la place des r\u00eaves.<br>\n<i>John Barrymore<\/i><\/p>\t\t\t\t\t\t\t\t<\/div>\n\t\t\t\t<\/div>\n\t\t\t\t\t<\/div>\n\t\t<\/div>\n\t\t\t\t\t<\/div>\n\t\t<\/section>\n\t\t\t\t<\/div>\n\t\t","protected":false},"excerpt":{"rendered":"<p>Ce site a pour vocationde vous faire d\u00e9couvrir notre association, ses activit\u00e9s, et de vous faire partager notre passion.L&rsquo;a\u00e9ro-club du Quercy est adh\u00e9rent \u00e0 la FFA ainsi que tous ses membres. L&rsquo;avion est avant tout une \u00e9cole de&nbsp;rigueur, de&nbsp;discipline, de&nbsp;ma\u00eetrise de soi&nbsp;(ou sang-froid) et de&nbsp;responsabilit\u00e9. D\u00e8s l&rsquo;\u00e2ge de 15 ans, [&hellip;]<\/p>\n","protected":false},"author":1,"featured_media":0,"parent":0,"menu_order":0,"comment_status":"closed","ping_status":"closed","template":"elementor_theme","meta":{"_mc_calendar":[],"footnotes":""},"class_list":["post-909","page","type-page","status-publish","hentry"],"yoast_head":"<!-- This site is optimized with the Yoast SEO plugin v26.9 - https:\/\/yoast.com\/product\/yoast-seo-wordpress\/ -->\n<title>Pr\u00e9sentation - Aeroclub du Quercy<\/title>\n<meta name=\"robots\" content=\"index, follow, max-snippet:-1, max-image-preview:large, max-video-preview:-1\" \/>\n<link rel=\"canonical\" href=\"https:\/\/ac-quercy.fr\/fr_fr\/presentation\/\" \/>\n<meta property=\"og:locale\" content=\"fr_FR\" \/>\n<meta property=\"og:type\" content=\"article\" \/>\n<meta property=\"og:title\" content=\"Pr\u00e9sentation - Aeroclub du Quercy\" \/>\n<meta property=\"og:description\" content=\"Ce site a pour vocationde vous faire d\u00e9couvrir notre association, ses activit\u00e9s, et de vous faire partager notre passion.L&rsquo;a\u00e9ro-club du Quercy est adh\u00e9rent \u00e0 la FFA ainsi que tous ses membres. L&rsquo;avion est avant tout une \u00e9cole de&nbsp;rigueur, de&nbsp;discipline, de&nbsp;ma\u00eetrise de soi&nbsp;(ou sang-froid) et de&nbsp;responsabilit\u00e9. D\u00e8s l&rsquo;\u00e2ge de 15 ans, [&hellip;]\" \/>\n<meta property=\"og:url\" content=\"https:\/\/ac-quercy.fr\/fr_fr\/presentation\/\" \/>\n<meta property=\"og:site_name\" content=\"Aeroclub du Quercy\" \/>\n<meta property=\"article:modified_time\" content=\"2023-08-04T14:05:15+00:00\" \/>\n<meta name=\"twitter:label1\" content=\"Dur\u00e9e de lecture estim\u00e9e\" \/>\n\t<meta name=\"twitter:data1\" content=\"6 minutes\" \/>\n<script type=\"application\/ld+json\" class=\"yoast-schema-graph\">{\"@context\":\"https:\/\/schema.org\",\"@graph\":[{\"@type\":\"WebPage\",\"@id\":\"https:\/\/ac-quercy.fr\/fr_fr\/presentation\/\",\"url\":\"https:\/\/ac-quercy.fr\/fr_fr\/presentation\/\",\"name\":\"Pr\u00e9sentation - Aeroclub du Quercy\",\"isPartOf\":{\"@id\":\"https:\/\/ac-quercy.fr\/#website\"},\"datePublished\":\"2022-06-20T20:08:53+00:00\",\"dateModified\":\"2023-08-04T14:05:15+00:00\",\"inLanguage\":\"fr-FR\",\"potentialAction\":[{\"@type\":\"ReadAction\",\"target\":[\"https:\/\/ac-quercy.fr\/fr_fr\/presentation\/\"]}]},{\"@type\":\"WebSite\",\"@id\":\"https:\/\/ac-quercy.fr\/#website\",\"url\":\"https:\/\/ac-quercy.fr\/\",\"name\":\"A\u00e9roclub du Quercy\",\"description\":\"Aviation G\u00e9n\u00e9rale Ecole de pilotage\",\"publisher\":{\"@id\":\"https:\/\/ac-quercy.fr\/#organization\"},\"potentialAction\":[{\"@type\":\"SearchAction\",\"target\":{\"@type\":\"EntryPoint\",\"urlTemplate\":\"https:\/\/ac-quercy.fr\/?s={search_term_string}\"},\"query-input\":{\"@type\":\"PropertyValueSpecification\",\"valueRequired\":true,\"valueName\":\"search_term_string\"}}],\"inLanguage\":\"fr-FR\"},{\"@type\":\"Organization\",\"@id\":\"https:\/\/ac-quercy.fr\/#organization\",\"name\":\"A\u00e9roclub du Quercy\",\"url\":\"https:\/\/ac-quercy.fr\/\",\"logo\":{\"@type\":\"ImageObject\",\"inLanguage\":\"fr-FR\",\"@id\":\"https:\/\/ac-quercy.fr\/#\/schema\/logo\/image\/\",\"url\":\"https:\/\/ac-quercy.fr\/wp-content\/uploads\/2022\/05\/cropped-LogoACQ-scaled-1.jpg\",\"contentUrl\":\"https:\/\/ac-quercy.fr\/wp-content\/uploads\/2022\/05\/cropped-LogoACQ-scaled-1.jpg\",\"width\":512,\"height\":512,\"caption\":\"A\u00e9roclub du Quercy\"},\"image\":{\"@id\":\"https:\/\/ac-quercy.fr\/#\/schema\/logo\/image\/\"}}]}<\/script>\n<!-- \/ Yoast SEO plugin. -->","yoast_head_json":{"title":"Pr\u00e9sentation - Aeroclub du Quercy","robots":{"index":"index","follow":"follow","max-snippet":"max-snippet:-1","max-image-preview":"max-image-preview:large","max-video-preview":"max-video-preview:-1"},"canonical":"https:\/\/ac-quercy.fr\/fr_fr\/presentation\/","og_locale":"fr_FR","og_type":"article","og_title":"Pr\u00e9sentation - Aeroclub du Quercy","og_description":"Ce site a pour vocationde vous faire d\u00e9couvrir notre association, ses activit\u00e9s, et de vous faire partager notre passion.L&rsquo;a\u00e9ro-club du Quercy est adh\u00e9rent \u00e0 la FFA ainsi que tous ses membres. L&rsquo;avion est avant tout une \u00e9cole de&nbsp;rigueur, de&nbsp;discipline, de&nbsp;ma\u00eetrise de soi&nbsp;(ou sang-froid) et de&nbsp;responsabilit\u00e9. D\u00e8s l&rsquo;\u00e2ge de 15 ans, [&hellip;]","og_url":"https:\/\/ac-quercy.fr\/fr_fr\/presentation\/","og_site_name":"Aeroclub du Quercy","article_modified_time":"2023-08-04T14:05:15+00:00","twitter_misc":{"Dur\u00e9e de lecture estim\u00e9e":"6 minutes"},"schema":{"@context":"https:\/\/schema.org","@graph":[{"@type":"WebPage","@id":"https:\/\/ac-quercy.fr\/fr_fr\/presentation\/","url":"https:\/\/ac-quercy.fr\/fr_fr\/presentation\/","name":"Pr\u00e9sentation - Aeroclub du Quercy","isPartOf":{"@id":"https:\/\/ac-quercy.fr\/#website"},"datePublished":"2022-06-20T20:08:53+00:00","dateModified":"2023-08-04T14:05:15+00:00","inLanguage":"fr-FR","potentialAction":[{"@type":"ReadAction","target":["https:\/\/ac-quercy.fr\/fr_fr\/presentation\/"]}]},{"@type":"WebSite","@id":"https:\/\/ac-quercy.fr\/#website","url":"https:\/\/ac-quercy.fr\/","name":"A\u00e9roclub du Quercy","description":"Aviation G\u00e9n\u00e9rale Ecole de pilotage","publisher":{"@id":"https:\/\/ac-quercy.fr\/#organization"},"potentialAction":[{"@type":"SearchAction","target":{"@type":"EntryPoint","urlTemplate":"https:\/\/ac-quercy.fr\/?s={search_term_string}"},"query-input":{"@type":"PropertyValueSpecification","valueRequired":true,"valueName":"search_term_string"}}],"inLanguage":"fr-FR"},{"@type":"Organization","@id":"https:\/\/ac-quercy.fr\/#organization","name":"A\u00e9roclub du Quercy","url":"https:\/\/ac-quercy.fr\/","logo":{"@type":"ImageObject","inLanguage":"fr-FR","@id":"https:\/\/ac-quercy.fr\/#\/schema\/logo\/image\/","url":"https:\/\/ac-quercy.fr\/wp-content\/uploads\/2022\/05\/cropped-LogoACQ-scaled-1.jpg","contentUrl":"https:\/\/ac-quercy.fr\/wp-content\/uploads\/2022\/05\/cropped-LogoACQ-scaled-1.jpg","width":512,"height":512,"caption":"A\u00e9roclub du Quercy"},"image":{"@id":"https:\/\/ac-quercy.fr\/#\/schema\/logo\/image\/"}}]}},"publishpress_future_action":{"enabled":false,"date":"2026-04-25 11:17:55","action":"change-status","newStatus":"draft","terms":[],"taxonomy":"","extraData":[]},"publishpress_future_workflow_manual_trigger":{"enabledWorkflows":[]},"_links":{"self":[{"href":"https:\/\/ac-quercy.fr\/fr_fr\/wp-json\/wp\/v2\/pages\/909","targetHints":{"allow":["GET"]}}],"collection":[{"href":"https:\/\/ac-quercy.fr\/fr_fr\/wp-json\/wp\/v2\/pages"}],"about":[{"href":"https:\/\/ac-quercy.fr\/fr_fr\/wp-json\/wp\/v2\/types\/page"}],"author":[{"embeddable":true,"href":"https:\/\/ac-quercy.fr\/fr_fr\/wp-json\/wp\/v2\/users\/1"}],"replies":[{"embeddable":true,"href":"https:\/\/ac-quercy.fr\/fr_fr\/wp-json\/wp\/v2\/comments?post=909"}],"version-history":[{"count":0,"href":"https:\/\/ac-quercy.fr\/fr_fr\/wp-json\/wp\/v2\/pages\/909\/revisions"}],"wp:attachment":[{"href":"https:\/\/ac-quercy.fr\/fr_fr\/wp-json\/wp\/v2\/media?parent=909"}],"curies":[{"name":"wp","href":"https:\/\/api.w.org\/{rel}","templated":true}]}}