{"id":3440,"date":"2026-03-03T19:25:19","date_gmt":"2026-03-03T18:25:19","guid":{"rendered":"https:\/\/ac-quercy.fr\/?page_id=3440"},"modified":"2026-03-04T06:45:10","modified_gmt":"2026-03-04T05:45:10","slug":"dto","status":"publish","type":"page","link":"https:\/\/ac-quercy.fr\/fr_fr\/dto\/","title":{"rendered":"Organisme D\u00e9clar\u00e9 de formation DTO"},"content":{"rendered":"\t\t<div data-elementor-type=\"wp-page\" data-elementor-id=\"3440\" class=\"elementor elementor-3440\">\n\t\t\t\t<div class=\"elementor-element elementor-element-4d50002 e-flex e-con-boxed e-con e-parent\" data-id=\"4d50002\" data-element_type=\"container\" data-e-type=\"container\">\n\t\t\t\t\t<div class=\"e-con-inner\">\n\t\t\t\t<div class=\"elementor-element elementor-element-58527d8 elementor-widget elementor-widget-heading\" data-id=\"58527d8\" data-element_type=\"widget\" data-e-type=\"widget\" data-widget_type=\"heading.default\">\n\t\t\t\t<div class=\"elementor-widget-container\">\n\t\t\t\t\t<h4 class=\"elementor-heading-title elementor-size-default\">Organisme d\u00e9clar\u00e9 de formation ou DTO<\/h4>\t\t\t\t<\/div>\n\t\t\t\t<\/div>\n\t\t\t\t\t<\/div>\n\t\t\t\t<\/div>\n\t\t<div class=\"elementor-element elementor-element-18bd470 e-flex e-con-boxed e-con e-parent\" data-id=\"18bd470\" data-element_type=\"container\" data-e-type=\"container\">\n\t\t\t\t\t<div class=\"e-con-inner\">\n\t\t\t\t<div class=\"elementor-element elementor-element-85a88b1 elementor-widget elementor-widget-text-editor\" data-id=\"85a88b1\" data-element_type=\"widget\" data-e-type=\"widget\" data-widget_type=\"text-editor.default\">\n\t\t\t\t<div class=\"elementor-widget-container\">\n\t\t\t\t\t\t\t\t\t<div id=\"sppb-addon-wrapper-a4b2a294-71d9-4a51-886b-8fc6c381f920\" class=\"sppb-addon-wrapper addon-root-text-block\"><div id=\"sppb-addon-a4b2a294-71d9-4a51-886b-8fc6c381f920\" class=\"clearfix \"><div class=\"sppb-addon sppb-addon-text-block \"><pre class=\"sppb-addon-content\">Introduction<\/pre><\/div><\/div><\/div><div id=\"sppb-addon-wrapper-1618985142044\" class=\"sppb-addon-wrapper addon-root-uiheading\"><div id=\"sppb-addon-1618985142044\" class=\"clearfix \"><pre class=\"tm-title uk-h1 uk-text-emphasis uk-text-center\">Nous sommes<\/pre><p>DTO, Declared Training Organisation, Organisme de formation d\u00e9clar\u00e9.<br \/>Nous d\u00e9clarons \u00e0 notre autorit\u00e9 les deux activit\u00e9s de formation :<br \/>Formation au th\u00e9orique LAPL \/PPL en pr\u00e9sentiel ou en E-learning, <br \/>Formation vol au LAPL et au PPL.<br \/>vous trouverez ci-desous les 7 textes qui stipulent nos droits et nos obligations :<\/p><\/div><\/div>\t\t\t\t\t\t\t\t<\/div>\n\t\t\t\t<\/div>\n\t\t\t\t\t<\/div>\n\t\t\t\t<\/div>\n\t\t<div class=\"elementor-element elementor-element-aea51eb e-flex e-con-boxed e-con e-parent\" data-id=\"aea51eb\" data-element_type=\"container\" data-e-type=\"container\">\n\t\t\t\t\t<div class=\"e-con-inner\">\n\t\t\t\t<div class=\"elementor-element elementor-element-8d00108 e-n-tabs-mobile elementor-widget elementor-widget-n-tabs\" data-id=\"8d00108\" data-element_type=\"widget\" data-e-type=\"widget\" data-settings=\"{&quot;horizontal_scroll&quot;:&quot;disable&quot;}\" data-widget_type=\"nested-tabs.default\">\n\t\t\t\t<div class=\"elementor-widget-container\">\n\t\t\t\t\t\t\t<div class=\"e-n-tabs\" data-widget-number=\"147849480\" aria-label=\"Onglets. Ouvrez des \u00e9l\u00e9ments avec Entrer ou Espace, fermez-les avec Echape et naviguez \u00e0 l&#039;aide des touches fl\u00e9ch\u00e9es.\">\n\t\t\t<div class=\"e-n-tabs-heading\" role=\"tablist\">\n\t\t\t\t\t<button id=\"e-n-tab-title-1478494801\" data-tab-title-id=\"e-n-tab-title-1478494801\" class=\"e-n-tab-title\" aria-selected=\"true\" data-tab-index=\"1\" role=\"tab\" tabindex=\"0\" aria-controls=\"e-n-tab-content-1478494801\" style=\"--n-tabs-title-order: 1;\">\n\t\t\t\t\t\t<span class=\"e-n-tab-title-text\">\n\t\t\t\tProgramme de Formation Pratique au LAPL(A)\t\t\t<\/span>\n\t\t<\/button>\n\t\t\t\t<button id=\"e-n-tab-title-1478494802\" data-tab-title-id=\"e-n-tab-title-1478494802\" class=\"e-n-tab-title\" aria-selected=\"false\" data-tab-index=\"2\" role=\"tab\" tabindex=\"-1\" aria-controls=\"e-n-tab-content-1478494802\" style=\"--n-tabs-title-order: 2;\">\n\t\t\t\t\t\t<span class=\"e-n-tab-title-text\">\n\t\t\t\tProgramme de Formation Pratique au PPL(A)\t\t\t<\/span>\n\t\t<\/button>\n\t\t\t\t<button id=\"e-n-tab-title-1478494803\" data-tab-title-id=\"e-n-tab-title-1478494803\" class=\"e-n-tab-title\" aria-selected=\"false\" data-tab-index=\"3\" role=\"tab\" tabindex=\"-1\" aria-controls=\"e-n-tab-content-1478494803\" style=\"--n-tabs-title-order: 3;\">\n\t\t\t\t\t\t<span class=\"e-n-tab-title-text\">\n\t\t\t\tProgramme de Formation Pratique\t\t\t<\/span>\n\t\t<\/button>\n\t\t\t\t<button id=\"e-n-tab-title-1478494804\" data-tab-title-id=\"e-n-tab-title-1478494804\" class=\"e-n-tab-title\" aria-selected=\"false\" data-tab-index=\"4\" role=\"tab\" tabindex=\"-1\" aria-controls=\"e-n-tab-content-1478494804\" style=\"--n-tabs-title-order: 4;\">\n\t\t\t\t\t\t<span class=\"e-n-tab-title-text\">\n\t\t\t\tAerogligli\t\t\t<\/span>\n\t\t<\/button>\n\t\t\t\t<button id=\"e-n-tab-title-1478494805\" data-tab-title-id=\"e-n-tab-title-1478494805\" class=\"e-n-tab-title\" aria-selected=\"false\" data-tab-index=\"5\" role=\"tab\" tabindex=\"-1\" aria-controls=\"e-n-tab-content-1478494805\" style=\"--n-tabs-title-order: 5;\">\n\t\t\t\t\t\t<span class=\"e-n-tab-title-text\">\n\t\t\t\tLivret de progression LPE3.03 PPL(A)\t\t\t<\/span>\n\t\t<\/button>\n\t\t\t\t<button id=\"e-n-tab-title-1478494806\" data-tab-title-id=\"e-n-tab-title-1478494806\" class=\"e-n-tab-title\" aria-selected=\"false\" data-tab-index=\"6\" role=\"tab\" tabindex=\"-1\" aria-controls=\"e-n-tab-content-1478494806\" style=\"--n-tabs-title-order: 6;\">\n\t\t\t\t\t\t<span class=\"e-n-tab-title-text\">\n\t\t\t\tD\u00e9livrance-Renouvellement-Variantes   de la qualification de classe SEP(T)   avion monopilote ou TMG\t\t\t<\/span>\n\t\t<\/button>\n\t\t\t\t<button id=\"e-n-tab-title-1478494807\" data-tab-title-id=\"e-n-tab-title-1478494807\" class=\"e-n-tab-title\" aria-selected=\"false\" data-tab-index=\"7\" role=\"tab\" tabindex=\"-1\" aria-controls=\"e-n-tab-content-1478494807\" style=\"--n-tabs-title-order: 7;\">\n\t\t\t\t\t\t<span class=\"e-n-tab-title-text\">\n\t\t\t\tProroger ou renouveler sa qualification de classe  SEP ou TMG\t\t\t<\/span>\n\t\t<\/button>\n\t\t\t\t\t<\/div>\n\t\t\t<div class=\"e-n-tabs-content\">\n\t\t\t\t<div id=\"e-n-tab-content-1478494801\" role=\"tabpanel\" aria-labelledby=\"e-n-tab-title-1478494801\" data-tab-index=\"1\" style=\"--n-tabs-title-order: 1;\" class=\"e-active elementor-element elementor-element-f27ce1b e-con-full e-flex e-con e-child\" data-id=\"f27ce1b\" data-element_type=\"container\" data-e-type=\"container\">\n\t\t\t\t<div class=\"elementor-element elementor-element-812b8d9 elementor-widget elementor-widget-wp-widget-text\" data-id=\"812b8d9\" data-element_type=\"widget\" data-e-type=\"widget\" data-widget_type=\"wp-widget-text.default\">\n\t\t\t\t<div class=\"elementor-widget-container\">\n\t\t\t\t\t\t\t\t<div class=\"textwidget\"><p>&nbsp;<\/p>\n<p>cliquer sur le lien ci-dessous :<\/p>\n<p><a href=\"https:\/\/ac-quercy.fr\/wp-content\/uploads\/2026\/03\/DTO_01_2021-04-FFA_PFV_LAPLA-Ed2-Amd1.pdf\">DTO_01_2021-04-FFA_PFV_LAPL(A)-Ed2-Amd1<\/a><\/p>\n<\/div>\n\t\t\t\t\t\t<\/div>\n\t\t\t\t<\/div>\n\t\t\t\t<\/div>\n\t\t<div id=\"e-n-tab-content-1478494802\" role=\"tabpanel\" aria-labelledby=\"e-n-tab-title-1478494802\" data-tab-index=\"2\" style=\"--n-tabs-title-order: 2;\" class=\" elementor-element elementor-element-1197725 e-con-full e-flex e-con e-child\" data-id=\"1197725\" data-element_type=\"container\" data-e-type=\"container\">\n\t\t\t\t<div class=\"elementor-element elementor-element-40a8937 elementor-widget elementor-widget-wp-widget-text\" data-id=\"40a8937\" data-element_type=\"widget\" data-e-type=\"widget\" data-widget_type=\"wp-widget-text.default\">\n\t\t\t\t<div class=\"elementor-widget-container\">\n\t\t\t\t\t\t\t\t<div class=\"textwidget\"><p>cliquer sur le lien ci-dessous :<\/p>\n<p><a href=\"https:\/\/ac-quercy.fr\/wp-content\/uploads\/2026\/03\/DTO_02_2021-04-FFA_PFV_PPLA-Ed2-Amd1.pdf\">DTO_02_2021-04-FFA_PFV_PPL(A)-Ed2-Amd1<\/a><\/p>\n<\/div>\n\t\t\t\t\t\t<\/div>\n\t\t\t\t<\/div>\n\t\t\t\t<\/div>\n\t\t<div id=\"e-n-tab-content-1478494803\" role=\"tabpanel\" aria-labelledby=\"e-n-tab-title-1478494803\" data-tab-index=\"3\" style=\"--n-tabs-title-order: 3;\" class=\" elementor-element elementor-element-8fc408e e-con-full e-flex e-con e-child\" data-id=\"8fc408e\" data-element_type=\"container\" data-e-type=\"container\">\n\t\t\t\t<div class=\"elementor-element elementor-element-f08751a elementor-widget elementor-widget-wp-widget-text\" data-id=\"f08751a\" data-element_type=\"widget\" data-e-type=\"widget\" data-widget_type=\"wp-widget-text.default\">\n\t\t\t\t<div class=\"elementor-widget-container\">\n\t\t\t\t\t\t\t\t<div class=\"textwidget\"><p>cliquer sur le lien ci-dessous :<\/p>\n<p><a href=\"https:\/\/ac-quercy.fr\/wp-content\/uploads\/2026\/03\/DTO_03_2022-06-FFA-PFV-QC-SEP-ou-TMG-Ed1.pdf\">DTO_03_2022-06-FFA-PFV QC SEP ou TMG Ed1<\/a><\/p>\n<\/div>\n\t\t\t\t\t\t<\/div>\n\t\t\t\t<\/div>\n\t\t\t\t<\/div>\n\t\t<div id=\"e-n-tab-content-1478494804\" role=\"tabpanel\" aria-labelledby=\"e-n-tab-title-1478494804\" data-tab-index=\"4\" style=\"--n-tabs-title-order: 4;\" class=\" elementor-element elementor-element-3f0ce3c e-flex e-con-boxed e-con e-child\" data-id=\"3f0ce3c\" data-element_type=\"container\" data-e-type=\"container\">\n\t\t\t\t\t<div class=\"e-con-inner\">\n\t\t\t\t<div class=\"elementor-element elementor-element-75c5ec5 elementor-widget elementor-widget-wp-widget-text\" data-id=\"75c5ec5\" data-element_type=\"widget\" data-e-type=\"widget\" data-widget_type=\"wp-widget-text.default\">\n\t\t\t\t<div class=\"elementor-widget-container\">\n\t\t\t\t\t\t\t\t<div class=\"textwidget\"><p>cliquer sur le lien ci-dessous :<\/p>\n<p><a href=\"https:\/\/ac-quercy.fr\/wp-content\/uploads\/2026\/03\/DTO_04_Aerogligli-Manuel_de_formation_theorique_e-learning_DTO.pdf\">DTO_04_Aerogligli-Manuel_de_formation_theorique_e-learning_DTO<\/a><\/p>\n<\/div>\n\t\t\t\t\t\t<\/div>\n\t\t\t\t<\/div>\n\t\t\t\t\t<\/div>\n\t\t\t\t<\/div>\n\t\t<div id=\"e-n-tab-content-1478494805\" role=\"tabpanel\" aria-labelledby=\"e-n-tab-title-1478494805\" data-tab-index=\"5\" style=\"--n-tabs-title-order: 5;\" class=\" elementor-element elementor-element-5f6a089 e-flex e-con-boxed e-con e-child\" data-id=\"5f6a089\" data-element_type=\"container\" data-e-type=\"container\">\n\t\t\t\t\t<div class=\"e-con-inner\">\n\t\t\t\t<div class=\"elementor-element elementor-element-65f8a38 elementor-widget elementor-widget-wp-widget-text\" data-id=\"65f8a38\" data-element_type=\"widget\" data-e-type=\"widget\" data-widget_type=\"wp-widget-text.default\">\n\t\t\t\t<div class=\"elementor-widget-container\">\n\t\t\t\t\t\t\t\t<div class=\"textwidget\"><p>cliquer sur le lien ci-dessous :<\/p>\n<p><a href=\"https:\/\/ac-quercy.fr\/wp-content\/uploads\/2026\/03\/DTO_05_Programme-de-formation-pratique-au-PPLA-Livret-de-progression-LPE3.03-PPLA.pdf\">DTO_05_Programme de formation pratique au PPL(A) Livret de progression LPE3.03 PPL(A)<\/a><\/p>\n<\/div>\n\t\t\t\t\t\t<\/div>\n\t\t\t\t<\/div>\n\t\t\t\t\t<\/div>\n\t\t\t\t<\/div>\n\t\t<div id=\"e-n-tab-content-1478494806\" role=\"tabpanel\" aria-labelledby=\"e-n-tab-title-1478494806\" data-tab-index=\"6\" style=\"--n-tabs-title-order: 6;\" class=\" elementor-element elementor-element-81578da e-flex e-con-boxed e-con e-child\" data-id=\"81578da\" data-element_type=\"container\" data-e-type=\"container\">\n\t\t\t\t\t<div class=\"e-con-inner\">\n\t\t\t\t<div class=\"elementor-element elementor-element-2fa80f8 elementor-widget elementor-widget-wp-widget-text\" data-id=\"2fa80f8\" data-element_type=\"widget\" data-e-type=\"widget\" data-widget_type=\"wp-widget-text.default\">\n\t\t\t\t<div class=\"elementor-widget-container\">\n\t\t\t\t\t\t\t\t<div class=\"textwidget\"><p>cliquer sur le lien ci-dessous :<\/p>\n<p><a href=\"https:\/\/ac-quercy.fr\/wp-content\/uploads\/2026\/03\/DTO_06_Programme-formation-FFA-SEP-.pdf\">DTO_06_Programme formation FFA-SEP-<\/a><\/p>\n<\/div>\n\t\t\t\t\t\t<\/div>\n\t\t\t\t<\/div>\n\t\t\t\t\t<\/div>\n\t\t\t\t<\/div>\n\t\t<div id=\"e-n-tab-content-1478494807\" role=\"tabpanel\" aria-labelledby=\"e-n-tab-title-1478494807\" data-tab-index=\"7\" style=\"--n-tabs-title-order: 7;\" class=\" elementor-element elementor-element-fcb079c e-flex e-con-boxed e-con e-child\" data-id=\"fcb079c\" data-element_type=\"container\" data-e-type=\"container\">\n\t\t\t\t\t<div class=\"e-con-inner\">\n\t\t\t\t<div class=\"elementor-element elementor-element-d833947 elementor-widget elementor-widget-wp-widget-text\" data-id=\"d833947\" data-element_type=\"widget\" data-e-type=\"widget\" data-widget_type=\"wp-widget-text.default\">\n\t\t\t\t<div class=\"elementor-widget-container\">\n\t\t\t\t\t\t\t\t<div class=\"textwidget\"><p>cliquer sur le lien ci-dessous :<\/p>\n<p><a href=\"https:\/\/ac-quercy.fr\/wp-content\/uploads\/2026\/03\/DTO_07_Programme-renouvel-SEP-instruc.pdf\">DTO_07_Programme renouvel SEP-instruc<\/a><\/p>\n<\/div>\n\t\t\t\t\t\t<\/div>\n\t\t\t\t<\/div>\n\t\t\t\t\t<\/div>\n\t\t\t\t<\/div>\n\t\t\t\t\t<\/div>\n\t\t<\/div>\n\t\t\t\t\t\t<\/div>\n\t\t\t\t<\/div>\n\t\t\t\t\t<\/div>\n\t\t\t\t<\/div>\n\t\t\t\t<\/div>\n\t\t","protected":false},"excerpt":{"rendered":"<p>Organisme d\u00e9clar\u00e9 de formation ou DTO Introduction Nous sommes DTO, Declared Training Organisation, Organisme de formation d\u00e9clar\u00e9.Nous d\u00e9clarons \u00e0 notre autorit\u00e9 les deux activit\u00e9s de formation :Formation au th\u00e9orique LAPL \/PPL en pr\u00e9sentiel ou en E-learning, Formation vol au LAPL et au PPL.vous trouverez ci-desous les 7 textes qui stipulent [&hellip;]<\/p>\n","protected":false},"author":1,"featured_media":0,"parent":0,"menu_order":0,"comment_status":"closed","ping_status":"closed","template":"","meta":{"_mc_calendar":[],"footnotes":""},"class_list":["post-3440","page","type-page","status-publish","hentry"],"yoast_head":"<!-- This site is optimized with the Yoast SEO plugin v26.9 - https:\/\/yoast.com\/product\/yoast-seo-wordpress\/ -->\n<title>Organisme D\u00e9clar\u00e9 de formation DTO - Aeroclub du Quercy<\/title>\n<meta name=\"robots\" content=\"index, follow, max-snippet:-1, max-image-preview:large, max-video-preview:-1\" \/>\n<link rel=\"canonical\" href=\"https:\/\/ac-quercy.fr\/fr_fr\/dto\/\" \/>\n<meta property=\"og:locale\" content=\"fr_FR\" \/>\n<meta property=\"og:type\" content=\"article\" \/>\n<meta property=\"og:title\" content=\"Organisme D\u00e9clar\u00e9 de formation DTO - Aeroclub du Quercy\" \/>\n<meta property=\"og:description\" content=\"Organisme d\u00e9clar\u00e9 de formation ou DTO Introduction Nous sommes DTO, Declared Training Organisation, Organisme de formation d\u00e9clar\u00e9.Nous d\u00e9clarons \u00e0 notre autorit\u00e9 les deux activit\u00e9s de formation :Formation au th\u00e9orique LAPL \/PPL en pr\u00e9sentiel ou en E-learning, Formation vol au LAPL et au PPL.vous trouverez ci-desous les 7 textes qui stipulent [&hellip;]\" \/>\n<meta property=\"og:url\" content=\"https:\/\/ac-quercy.fr\/fr_fr\/dto\/\" \/>\n<meta property=\"og:site_name\" content=\"Aeroclub du Quercy\" \/>\n<meta property=\"article:modified_time\" content=\"2026-03-04T05:45:10+00:00\" \/>\n<meta name=\"twitter:label1\" content=\"Dur\u00e9e de lecture estim\u00e9e\" \/>\n\t<meta name=\"twitter:data1\" content=\"2 minutes\" \/>\n<script type=\"application\/ld+json\" class=\"yoast-schema-graph\">{\"@context\":\"https:\/\/schema.org\",\"@graph\":[{\"@type\":\"WebPage\",\"@id\":\"https:\/\/ac-quercy.fr\/fr_fr\/dto\/\",\"url\":\"https:\/\/ac-quercy.fr\/fr_fr\/dto\/\",\"name\":\"Organisme D\u00e9clar\u00e9 de formation DTO - Aeroclub du Quercy\",\"isPartOf\":{\"@id\":\"https:\/\/ac-quercy.fr\/#website\"},\"datePublished\":\"2026-03-03T18:25:19+00:00\",\"dateModified\":\"2026-03-04T05:45:10+00:00\",\"inLanguage\":\"fr-FR\",\"potentialAction\":[{\"@type\":\"ReadAction\",\"target\":[\"https:\/\/ac-quercy.fr\/fr_fr\/dto\/\"]}]},{\"@type\":\"WebSite\",\"@id\":\"https:\/\/ac-quercy.fr\/#website\",\"url\":\"https:\/\/ac-quercy.fr\/\",\"name\":\"A\u00e9roclub du Quercy\",\"description\":\"Aviation G\u00e9n\u00e9rale Ecole de pilotage\",\"publisher\":{\"@id\":\"https:\/\/ac-quercy.fr\/#organization\"},\"potentialAction\":[{\"@type\":\"SearchAction\",\"target\":{\"@type\":\"EntryPoint\",\"urlTemplate\":\"https:\/\/ac-quercy.fr\/?s={search_term_string}\"},\"query-input\":{\"@type\":\"PropertyValueSpecification\",\"valueRequired\":true,\"valueName\":\"search_term_string\"}}],\"inLanguage\":\"fr-FR\"},{\"@type\":\"Organization\",\"@id\":\"https:\/\/ac-quercy.fr\/#organization\",\"name\":\"A\u00e9roclub du Quercy\",\"url\":\"https:\/\/ac-quercy.fr\/\",\"logo\":{\"@type\":\"ImageObject\",\"inLanguage\":\"fr-FR\",\"@id\":\"https:\/\/ac-quercy.fr\/#\/schema\/logo\/image\/\",\"url\":\"https:\/\/ac-quercy.fr\/wp-content\/uploads\/2022\/05\/cropped-LogoACQ-scaled-1.jpg\",\"contentUrl\":\"https:\/\/ac-quercy.fr\/wp-content\/uploads\/2022\/05\/cropped-LogoACQ-scaled-1.jpg\",\"width\":512,\"height\":512,\"caption\":\"A\u00e9roclub du Quercy\"},\"image\":{\"@id\":\"https:\/\/ac-quercy.fr\/#\/schema\/logo\/image\/\"}}]}<\/script>\n<!-- \/ Yoast SEO plugin. -->","yoast_head_json":{"title":"Organisme D\u00e9clar\u00e9 de formation DTO - Aeroclub du Quercy","robots":{"index":"index","follow":"follow","max-snippet":"max-snippet:-1","max-image-preview":"max-image-preview:large","max-video-preview":"max-video-preview:-1"},"canonical":"https:\/\/ac-quercy.fr\/fr_fr\/dto\/","og_locale":"fr_FR","og_type":"article","og_title":"Organisme D\u00e9clar\u00e9 de formation DTO - Aeroclub du Quercy","og_description":"Organisme d\u00e9clar\u00e9 de formation ou DTO Introduction Nous sommes DTO, Declared Training Organisation, Organisme de formation d\u00e9clar\u00e9.Nous d\u00e9clarons \u00e0 notre autorit\u00e9 les deux activit\u00e9s de formation :Formation au th\u00e9orique LAPL \/PPL en pr\u00e9sentiel ou en E-learning, Formation vol au LAPL et au PPL.vous trouverez ci-desous les 7 textes qui stipulent [&hellip;]","og_url":"https:\/\/ac-quercy.fr\/fr_fr\/dto\/","og_site_name":"Aeroclub du Quercy","article_modified_time":"2026-03-04T05:45:10+00:00","twitter_misc":{"Dur\u00e9e de lecture estim\u00e9e":"2 minutes"},"schema":{"@context":"https:\/\/schema.org","@graph":[{"@type":"WebPage","@id":"https:\/\/ac-quercy.fr\/fr_fr\/dto\/","url":"https:\/\/ac-quercy.fr\/fr_fr\/dto\/","name":"Organisme D\u00e9clar\u00e9 de formation DTO - Aeroclub du Quercy","isPartOf":{"@id":"https:\/\/ac-quercy.fr\/#website"},"datePublished":"2026-03-03T18:25:19+00:00","dateModified":"2026-03-04T05:45:10+00:00","inLanguage":"fr-FR","potentialAction":[{"@type":"ReadAction","target":["https:\/\/ac-quercy.fr\/fr_fr\/dto\/"]}]},{"@type":"WebSite","@id":"https:\/\/ac-quercy.fr\/#website","url":"https:\/\/ac-quercy.fr\/","name":"A\u00e9roclub du Quercy","description":"Aviation G\u00e9n\u00e9rale Ecole de pilotage","publisher":{"@id":"https:\/\/ac-quercy.fr\/#organization"},"potentialAction":[{"@type":"SearchAction","target":{"@type":"EntryPoint","urlTemplate":"https:\/\/ac-quercy.fr\/?s={search_term_string}"},"query-input":{"@type":"PropertyValueSpecification","valueRequired":true,"valueName":"search_term_string"}}],"inLanguage":"fr-FR"},{"@type":"Organization","@id":"https:\/\/ac-quercy.fr\/#organization","name":"A\u00e9roclub du Quercy","url":"https:\/\/ac-quercy.fr\/","logo":{"@type":"ImageObject","inLanguage":"fr-FR","@id":"https:\/\/ac-quercy.fr\/#\/schema\/logo\/image\/","url":"https:\/\/ac-quercy.fr\/wp-content\/uploads\/2022\/05\/cropped-LogoACQ-scaled-1.jpg","contentUrl":"https:\/\/ac-quercy.fr\/wp-content\/uploads\/2022\/05\/cropped-LogoACQ-scaled-1.jpg","width":512,"height":512,"caption":"A\u00e9roclub du Quercy"},"image":{"@id":"https:\/\/ac-quercy.fr\/#\/schema\/logo\/image\/"}}]}},"publishpress_future_action":{"enabled":false,"date":"2026-04-21 12:22:23","action":"change-status","newStatus":"draft","terms":[],"taxonomy":"","extraData":[]},"publishpress_future_workflow_manual_trigger":{"enabledWorkflows":[]},"_links":{"self":[{"href":"https:\/\/ac-quercy.fr\/fr_fr\/wp-json\/wp\/v2\/pages\/3440","targetHints":{"allow":["GET"]}}],"collection":[{"href":"https:\/\/ac-quercy.fr\/fr_fr\/wp-json\/wp\/v2\/pages"}],"about":[{"href":"https:\/\/ac-quercy.fr\/fr_fr\/wp-json\/wp\/v2\/types\/page"}],"author":[{"embeddable":true,"href":"https:\/\/ac-quercy.fr\/fr_fr\/wp-json\/wp\/v2\/users\/1"}],"replies":[{"embeddable":true,"href":"https:\/\/ac-quercy.fr\/fr_fr\/wp-json\/wp\/v2\/comments?post=3440"}],"version-history":[{"count":37,"href":"https:\/\/ac-quercy.fr\/fr_fr\/wp-json\/wp\/v2\/pages\/3440\/revisions"}],"predecessor-version":[{"id":3479,"href":"https:\/\/ac-quercy.fr\/fr_fr\/wp-json\/wp\/v2\/pages\/3440\/revisions\/3479"}],"wp:attachment":[{"href":"https:\/\/ac-quercy.fr\/fr_fr\/wp-json\/wp\/v2\/media?parent=3440"}],"curies":[{"name":"wp","href":"https:\/\/api.w.org\/{rel}","templated":true}]}}