{"id":3405,"date":"2026-02-18T09:10:11","date_gmt":"2026-02-18T08:10:11","guid":{"rendered":"https:\/\/ac-quercy.fr\/?page_id=3405"},"modified":"2026-02-27T08:08:43","modified_gmt":"2026-02-27T07:08:43","slug":"le-portail-securite-aviation-legere","status":"publish","type":"page","link":"https:\/\/ac-quercy.fr\/fr_fr\/le-portail-securite-aviation-legere\/","title":{"rendered":"Le portail s\u00e9curit\u00e9 de l&rsquo;aviation l\u00e9g\u00e8re"},"content":{"rendered":"\t\t<div data-elementor-type=\"wp-page\" data-elementor-id=\"3405\" class=\"elementor elementor-3405\">\n\t\t\t\t<div class=\"elementor-element elementor-element-4d50002 e-flex e-con-boxed e-con e-parent\" data-id=\"4d50002\" data-element_type=\"container\" data-e-type=\"container\">\n\t\t\t\t\t<div class=\"e-con-inner\">\n\t\t\t\t<div class=\"elementor-element elementor-element-58527d8 elementor-widget elementor-widget-heading\" data-id=\"58527d8\" data-element_type=\"widget\" data-e-type=\"widget\" data-widget_type=\"heading.default\">\n\t\t\t\t<div class=\"elementor-widget-container\">\n\t\t\t\t\t<h2 class=\"elementor-heading-title elementor-size-default\"><a href=\"https:\/\/www.securitedesvols.aero\/\">Le portail s\u00e9curit\u00e9 de l'aviation l\u00e9g\u00e8re<\/a><\/h2>\t\t\t\t<\/div>\n\t\t\t\t<\/div>\n\t\t\t\t\t<\/div>\n\t\t\t\t<\/div>\n\t\t<div class=\"elementor-element elementor-element-18bd470 e-flex e-con-boxed e-con e-parent\" data-id=\"18bd470\" data-element_type=\"container\" data-e-type=\"container\">\n\t\t\t\t\t<div class=\"e-con-inner\">\n\t\t\t\t<div class=\"elementor-element elementor-element-85a88b1 elementor-widget elementor-widget-text-editor\" data-id=\"85a88b1\" data-element_type=\"widget\" data-e-type=\"widget\" data-widget_type=\"text-editor.default\">\n\t\t\t\t<div class=\"elementor-widget-container\">\n\t\t\t\t\t\t\t\t\t<div id=\"sppb-addon-wrapper-a4b2a294-71d9-4a51-886b-8fc6c381f920\" class=\"sppb-addon-wrapper addon-root-text-block\"><div id=\"sppb-addon-a4b2a294-71d9-4a51-886b-8fc6c381f920\" class=\"clearfix \"><div class=\"sppb-addon sppb-addon-text-block \"><div class=\"sppb-addon-content\"><p class=\"pretitle\">Introduction<\/p><\/div><\/div><\/div><\/div><div id=\"sppb-addon-wrapper-1618985142044\" class=\"sppb-addon-wrapper addon-root-uiheading\"><div id=\"sppb-addon-1618985142044\" class=\"clearfix \"><h1 class=\"tm-title uk-h1 uk-text-emphasis uk-text-center\">Promotion de la s\u00e9curit\u00e9<\/h1><\/div><\/div><div id=\"sppb-addon-wrapper-1618905631445\" class=\"sppb-addon-wrapper addon-root-uitext\"><div id=\"sppb-addon-1618905631445\" class=\"clearfix \"><div class=\"ui-text uk-margin-large uk-width-2xlarge uk-margin-auto uk-text-center\"><div class=\"tm-content uk-text-small\"><p><span>L&rsquo;information de tous les pilotes sur les risques de leurs activit\u00e9s a\u00e9riennes, et sur la fa\u00e7on de les g\u00e9rer, est n\u00e9cessaire \u00e0 la pr\u00e9vention des accidents.<\/span><br \/><span>Les productions du portail s\u00e9curit\u00e9 s&rsquo;appuient sur la notification des \u00e9v\u00e9nements de s\u00e9curit\u00e9, sur les rapports d&rsquo;enqu\u00eates et les \u00e9tudes de s\u00e9curit\u00e9 du BEA, d\u00e9clin\u00e9s en informations et en actions de formation et de maintien des comp\u00e9tences, par des instructeurs de l&rsquo;Aviation L\u00e9g\u00e8re.<\/span><\/p><p><a href=\"https:\/\/www.securitedesvols.aero\/\">Nous vous invitons \u00e0 visiter le site Le portail s\u00e9curit\u00e9 de l&rsquo;aviation l\u00e9g\u00e8re<\/a><\/p><p><a href=\"https:\/\/www.securitedesvols.aero\/\">en cliquant le lien actuel.<\/a><\/p><\/div><\/div><\/div><\/div>\t\t\t\t\t\t\t\t<\/div>\n\t\t\t\t<\/div>\n\t\t\t\t\t<\/div>\n\t\t\t\t<\/div>\n\t\t\t\t<\/div>\n\t\t","protected":false},"excerpt":{"rendered":"<p>Le portail s\u00e9curit\u00e9 de l&rsquo;aviation l\u00e9g\u00e8re Introduction Promotion de la s\u00e9curit\u00e9 L&rsquo;information de tous les pilotes sur les risques de leurs activit\u00e9s a\u00e9riennes, et sur la fa\u00e7on de les g\u00e9rer, est n\u00e9cessaire \u00e0 la pr\u00e9vention des accidents.Les productions du portail s\u00e9curit\u00e9 s&rsquo;appuient sur la notification des \u00e9v\u00e9nements de s\u00e9curit\u00e9, sur [&hellip;]<\/p>\n","protected":false},"author":1,"featured_media":0,"parent":0,"menu_order":0,"comment_status":"closed","ping_status":"closed","template":"","meta":{"_mc_calendar":[],"footnotes":""},"class_list":["post-3405","page","type-page","status-publish","hentry"],"yoast_head":"<!-- This site is optimized with the Yoast SEO plugin v26.9 - https:\/\/yoast.com\/product\/yoast-seo-wordpress\/ -->\n<title>Le portail s\u00e9curit\u00e9 de l&#039;aviation l\u00e9g\u00e8re - Aeroclub du Quercy<\/title>\n<meta name=\"robots\" content=\"index, follow, max-snippet:-1, max-image-preview:large, max-video-preview:-1\" \/>\n<link rel=\"canonical\" href=\"https:\/\/ac-quercy.fr\/fr_fr\/le-portail-securite-aviation-legere\/\" \/>\n<meta property=\"og:locale\" content=\"fr_FR\" \/>\n<meta property=\"og:type\" content=\"article\" \/>\n<meta property=\"og:title\" content=\"Le portail s\u00e9curit\u00e9 de l&#039;aviation l\u00e9g\u00e8re - Aeroclub du Quercy\" \/>\n<meta property=\"og:description\" content=\"Le portail s\u00e9curit\u00e9 de l&rsquo;aviation l\u00e9g\u00e8re Introduction Promotion de la s\u00e9curit\u00e9 L&rsquo;information de tous les pilotes sur les risques de leurs activit\u00e9s a\u00e9riennes, et sur la fa\u00e7on de les g\u00e9rer, est n\u00e9cessaire \u00e0 la pr\u00e9vention des accidents.Les productions du portail s\u00e9curit\u00e9 s&rsquo;appuient sur la notification des \u00e9v\u00e9nements de s\u00e9curit\u00e9, sur [&hellip;]\" \/>\n<meta property=\"og:url\" content=\"https:\/\/ac-quercy.fr\/fr_fr\/le-portail-securite-aviation-legere\/\" \/>\n<meta property=\"og:site_name\" content=\"Aeroclub du Quercy\" \/>\n<meta property=\"article:modified_time\" content=\"2026-02-27T07:08:43+00:00\" \/>\n<meta name=\"twitter:label1\" content=\"Dur\u00e9e de lecture estim\u00e9e\" \/>\n\t<meta name=\"twitter:data1\" content=\"1 minute\" \/>\n<script type=\"application\/ld+json\" class=\"yoast-schema-graph\">{\"@context\":\"https:\/\/schema.org\",\"@graph\":[{\"@type\":\"WebPage\",\"@id\":\"https:\/\/ac-quercy.fr\/le-portail-securite-aviation-legere\/\",\"url\":\"https:\/\/ac-quercy.fr\/le-portail-securite-aviation-legere\/\",\"name\":\"Le portail s\u00e9curit\u00e9 de l'aviation l\u00e9g\u00e8re - Aeroclub du Quercy\",\"isPartOf\":{\"@id\":\"https:\/\/ac-quercy.fr\/#website\"},\"datePublished\":\"2026-02-18T08:10:11+00:00\",\"dateModified\":\"2026-02-27T07:08:43+00:00\",\"inLanguage\":\"fr-FR\",\"potentialAction\":[{\"@type\":\"ReadAction\",\"target\":[\"https:\/\/ac-quercy.fr\/le-portail-securite-aviation-legere\/\"]}]},{\"@type\":\"WebSite\",\"@id\":\"https:\/\/ac-quercy.fr\/#website\",\"url\":\"https:\/\/ac-quercy.fr\/\",\"name\":\"A\u00e9roclub du Quercy\",\"description\":\"Aviation G\u00e9n\u00e9rale Ecole de pilotage\",\"publisher\":{\"@id\":\"https:\/\/ac-quercy.fr\/#organization\"},\"potentialAction\":[{\"@type\":\"SearchAction\",\"target\":{\"@type\":\"EntryPoint\",\"urlTemplate\":\"https:\/\/ac-quercy.fr\/?s={search_term_string}\"},\"query-input\":{\"@type\":\"PropertyValueSpecification\",\"valueRequired\":true,\"valueName\":\"search_term_string\"}}],\"inLanguage\":\"fr-FR\"},{\"@type\":\"Organization\",\"@id\":\"https:\/\/ac-quercy.fr\/#organization\",\"name\":\"A\u00e9roclub du Quercy\",\"url\":\"https:\/\/ac-quercy.fr\/\",\"logo\":{\"@type\":\"ImageObject\",\"inLanguage\":\"fr-FR\",\"@id\":\"https:\/\/ac-quercy.fr\/#\/schema\/logo\/image\/\",\"url\":\"https:\/\/ac-quercy.fr\/wp-content\/uploads\/2022\/05\/cropped-LogoACQ-scaled-1.jpg\",\"contentUrl\":\"https:\/\/ac-quercy.fr\/wp-content\/uploads\/2022\/05\/cropped-LogoACQ-scaled-1.jpg\",\"width\":512,\"height\":512,\"caption\":\"A\u00e9roclub du Quercy\"},\"image\":{\"@id\":\"https:\/\/ac-quercy.fr\/#\/schema\/logo\/image\/\"}}]}<\/script>\n<!-- \/ Yoast SEO plugin. -->","yoast_head_json":{"title":"Le portail s\u00e9curit\u00e9 de l'aviation l\u00e9g\u00e8re - Aeroclub du Quercy","robots":{"index":"index","follow":"follow","max-snippet":"max-snippet:-1","max-image-preview":"max-image-preview:large","max-video-preview":"max-video-preview:-1"},"canonical":"https:\/\/ac-quercy.fr\/fr_fr\/le-portail-securite-aviation-legere\/","og_locale":"fr_FR","og_type":"article","og_title":"Le portail s\u00e9curit\u00e9 de l'aviation l\u00e9g\u00e8re - Aeroclub du Quercy","og_description":"Le portail s\u00e9curit\u00e9 de l&rsquo;aviation l\u00e9g\u00e8re Introduction Promotion de la s\u00e9curit\u00e9 L&rsquo;information de tous les pilotes sur les risques de leurs activit\u00e9s a\u00e9riennes, et sur la fa\u00e7on de les g\u00e9rer, est n\u00e9cessaire \u00e0 la pr\u00e9vention des accidents.Les productions du portail s\u00e9curit\u00e9 s&rsquo;appuient sur la notification des \u00e9v\u00e9nements de s\u00e9curit\u00e9, sur [&hellip;]","og_url":"https:\/\/ac-quercy.fr\/fr_fr\/le-portail-securite-aviation-legere\/","og_site_name":"Aeroclub du Quercy","article_modified_time":"2026-02-27T07:08:43+00:00","twitter_misc":{"Dur\u00e9e de lecture estim\u00e9e":"1 minute"},"schema":{"@context":"https:\/\/schema.org","@graph":[{"@type":"WebPage","@id":"https:\/\/ac-quercy.fr\/le-portail-securite-aviation-legere\/","url":"https:\/\/ac-quercy.fr\/le-portail-securite-aviation-legere\/","name":"Le portail s\u00e9curit\u00e9 de l'aviation l\u00e9g\u00e8re - Aeroclub du Quercy","isPartOf":{"@id":"https:\/\/ac-quercy.fr\/#website"},"datePublished":"2026-02-18T08:10:11+00:00","dateModified":"2026-02-27T07:08:43+00:00","inLanguage":"fr-FR","potentialAction":[{"@type":"ReadAction","target":["https:\/\/ac-quercy.fr\/le-portail-securite-aviation-legere\/"]}]},{"@type":"WebSite","@id":"https:\/\/ac-quercy.fr\/#website","url":"https:\/\/ac-quercy.fr\/","name":"A\u00e9roclub du Quercy","description":"Aviation G\u00e9n\u00e9rale Ecole de pilotage","publisher":{"@id":"https:\/\/ac-quercy.fr\/#organization"},"potentialAction":[{"@type":"SearchAction","target":{"@type":"EntryPoint","urlTemplate":"https:\/\/ac-quercy.fr\/?s={search_term_string}"},"query-input":{"@type":"PropertyValueSpecification","valueRequired":true,"valueName":"search_term_string"}}],"inLanguage":"fr-FR"},{"@type":"Organization","@id":"https:\/\/ac-quercy.fr\/#organization","name":"A\u00e9roclub du Quercy","url":"https:\/\/ac-quercy.fr\/","logo":{"@type":"ImageObject","inLanguage":"fr-FR","@id":"https:\/\/ac-quercy.fr\/#\/schema\/logo\/image\/","url":"https:\/\/ac-quercy.fr\/wp-content\/uploads\/2022\/05\/cropped-LogoACQ-scaled-1.jpg","contentUrl":"https:\/\/ac-quercy.fr\/wp-content\/uploads\/2022\/05\/cropped-LogoACQ-scaled-1.jpg","width":512,"height":512,"caption":"A\u00e9roclub du Quercy"},"image":{"@id":"https:\/\/ac-quercy.fr\/#\/schema\/logo\/image\/"}}]}},"publishpress_future_action":{"enabled":false,"date":"2026-04-28 13:31:13","action":"change-status","newStatus":"draft","terms":[],"taxonomy":"","extraData":[]},"publishpress_future_workflow_manual_trigger":{"enabledWorkflows":[]},"_links":{"self":[{"href":"https:\/\/ac-quercy.fr\/fr_fr\/wp-json\/wp\/v2\/pages\/3405","targetHints":{"allow":["GET"]}}],"collection":[{"href":"https:\/\/ac-quercy.fr\/fr_fr\/wp-json\/wp\/v2\/pages"}],"about":[{"href":"https:\/\/ac-quercy.fr\/fr_fr\/wp-json\/wp\/v2\/types\/page"}],"author":[{"embeddable":true,"href":"https:\/\/ac-quercy.fr\/fr_fr\/wp-json\/wp\/v2\/users\/1"}],"replies":[{"embeddable":true,"href":"https:\/\/ac-quercy.fr\/fr_fr\/wp-json\/wp\/v2\/comments?post=3405"}],"version-history":[{"count":23,"href":"https:\/\/ac-quercy.fr\/fr_fr\/wp-json\/wp\/v2\/pages\/3405\/revisions"}],"predecessor-version":[{"id":3432,"href":"https:\/\/ac-quercy.fr\/fr_fr\/wp-json\/wp\/v2\/pages\/3405\/revisions\/3432"}],"wp:attachment":[{"href":"https:\/\/ac-quercy.fr\/fr_fr\/wp-json\/wp\/v2\/media?parent=3405"}],"curies":[{"name":"wp","href":"https:\/\/api.w.org\/{rel}","templated":true}]}}