{"id":3267,"date":"2025-12-03T19:52:40","date_gmt":"2025-12-03T18:52:40","guid":{"rendered":"https:\/\/ac-quercy.fr\/?page_id=3267"},"modified":"2025-12-03T19:58:29","modified_gmt":"2025-12-03T18:58:29","slug":"alimentation-compte-pilote-netairclub-2","status":"publish","type":"page","link":"https:\/\/ac-quercy.fr\/fr_fr\/alimentation-compte-pilote-netairclub-2\/","title":{"rendered":"Alimentation compte pilote netairclub"},"content":{"rendered":"\t\t<div data-elementor-type=\"wp-page\" data-elementor-id=\"3267\" class=\"elementor elementor-3267\">\n\t\t\t\t<div class=\"elementor-element elementor-element-0b420b7 e-flex e-con-boxed e-con e-parent\" data-id=\"0b420b7\" data-element_type=\"container\" data-e-type=\"container\">\n\t\t\t\t\t<div class=\"e-con-inner\">\n\t\t\t\t<div class=\"elementor-element elementor-element-107b755 elementor-widget elementor-widget-text-editor\" data-id=\"107b755\" data-element_type=\"widget\" data-e-type=\"widget\" data-widget_type=\"text-editor.default\">\n\t\t\t\t<div class=\"elementor-widget-container\">\n\t\t\t\t\t\t\t\t\t<p><span style=\"font-size: large;\">Pascal et Alain, vos tr\u00e9soriers, vous informent de quelques soucis entre les compte pilotes et la banque du club qui g\u00e9n\u00e8rent<\/span><\/p><p><span style=\"font-size: large;\">une activit\u00e9 chronophage lors des \u00e9critures comptables.<\/span><\/p>\n<p><span style=\"font-size: large;\">En cons\u00e9quence :<\/span><\/p>\n<p><span style=\"font-size: large;\">Vous devez obligatoirement verser sur le compte CIC du club <b>AVANT<\/b> de cr\u00e9diter votre compte pilote sur Netairclub.<\/span><\/p>\n<p><span style=\"font-size: large;\">Vous devez privil\u00e9gier le virement interbancaire, plus simple et gratuit,&nbsp;<\/span><\/p><p><span style=\"font-size: large;\">le RIB du Club se trouve sur les bureaux des ordinateurs du bureau des vols.&nbsp;<\/span><\/p>\n<p><span style=\"font-size: large;\">Vous pouvez toujours r\u00e9gler par ch\u00e8que bancaire ou vacances, et en esp\u00e8ces.<\/span><\/p>\n<p><span style=\"font-size: large;\">Merci par avance de faciliter ces op\u00e9rations lors de vos renouvellements d&rsquo;adh\u00e9sion que vous pouvez r\u00e9aliser d\u00e8s \u00e0 pr\u00e9sent.<\/span><\/p><p><span style=\"font-size: large;\">Vos Tr\u00e9soriers<\/span><\/p>\t\t\t\t\t\t\t\t<\/div>\n\t\t\t\t<\/div>\n\t\t\t\t\t<\/div>\n\t\t\t\t<\/div>\n\t\t\t\t<\/div>\n\t\t","protected":false},"excerpt":{"rendered":"<p>Pascal et Alain, vos tr\u00e9soriers, vous informent de quelques soucis entre les compte pilotes et la banque du club qui g\u00e9n\u00e8rent une activit\u00e9 chronophage lors des \u00e9critures comptables. En cons\u00e9quence : Vous devez obligatoirement verser sur le compte CIC du club AVANT de cr\u00e9diter votre compte pilote sur Netairclub. Vous [&hellip;]<\/p>\n","protected":false},"author":1,"featured_media":0,"parent":0,"menu_order":0,"comment_status":"closed","ping_status":"closed","template":"page-templates\/template-pagebuilder-full-width.php","meta":{"_mc_calendar":[],"footnotes":""},"class_list":["post-3267","page","type-page","status-publish","hentry"],"yoast_head":"<!-- This site is optimized with the Yoast SEO plugin v26.9 - https:\/\/yoast.com\/product\/yoast-seo-wordpress\/ -->\n<title>Alimentation compte pilote netairclub - Aeroclub du Quercy<\/title>\n<meta name=\"robots\" content=\"index, follow, max-snippet:-1, max-image-preview:large, max-video-preview:-1\" \/>\n<link rel=\"canonical\" href=\"https:\/\/ac-quercy.fr\/fr_fr\/alimentation-compte-pilote-netairclub-2\/\" \/>\n<meta property=\"og:locale\" content=\"fr_FR\" \/>\n<meta property=\"og:type\" content=\"article\" \/>\n<meta property=\"og:title\" content=\"Alimentation compte pilote netairclub - Aeroclub du Quercy\" \/>\n<meta property=\"og:description\" content=\"Pascal et Alain, vos tr\u00e9soriers, vous informent de quelques soucis entre les compte pilotes et la banque du club qui g\u00e9n\u00e8rent une activit\u00e9 chronophage lors des \u00e9critures comptables. En cons\u00e9quence : Vous devez obligatoirement verser sur le compte CIC du club AVANT de cr\u00e9diter votre compte pilote sur Netairclub. Vous [&hellip;]\" \/>\n<meta property=\"og:url\" content=\"https:\/\/ac-quercy.fr\/fr_fr\/alimentation-compte-pilote-netairclub-2\/\" \/>\n<meta property=\"og:site_name\" content=\"Aeroclub du Quercy\" \/>\n<meta property=\"article:modified_time\" content=\"2025-12-03T18:58:29+00:00\" \/>\n<meta name=\"twitter:label1\" content=\"Dur\u00e9e de lecture estim\u00e9e\" \/>\n\t<meta name=\"twitter:data1\" content=\"1 minute\" \/>\n<script type=\"application\/ld+json\" class=\"yoast-schema-graph\">{\"@context\":\"https:\/\/schema.org\",\"@graph\":[{\"@type\":\"WebPage\",\"@id\":\"https:\/\/ac-quercy.fr\/alimentation-compte-pilote-netairclub-2\/\",\"url\":\"https:\/\/ac-quercy.fr\/alimentation-compte-pilote-netairclub-2\/\",\"name\":\"Alimentation compte pilote netairclub - Aeroclub du Quercy\",\"isPartOf\":{\"@id\":\"https:\/\/ac-quercy.fr\/#website\"},\"datePublished\":\"2025-12-03T18:52:40+00:00\",\"dateModified\":\"2025-12-03T18:58:29+00:00\",\"inLanguage\":\"fr-FR\",\"potentialAction\":[{\"@type\":\"ReadAction\",\"target\":[\"https:\/\/ac-quercy.fr\/alimentation-compte-pilote-netairclub-2\/\"]}]},{\"@type\":\"WebSite\",\"@id\":\"https:\/\/ac-quercy.fr\/#website\",\"url\":\"https:\/\/ac-quercy.fr\/\",\"name\":\"A\u00e9roclub du Quercy\",\"description\":\"Aviation G\u00e9n\u00e9rale Ecole de pilotage\",\"publisher\":{\"@id\":\"https:\/\/ac-quercy.fr\/#organization\"},\"potentialAction\":[{\"@type\":\"SearchAction\",\"target\":{\"@type\":\"EntryPoint\",\"urlTemplate\":\"https:\/\/ac-quercy.fr\/?s={search_term_string}\"},\"query-input\":{\"@type\":\"PropertyValueSpecification\",\"valueRequired\":true,\"valueName\":\"search_term_string\"}}],\"inLanguage\":\"fr-FR\"},{\"@type\":\"Organization\",\"@id\":\"https:\/\/ac-quercy.fr\/#organization\",\"name\":\"A\u00e9roclub du Quercy\",\"url\":\"https:\/\/ac-quercy.fr\/\",\"logo\":{\"@type\":\"ImageObject\",\"inLanguage\":\"fr-FR\",\"@id\":\"https:\/\/ac-quercy.fr\/#\/schema\/logo\/image\/\",\"url\":\"https:\/\/ac-quercy.fr\/wp-content\/uploads\/2022\/05\/cropped-LogoACQ-scaled-1.jpg\",\"contentUrl\":\"https:\/\/ac-quercy.fr\/wp-content\/uploads\/2022\/05\/cropped-LogoACQ-scaled-1.jpg\",\"width\":512,\"height\":512,\"caption\":\"A\u00e9roclub du Quercy\"},\"image\":{\"@id\":\"https:\/\/ac-quercy.fr\/#\/schema\/logo\/image\/\"}}]}<\/script>\n<!-- \/ Yoast SEO plugin. -->","yoast_head_json":{"title":"Alimentation compte pilote netairclub - Aeroclub du Quercy","robots":{"index":"index","follow":"follow","max-snippet":"max-snippet:-1","max-image-preview":"max-image-preview:large","max-video-preview":"max-video-preview:-1"},"canonical":"https:\/\/ac-quercy.fr\/fr_fr\/alimentation-compte-pilote-netairclub-2\/","og_locale":"fr_FR","og_type":"article","og_title":"Alimentation compte pilote netairclub - Aeroclub du Quercy","og_description":"Pascal et Alain, vos tr\u00e9soriers, vous informent de quelques soucis entre les compte pilotes et la banque du club qui g\u00e9n\u00e8rent une activit\u00e9 chronophage lors des \u00e9critures comptables. En cons\u00e9quence : Vous devez obligatoirement verser sur le compte CIC du club AVANT de cr\u00e9diter votre compte pilote sur Netairclub. Vous [&hellip;]","og_url":"https:\/\/ac-quercy.fr\/fr_fr\/alimentation-compte-pilote-netairclub-2\/","og_site_name":"Aeroclub du Quercy","article_modified_time":"2025-12-03T18:58:29+00:00","twitter_misc":{"Dur\u00e9e de lecture estim\u00e9e":"1 minute"},"schema":{"@context":"https:\/\/schema.org","@graph":[{"@type":"WebPage","@id":"https:\/\/ac-quercy.fr\/alimentation-compte-pilote-netairclub-2\/","url":"https:\/\/ac-quercy.fr\/alimentation-compte-pilote-netairclub-2\/","name":"Alimentation compte pilote netairclub - Aeroclub du Quercy","isPartOf":{"@id":"https:\/\/ac-quercy.fr\/#website"},"datePublished":"2025-12-03T18:52:40+00:00","dateModified":"2025-12-03T18:58:29+00:00","inLanguage":"fr-FR","potentialAction":[{"@type":"ReadAction","target":["https:\/\/ac-quercy.fr\/alimentation-compte-pilote-netairclub-2\/"]}]},{"@type":"WebSite","@id":"https:\/\/ac-quercy.fr\/#website","url":"https:\/\/ac-quercy.fr\/","name":"A\u00e9roclub du Quercy","description":"Aviation G\u00e9n\u00e9rale Ecole de pilotage","publisher":{"@id":"https:\/\/ac-quercy.fr\/#organization"},"potentialAction":[{"@type":"SearchAction","target":{"@type":"EntryPoint","urlTemplate":"https:\/\/ac-quercy.fr\/?s={search_term_string}"},"query-input":{"@type":"PropertyValueSpecification","valueRequired":true,"valueName":"search_term_string"}}],"inLanguage":"fr-FR"},{"@type":"Organization","@id":"https:\/\/ac-quercy.fr\/#organization","name":"A\u00e9roclub du Quercy","url":"https:\/\/ac-quercy.fr\/","logo":{"@type":"ImageObject","inLanguage":"fr-FR","@id":"https:\/\/ac-quercy.fr\/#\/schema\/logo\/image\/","url":"https:\/\/ac-quercy.fr\/wp-content\/uploads\/2022\/05\/cropped-LogoACQ-scaled-1.jpg","contentUrl":"https:\/\/ac-quercy.fr\/wp-content\/uploads\/2022\/05\/cropped-LogoACQ-scaled-1.jpg","width":512,"height":512,"caption":"A\u00e9roclub du Quercy"},"image":{"@id":"https:\/\/ac-quercy.fr\/#\/schema\/logo\/image\/"}}]}},"publishpress_future_action":{"enabled":false,"date":"2026-04-25 11:40:06","action":"change-status","newStatus":"draft","terms":[],"taxonomy":"","extraData":[]},"publishpress_future_workflow_manual_trigger":{"enabledWorkflows":[]},"_links":{"self":[{"href":"https:\/\/ac-quercy.fr\/fr_fr\/wp-json\/wp\/v2\/pages\/3267","targetHints":{"allow":["GET"]}}],"collection":[{"href":"https:\/\/ac-quercy.fr\/fr_fr\/wp-json\/wp\/v2\/pages"}],"about":[{"href":"https:\/\/ac-quercy.fr\/fr_fr\/wp-json\/wp\/v2\/types\/page"}],"author":[{"embeddable":true,"href":"https:\/\/ac-quercy.fr\/fr_fr\/wp-json\/wp\/v2\/users\/1"}],"replies":[{"embeddable":true,"href":"https:\/\/ac-quercy.fr\/fr_fr\/wp-json\/wp\/v2\/comments?post=3267"}],"version-history":[{"count":6,"href":"https:\/\/ac-quercy.fr\/fr_fr\/wp-json\/wp\/v2\/pages\/3267\/revisions"}],"predecessor-version":[{"id":3275,"href":"https:\/\/ac-quercy.fr\/fr_fr\/wp-json\/wp\/v2\/pages\/3267\/revisions\/3275"}],"wp:attachment":[{"href":"https:\/\/ac-quercy.fr\/fr_fr\/wp-json\/wp\/v2\/media?parent=3267"}],"curies":[{"name":"wp","href":"https:\/\/api.w.org\/{rel}","templated":true}]}}