{"id":3095,"date":"2025-04-24T21:05:50","date_gmt":"2025-04-24T20:05:50","guid":{"rendered":"https:\/\/ac-quercy.fr\/?page_id=3095"},"modified":"2025-06-17T19:45:54","modified_gmt":"2025-06-17T18:45:54","slug":"accueil-carte-openstreetmap","status":"publish","type":"page","link":"https:\/\/ac-quercy.fr\/fr_fr\/","title":{"rendered":"Accueil"},"content":{"rendered":"\t\t<div data-elementor-type=\"wp-page\" data-elementor-id=\"3095\" class=\"elementor elementor-3095\">\n\t\t\t\t\t\t<section class=\"elementor-section elementor-top-section elementor-element elementor-element-2d0a432 elementor-section-boxed elementor-section-height-default elementor-section-height-default\" data-id=\"2d0a432\" data-element_type=\"section\" data-e-type=\"section\">\n\t\t\t\t\t\t<div class=\"elementor-container elementor-column-gap-default\">\n\t\t\t\t\t<div class=\"elementor-column elementor-col-100 elementor-top-column elementor-element elementor-element-e0eb614\" data-id=\"e0eb614\" data-element_type=\"column\" data-e-type=\"column\">\n\t\t\t<div class=\"elementor-widget-wrap elementor-element-populated\">\n\t\t\t\t\t\t<div class=\"elementor-element elementor-element-a47c40d elementor-widget elementor-widget-text-editor\" data-id=\"a47c40d\" data-element_type=\"widget\" data-e-type=\"widget\" data-widget_type=\"text-editor.default\">\n\t\t\t\t<div class=\"elementor-widget-container\">\n\t\t\t\t\t\t\t\t\t<p style=\"text-align: center;\"><strong><span class=\"dwhite\">AEROCLUB DU QUERCY<\/span><\/strong><\/p><p class=\"demo-fp\" style=\"text-align: center;\"><strong>Aviation g\u00e9n\u00e9rale<\/strong><\/p><p style=\"text-align: center;\"><strong>\u00c9cole de pilotage<\/strong><\/p><p style=\"text-align: center;\"><strong>F\u00e9d\u00e9ration Fran\u00e7aise A\u00e9ronautique<\/strong><\/p>\t\t\t\t\t\t\t\t<\/div>\n\t\t\t\t<\/div>\n\t\t\t\t<div class=\"elementor-element elementor-element-3400cbe elementor-widget elementor-widget-text-editor\" data-id=\"3400cbe\" data-element_type=\"widget\" data-e-type=\"widget\" data-widget_type=\"text-editor.default\">\n\t\t\t\t<div class=\"elementor-widget-container\">\n\t\t\t\t\t\t\t\t\t<p style=\"text-align: center;\"><span style=\"font-size: inherit;\">Adresse postale : <br \/>A\u00e9rodrome de Cahors Lalbenque<\/span><br \/>160 Esplanade Thierry Lagane<br \/>46230 Cieurac<\/p><p align=\"center\">Portable :<br \/>06.08.54.12.03<\/p><p align=\"center\">Courriel :<br \/><a href=\"mailto:ac.quercy@wanadoo.fr\">contact@ac-quercy.fr<\/a><\/p>\t\t\t\t\t\t\t\t<\/div>\n\t\t\t\t<\/div>\n\t\t\t\t<div class=\"elementor-element elementor-element-e18673b elementor-widget elementor-widget-text-editor\" data-id=\"e18673b\" data-element_type=\"widget\" data-e-type=\"widget\" data-widget_type=\"text-editor.default\">\n\t\t\t\t<div class=\"elementor-widget-container\">\n\t\t\t\t\t\t\t\t\t<p style=\"text-align: center;\"><a href=\"https:\/\/app.netairclub.com\/acquercy\/\" rel=\"noopener\" target=\"_blank\" style=\"font-size: inherit; background-color: #ffffff;\">NetAirClub pour les membres du club<\/a><\/p>\t\t\t\t\t\t\t\t<\/div>\n\t\t\t\t<\/div>\n\t\t\t\t<div class=\"elementor-element elementor-element-08febad elementor-widget elementor-widget-image-carousel\" data-id=\"08febad\" data-element_type=\"widget\" data-e-type=\"widget\" data-settings=\"{&quot;slides_to_show&quot;:&quot;3&quot;,&quot;navigation&quot;:&quot;none&quot;,&quot;autoplay&quot;:&quot;yes&quot;,&quot;pause_on_hover&quot;:&quot;yes&quot;,&quot;pause_on_interaction&quot;:&quot;yes&quot;,&quot;autoplay_speed&quot;:5000,&quot;infinite&quot;:&quot;yes&quot;,&quot;speed&quot;:500}\" data-widget_type=\"image-carousel.default\">\n\t\t\t\t<div class=\"elementor-widget-container\">\n\t\t\t\t\t\t\t<div class=\"elementor-image-carousel-wrapper swiper\" role=\"region\" aria-roledescription=\"carousel\" aria-label=\"Carrousel d\u2019images\" dir=\"ltr\">\n\t\t\t<div class=\"elementor-image-carousel swiper-wrapper\" aria-live=\"off\">\n\t\t\t\t\t\t\t\t<div class=\"swiper-slide\" role=\"group\" aria-roledescription=\"slide\" aria-label=\"1 sur 3\"><figure class=\"swiper-slide-inner\"><img class=\"swiper-slide-image lws-optimize-lazyload\"  alt=\"chateau de Beynac\" \/ data-src=\"https:\/\/ac-quercy.fr\/wp-content\/uploads\/2023\/05\/02_Chateau_de_Beynac-150x150.jpg\"><\/figure><\/div><div class=\"swiper-slide\" role=\"group\" aria-roledescription=\"slide\" aria-label=\"2 sur 3\"><figure class=\"swiper-slide-inner\"><img class=\"swiper-slide-image lws-optimize-lazyload\"  alt=\"Cahors dans la brume\" \/ data-src=\"https:\/\/ac-quercy.fr\/wp-content\/uploads\/2023\/05\/01_Cahors_boucle_brume-150x150.jpg\"><\/figure><\/div><div class=\"swiper-slide\" role=\"group\" aria-roledescription=\"slide\" aria-label=\"3 sur 3\"><figure class=\"swiper-slide-inner\"><img class=\"swiper-slide-image lws-optimize-lazyload\"  alt=\"chateau de C\u00e9nevi\u00e8re\" \/ data-src=\"https:\/\/ac-quercy.fr\/wp-content\/uploads\/2023\/05\/04_Chateau_de_Ceneviere-150x150.jpg\"><\/figure><\/div>\t\t\t<\/div>\n\t\t\t\t\t\t\t\n\t\t\t\t\t\t\t\t\t<\/div>\n\t\t\t\t\t\t<\/div>\n\t\t\t\t<\/div>\n\t\t\t\t<div class=\"elementor-element elementor-element-12a5254 elementor-widget elementor-widget-text-editor\" data-id=\"12a5254\" data-element_type=\"widget\" data-e-type=\"widget\" data-widget_type=\"text-editor.default\">\n\t\t\t\t<div class=\"elementor-widget-container\">\n\t\t\t\t\t\t\t\t\t<p style=\"text-align: center;\">Un cadeau, un anniversaire, un d\u00e9part en retraite,&#8230;<br \/>Pourquoi ne pas offrir un<br \/><a href=\"https:\/\/ac-quercy.fr\/tarifs#VolsDecouverte\" target=\"_blank\" rel=\"noopener\">VOL DECOUVERTE<\/a><br \/>pour 180 \u20ac<br \/>Une envie de piloter avec un instructeur &#8230;<br \/>Pourquoi ne pas tester un<br \/><a href=\"https:\/\/ac-quercy.fr\/tarifs#PacksInitiation\" target=\"_blank\" rel=\"noopener\">PACK VOL INITIATION<\/a><br \/>et<br \/>soyez fou, essayez une s\u00e9ance en<br \/><a href=\"https:\/\/ac-quercy.fr\/tarifs#Simulateur\">SIMULATEUR<\/a><\/p><p style=\"text-align: center;\">Citation<br \/>\u00ab\u00a0Rien de grand ne s&rsquo;est accompli dans le monde sans passion\u00a0\u00bb<br \/>Hegel<br \/>Vous voulez nous rencontrer :<br \/>Permanence le samedi de 10h30 \u00e0 12h00<br \/>A\u00e9rodrome de Cahors-Lalbenque ( plan ci-dessous )<\/p>\t\t\t\t\t\t\t\t<\/div>\n\t\t\t\t<\/div>\n\t\t\t\t<div class=\"elementor-element elementor-element-70c296f elementor-widget elementor-widget-text-editor\" data-id=\"70c296f\" data-element_type=\"widget\" data-e-type=\"widget\" data-widget_type=\"text-editor.default\">\n\t\t\t\t<div class=\"elementor-widget-container\">\n\t\t\t\t\t\t\t\t\t<p><div class=\"leaflet-map WPLeafletMap\" style=\"height:450px; width:600px;\"><\/div><script>\nwindow.WPLeafletMapPlugin = window.WPLeafletMapPlugin || [];\nwindow.WPLeafletMapPlugin.push(function WPLeafletMapShortcode() {\/*<script>*\/\nvar baseUrl = atob('aHR0cHM6Ly90aWxlLm9wZW5zdHJlZXRtYXAub3JnL3t6fS97eH0ve3l9LnBuZw==');\nvar base = (!baseUrl && window.MQ) ?\n    window.MQ.mapLayer() : L.tileLayer(baseUrl,\n        L.Util.extend({}, {\n            detectRetina: 0,\n        },\n        {\"subdomains\":\"abc\",\"noWrap\":false,\"maxZoom\":19}        )\n    );\n    var options = L.Util.extend({}, {\n        layers: [base],\n        attributionControl: false\n    },\n    {\"zoomControl\":true,\"scrollWheelZoom\":true,\"doubleClickZoom\":false,\"fitBounds\":false,\"minZoom\":0,\"maxZoom\":19,\"maxBounds\":null,\"attribution\":\"<a href=\\\"http:\\\/\\\/leafletjs.com\\\" title=\\\"Une biblioth\\u00e8que JS pour des cartes interactives\\\">Leaflet<\\\/a>; \\u00a9 <a href=\\\"http:\\\/\\\/www.openstreetmap.org\\\/copyright\\\">OpenStreetMap<\\\/a> contributeurs\\\/contributrices\"},\n    {});\nwindow.WPLeafletMapPlugin.createMap(options).setView([44.349076,1.475043],16);});<\/script><br \/><script>\nwindow.WPLeafletMapPlugin = window.WPLeafletMapPlugin || [];\nwindow.WPLeafletMapPlugin.push(function WPLeafletMarkerShortcode() {\/*<script>*\/\nvar map = window.WPLeafletMapPlugin.getCurrentMap();\nvar group = window.WPLeafletMapPlugin.getCurrentGroup();\nvar marker_options = window.WPLeafletMapPlugin.getIconOptions({});\nvar marker = L.marker(\n    [44.348660287152,1.4741413816262],\n    marker_options\n);\nvar is_image = map.is_image_map;\nif (marker_options.draggable) {\n    marker.on('dragend', function () {\n        var latlng = this.getLatLng();\n        var lat = latlng.lat;\n        var lng = latlng.lng;\n        if (is_image) {\n            console.log('leaflet-marker y=' + lat + ' x=' + lng);\n        } else {\n            console.log('leaflet-marker lat=' + lat + ' lng=' + lng);\n        }\n    });\n}\nmarker.addTo( group );\nmarker.bindPopup(window.WPLeafletMapPlugin.unescape('&lt;strong&gt;Veneta Cucine&lt;\/strong&gt;')).openPopup();window.WPLeafletMapPlugin.markers.push( marker );\n        });<\/script><br \/><script>\nwindow.WPLeafletMapPlugin = window.WPLeafletMapPlugin || [];\nwindow.WPLeafletMapPlugin.push(function WPLeafletMarkerShortcode() {\/*<script>*\/\nvar map = window.WPLeafletMapPlugin.getCurrentMap();\nvar group = window.WPLeafletMapPlugin.getCurrentGroup();\nvar marker_options = window.WPLeafletMapPlugin.getIconOptions({});\nvar marker = L.marker(\n    [44.347862374661,1.4743023141483],\n    marker_options\n);\nvar is_image = map.is_image_map;\nif (marker_options.draggable) {\n    marker.on('dragend', function () {\n        var latlng = this.getLatLng();\n        var lat = latlng.lat;\n        var lng = latlng.lng;\n        if (is_image) {\n            console.log('leaflet-marker y=' + lat + ' x=' + lng);\n        } else {\n            console.log('leaflet-marker lat=' + lat + ' lng=' + lng);\n        }\n    });\n}\nmarker.addTo( group );\nmarker.bindPopup(window.WPLeafletMapPlugin.unescape('&lt;strong&gt;Brasserie artisanale RATZ&lt;\/strong&gt;')).openPopup();window.WPLeafletMapPlugin.markers.push( marker );\n        });<\/script><br \/><script>\nwindow.WPLeafletMapPlugin = window.WPLeafletMapPlugin || [];\nwindow.WPLeafletMapPlugin.push(function WPLeafletMarkerShortcode() {\/*<script>*\/\nvar map = window.WPLeafletMapPlugin.getCurrentMap();\nvar group = window.WPLeafletMapPlugin.getCurrentGroup();\nvar marker_options = window.WPLeafletMapPlugin.getIconOptions({});\nvar marker = L.marker(\n    [44.347532465362,1.4755897743247],\n    marker_options\n);\nvar is_image = map.is_image_map;\nif (marker_options.draggable) {\n    marker.on('dragend', function () {\n        var latlng = this.getLatLng();\n        var lat = latlng.lat;\n        var lng = latlng.lng;\n        if (is_image) {\n            console.log('leaflet-marker y=' + lat + ' x=' + lng);\n        } else {\n            console.log('leaflet-marker lat=' + lat + ' lng=' + lng);\n        }\n    });\n}\nmarker.addTo( group );\nmarker.bindPopup(window.WPLeafletMapPlugin.unescape('&lt;strong&gt;GEODIS&lt;\/strong&gt;')).openPopup();window.WPLeafletMapPlugin.markers.push( marker );\n        });<\/script><br \/><script>\nwindow.WPLeafletMapPlugin = window.WPLeafletMapPlugin || [];\nwindow.WPLeafletMapPlugin.push(function WPLeafletMarkerShortcode() {\/*<script>*\/\nvar map = window.WPLeafletMapPlugin.getCurrentMap();\nvar group = window.WPLeafletMapPlugin.getCurrentGroup();\nvar marker_options = window.WPLeafletMapPlugin.getIconOptions({});\nvar marker = L.marker(\n    [44.349076,1.4757],\n    marker_options\n);\nvar is_image = map.is_image_map;\nif (marker_options.draggable) {\n    marker.on('dragend', function () {\n        var latlng = this.getLatLng();\n        var lat = latlng.lat;\n        var lng = latlng.lng;\n        if (is_image) {\n            console.log('leaflet-marker y=' + lat + ' x=' + lng);\n        } else {\n            console.log('leaflet-marker lat=' + lat + ' lng=' + lng);\n        }\n    });\n}\nmarker.addTo( group );\nmarker.bindPopup(window.WPLeafletMapPlugin.unescape('&lt;strong&gt;A\u00e9roclub du Quercy&lt;\/strong&gt;')).openPopup();window.WPLeafletMapPlugin.markers.push( marker );\n        });<\/script><\/p>\t\t\t\t\t\t\t\t<\/div>\n\t\t\t\t<\/div>\n\t\t\t\t\t<\/div>\n\t\t<\/div>\n\t\t\t\t\t<\/div>\n\t\t<\/section>\n\t\t\t\t<\/div>\n\t\t","protected":false},"excerpt":{"rendered":"<p>AEROCLUB DU QUERCY Aviation g\u00e9n\u00e9rale \u00c9cole de pilotage F\u00e9d\u00e9ration Fran\u00e7aise A\u00e9ronautique Adresse postale : A\u00e9rodrome de Cahors Lalbenque160 Esplanade Thierry Lagane46230 Cieurac Portable :06.08.54.12.03 Courriel :contact@ac-quercy.fr NetAirClub pour les membres du club Un cadeau, un anniversaire, un d\u00e9part en retraite,&#8230;Pourquoi ne pas offrir unVOL DECOUVERTEpour 180 \u20acUne envie de piloter [&hellip;]<\/p>\n","protected":false},"author":1,"featured_media":0,"parent":0,"menu_order":0,"comment_status":"closed","ping_status":"closed","template":"","meta":{"_mc_calendar":[],"footnotes":""},"class_list":["post-3095","page","type-page","status-publish","hentry"],"yoast_head":"<!-- This site is optimized with the Yoast SEO plugin v26.9 - https:\/\/yoast.com\/product\/yoast-seo-wordpress\/ -->\n<title>Aeroclub du Quercy - Aeroclub du Quercy<\/title>\n<meta name=\"description\" content=\"A\u00e9roclub association loi 1909 DTO aviation g\u00e9n\u00e9rale Ecole de pilotage BIA brevet d&#039;initiation a\u00e9ronautique FFA\" \/>\n<meta name=\"robots\" content=\"index, follow, max-snippet:-1, max-image-preview:large, max-video-preview:-1\" \/>\n<link rel=\"canonical\" href=\"https:\/\/ac-quercy.fr\/fr_fr\/\" \/>\n<meta property=\"og:locale\" content=\"fr_FR\" \/>\n<meta property=\"og:type\" content=\"article\" \/>\n<meta property=\"og:title\" content=\"Aeroclub du Quercy - Aeroclub du Quercy\" \/>\n<meta property=\"og:description\" content=\"A\u00e9roclub association loi 1909 DTO aviation g\u00e9n\u00e9rale Ecole de pilotage BIA brevet d&#039;initiation a\u00e9ronautique FFA\" \/>\n<meta property=\"og:url\" content=\"https:\/\/ac-quercy.fr\/fr_fr\/\" \/>\n<meta property=\"og:site_name\" content=\"Aeroclub du Quercy\" \/>\n<meta property=\"article:modified_time\" content=\"2025-06-17T18:45:54+00:00\" \/>\n<meta property=\"og:image\" content=\"https:\/\/ac-quercy.fr\/wp-content\/uploads\/2023\/05\/02_Chateau_de_Beynac-150x150.jpg\" \/>\n<meta name=\"twitter:label1\" content=\"Dur\u00e9e de lecture estim\u00e9e\" \/>\n\t<meta name=\"twitter:data1\" content=\"6 minutes\" \/>\n<script type=\"application\/ld+json\" class=\"yoast-schema-graph\">{\"@context\":\"https:\/\/schema.org\",\"@graph\":[{\"@type\":\"WebPage\",\"@id\":\"https:\/\/ac-quercy.fr\/fr_fr\/\",\"url\":\"https:\/\/ac-quercy.fr\/fr_fr\/\",\"name\":\"Aeroclub du Quercy - Aeroclub du Quercy\",\"isPartOf\":{\"@id\":\"https:\/\/ac-quercy.fr\/#website\"},\"primaryImageOfPage\":{\"@id\":\"https:\/\/ac-quercy.fr\/fr_fr\/#primaryimage\"},\"image\":{\"@id\":\"https:\/\/ac-quercy.fr\/fr_fr\/#primaryimage\"},\"thumbnailUrl\":\"https:\/\/ac-quercy.fr\/wp-content\/uploads\/2023\/05\/02_Chateau_de_Beynac-150x150.jpg\",\"datePublished\":\"2025-04-24T20:05:50+00:00\",\"dateModified\":\"2025-06-17T18:45:54+00:00\",\"description\":\"A\u00e9roclub association loi 1909 DTO aviation g\u00e9n\u00e9rale Ecole de pilotage BIA brevet d'initiation a\u00e9ronautique FFA\",\"inLanguage\":\"fr-FR\",\"potentialAction\":[{\"@type\":\"ReadAction\",\"target\":[\"https:\/\/ac-quercy.fr\/fr_fr\/\"]}]},{\"@type\":\"ImageObject\",\"inLanguage\":\"fr-FR\",\"@id\":\"https:\/\/ac-quercy.fr\/fr_fr\/#primaryimage\",\"url\":\"https:\/\/ac-quercy.fr\/wp-content\/uploads\/2023\/05\/02_Chateau_de_Beynac-150x150.jpg\",\"contentUrl\":\"https:\/\/ac-quercy.fr\/wp-content\/uploads\/2023\/05\/02_Chateau_de_Beynac-150x150.jpg\"},{\"@type\":\"WebSite\",\"@id\":\"https:\/\/ac-quercy.fr\/#website\",\"url\":\"https:\/\/ac-quercy.fr\/\",\"name\":\"A\u00e9roclub du Quercy\",\"description\":\"Aviation G\u00e9n\u00e9rale Ecole de pilotage\",\"publisher\":{\"@id\":\"https:\/\/ac-quercy.fr\/#organization\"},\"potentialAction\":[{\"@type\":\"SearchAction\",\"target\":{\"@type\":\"EntryPoint\",\"urlTemplate\":\"https:\/\/ac-quercy.fr\/?s={search_term_string}\"},\"query-input\":{\"@type\":\"PropertyValueSpecification\",\"valueRequired\":true,\"valueName\":\"search_term_string\"}}],\"inLanguage\":\"fr-FR\"},{\"@type\":\"Organization\",\"@id\":\"https:\/\/ac-quercy.fr\/#organization\",\"name\":\"A\u00e9roclub du Quercy\",\"url\":\"https:\/\/ac-quercy.fr\/\",\"logo\":{\"@type\":\"ImageObject\",\"inLanguage\":\"fr-FR\",\"@id\":\"https:\/\/ac-quercy.fr\/#\/schema\/logo\/image\/\",\"url\":\"https:\/\/ac-quercy.fr\/wp-content\/uploads\/2022\/05\/cropped-LogoACQ-scaled-1.jpg\",\"contentUrl\":\"https:\/\/ac-quercy.fr\/wp-content\/uploads\/2022\/05\/cropped-LogoACQ-scaled-1.jpg\",\"width\":512,\"height\":512,\"caption\":\"A\u00e9roclub du Quercy\"},\"image\":{\"@id\":\"https:\/\/ac-quercy.fr\/#\/schema\/logo\/image\/\"}}]}<\/script>\n<!-- \/ Yoast SEO plugin. -->","yoast_head_json":{"title":"Aeroclub du Quercy - Aeroclub du Quercy","description":"A\u00e9roclub association loi 1909 DTO aviation g\u00e9n\u00e9rale Ecole de pilotage BIA brevet d'initiation a\u00e9ronautique FFA","robots":{"index":"index","follow":"follow","max-snippet":"max-snippet:-1","max-image-preview":"max-image-preview:large","max-video-preview":"max-video-preview:-1"},"canonical":"https:\/\/ac-quercy.fr\/fr_fr\/","og_locale":"fr_FR","og_type":"article","og_title":"Aeroclub du Quercy - Aeroclub du Quercy","og_description":"A\u00e9roclub association loi 1909 DTO aviation g\u00e9n\u00e9rale Ecole de pilotage BIA brevet d'initiation a\u00e9ronautique FFA","og_url":"https:\/\/ac-quercy.fr\/fr_fr\/","og_site_name":"Aeroclub du Quercy","article_modified_time":"2025-06-17T18:45:54+00:00","og_image":[{"url":"https:\/\/ac-quercy.fr\/wp-content\/uploads\/2023\/05\/02_Chateau_de_Beynac-150x150.jpg","type":"","width":"","height":""}],"twitter_misc":{"Dur\u00e9e de lecture estim\u00e9e":"6 minutes"},"schema":{"@context":"https:\/\/schema.org","@graph":[{"@type":"WebPage","@id":"https:\/\/ac-quercy.fr\/fr_fr\/","url":"https:\/\/ac-quercy.fr\/fr_fr\/","name":"Aeroclub du Quercy - Aeroclub du Quercy","isPartOf":{"@id":"https:\/\/ac-quercy.fr\/#website"},"primaryImageOfPage":{"@id":"https:\/\/ac-quercy.fr\/fr_fr\/#primaryimage"},"image":{"@id":"https:\/\/ac-quercy.fr\/fr_fr\/#primaryimage"},"thumbnailUrl":"https:\/\/ac-quercy.fr\/wp-content\/uploads\/2023\/05\/02_Chateau_de_Beynac-150x150.jpg","datePublished":"2025-04-24T20:05:50+00:00","dateModified":"2025-06-17T18:45:54+00:00","description":"A\u00e9roclub association loi 1909 DTO aviation g\u00e9n\u00e9rale Ecole de pilotage BIA brevet d'initiation a\u00e9ronautique FFA","inLanguage":"fr-FR","potentialAction":[{"@type":"ReadAction","target":["https:\/\/ac-quercy.fr\/fr_fr\/"]}]},{"@type":"ImageObject","inLanguage":"fr-FR","@id":"https:\/\/ac-quercy.fr\/fr_fr\/#primaryimage","url":"https:\/\/ac-quercy.fr\/wp-content\/uploads\/2023\/05\/02_Chateau_de_Beynac-150x150.jpg","contentUrl":"https:\/\/ac-quercy.fr\/wp-content\/uploads\/2023\/05\/02_Chateau_de_Beynac-150x150.jpg"},{"@type":"WebSite","@id":"https:\/\/ac-quercy.fr\/#website","url":"https:\/\/ac-quercy.fr\/","name":"A\u00e9roclub du Quercy","description":"Aviation G\u00e9n\u00e9rale Ecole de pilotage","publisher":{"@id":"https:\/\/ac-quercy.fr\/#organization"},"potentialAction":[{"@type":"SearchAction","target":{"@type":"EntryPoint","urlTemplate":"https:\/\/ac-quercy.fr\/?s={search_term_string}"},"query-input":{"@type":"PropertyValueSpecification","valueRequired":true,"valueName":"search_term_string"}}],"inLanguage":"fr-FR"},{"@type":"Organization","@id":"https:\/\/ac-quercy.fr\/#organization","name":"A\u00e9roclub du Quercy","url":"https:\/\/ac-quercy.fr\/","logo":{"@type":"ImageObject","inLanguage":"fr-FR","@id":"https:\/\/ac-quercy.fr\/#\/schema\/logo\/image\/","url":"https:\/\/ac-quercy.fr\/wp-content\/uploads\/2022\/05\/cropped-LogoACQ-scaled-1.jpg","contentUrl":"https:\/\/ac-quercy.fr\/wp-content\/uploads\/2022\/05\/cropped-LogoACQ-scaled-1.jpg","width":512,"height":512,"caption":"A\u00e9roclub du Quercy"},"image":{"@id":"https:\/\/ac-quercy.fr\/#\/schema\/logo\/image\/"}}]}},"publishpress_future_action":{"enabled":false,"date":"2026-04-24 06:36:20","action":"change-status","newStatus":"draft","terms":[],"taxonomy":"","extraData":[]},"publishpress_future_workflow_manual_trigger":{"enabledWorkflows":[]},"_links":{"self":[{"href":"https:\/\/ac-quercy.fr\/fr_fr\/wp-json\/wp\/v2\/pages\/3095","targetHints":{"allow":["GET"]}}],"collection":[{"href":"https:\/\/ac-quercy.fr\/fr_fr\/wp-json\/wp\/v2\/pages"}],"about":[{"href":"https:\/\/ac-quercy.fr\/fr_fr\/wp-json\/wp\/v2\/types\/page"}],"author":[{"embeddable":true,"href":"https:\/\/ac-quercy.fr\/fr_fr\/wp-json\/wp\/v2\/users\/1"}],"replies":[{"embeddable":true,"href":"https:\/\/ac-quercy.fr\/fr_fr\/wp-json\/wp\/v2\/comments?post=3095"}],"version-history":[{"count":138,"href":"https:\/\/ac-quercy.fr\/fr_fr\/wp-json\/wp\/v2\/pages\/3095\/revisions"}],"predecessor-version":[{"id":3251,"href":"https:\/\/ac-quercy.fr\/fr_fr\/wp-json\/wp\/v2\/pages\/3095\/revisions\/3251"}],"wp:attachment":[{"href":"https:\/\/ac-quercy.fr\/fr_fr\/wp-json\/wp\/v2\/media?parent=3095"}],"curies":[{"name":"wp","href":"https:\/\/api.w.org\/{rel}","templated":true}]}}