{"id":271,"date":"2022-04-17T22:13:54","date_gmt":"2022-04-17T21:13:54","guid":{"rendered":"https:\/\/ramahef.fr\/ACQ\/?page_id=271"},"modified":"2023-05-21T10:53:06","modified_gmt":"2023-05-21T09:53:06","slug":"dr-400-160","status":"publish","type":"page","link":"https:\/\/ac-quercy.fr\/fr_fr\/dr-400-160\/","title":{"rendered":"DR 400 160"},"content":{"rendered":"\t\t<div data-elementor-type=\"wp-page\" data-elementor-id=\"271\" class=\"elementor elementor-271\">\n\t\t\t\t\t\t<section class=\"elementor-section elementor-top-section elementor-element elementor-element-efb6ae7 elementor-section-boxed elementor-section-height-default elementor-section-height-default\" data-id=\"efb6ae7\" data-element_type=\"section\" data-e-type=\"section\">\n\t\t\t\t\t\t<div class=\"elementor-container elementor-column-gap-default\">\n\t\t\t\t\t<div class=\"elementor-column elementor-col-100 elementor-top-column elementor-element elementor-element-ed5c80e\" data-id=\"ed5c80e\" data-element_type=\"column\" data-e-type=\"column\">\n\t\t\t<div class=\"elementor-widget-wrap elementor-element-populated\">\n\t\t\t\t\t\t<div class=\"elementor-element elementor-element-a73e954 elementor-widget elementor-widget-text-editor\" data-id=\"a73e954\" data-element_type=\"widget\" data-e-type=\"widget\" data-widget_type=\"text-editor.default\">\n\t\t\t\t<div class=\"elementor-widget-container\">\n\t\t\t\t\t\t\t\t\t<h1 class=\"ngelayout-editablecontent\">DR 400 160\u00a0\u00a0 F-GOZZ<\/h1><p>Avion \u00e9cole et voyages 4 places<\/p><p>Puissance : 160 CV\u00a0 &#8211;\u00a0 Vitesse de croisi\u00e8re 115 kt<\/p><p>Consommation horaire : 34 litres<\/p><p align=\"center\">Les Check-list, documents de centrage et devis carburant sont disponibles au bureau des vols<\/p>\t\t\t\t\t\t\t\t<\/div>\n\t\t\t\t<\/div>\n\t\t\t\t\t<\/div>\n\t\t<\/div>\n\t\t\t\t\t<\/div>\n\t\t<\/section>\n\t\t\t\t<section class=\"elementor-section elementor-top-section elementor-element elementor-element-23f4452 elementor-section-boxed elementor-section-height-default elementor-section-height-default\" data-id=\"23f4452\" data-element_type=\"section\" data-e-type=\"section\">\n\t\t\t\t\t\t<div class=\"elementor-container elementor-column-gap-default\">\n\t\t\t\t\t<div class=\"elementor-column elementor-col-100 elementor-top-column elementor-element elementor-element-18e9585\" data-id=\"18e9585\" data-element_type=\"column\" data-e-type=\"column\">\n\t\t\t<div class=\"elementor-widget-wrap elementor-element-populated\">\n\t\t\t\t\t\t<section class=\"elementor-section elementor-inner-section elementor-element elementor-element-e1ea05d elementor-section-boxed elementor-section-height-default elementor-section-height-default\" data-id=\"e1ea05d\" data-element_type=\"section\" data-e-type=\"section\">\n\t\t\t\t\t\t<div class=\"elementor-container elementor-column-gap-default\">\n\t\t\t\t\t<div class=\"elementor-column elementor-col-50 elementor-inner-column elementor-element elementor-element-b130cea\" data-id=\"b130cea\" data-element_type=\"column\" data-e-type=\"column\">\n\t\t\t<div class=\"elementor-widget-wrap elementor-element-populated\">\n\t\t\t\t\t\t<div class=\"elementor-element elementor-element-a2d69cb elementor-widget elementor-widget-image\" data-id=\"a2d69cb\" data-element_type=\"widget\" data-e-type=\"widget\" data-widget_type=\"image.default\">\n\t\t\t\t<div class=\"elementor-widget-container\">\n\t\t\t\t\t\t\t\t\t\t\t\t\t\t\t<img fetchpriority=\"high\" width=\"750\" height=\"437\"  class=\"attachment-large size-large wp-image-1893 lws-optimize-lazyload\" alt=\"\" srcset=\"https:\/\/ac-quercy.fr\/wp-content\/uploads\/2023\/02\/F-GOZZ-1024x597.jpg 1024w, https:\/\/ac-quercy.fr\/wp-content\/uploads\/2023\/02\/F-GOZZ-300x175.jpg 300w, https:\/\/ac-quercy.fr\/wp-content\/uploads\/2023\/02\/F-GOZZ-768x448.jpg 768w, https:\/\/ac-quercy.fr\/wp-content\/uploads\/2023\/02\/F-GOZZ-1536x896.jpg 1536w, https:\/\/ac-quercy.fr\/wp-content\/uploads\/2023\/02\/F-GOZZ-2048x1195.jpg 2048w, https:\/\/ac-quercy.fr\/wp-content\/uploads\/2023\/02\/F-GOZZ-18x10.jpg 18w\" sizes=\"(max-width: 750px) 100vw, 750px\" \/ data-src=\"https:\/\/ac-quercy.fr\/wp-content\/uploads\/2023\/02\/F-GOZZ-1024x597.jpg\">\t\t\t\t\t\t\t\t\t\t\t\t\t\t\t<\/div>\n\t\t\t\t<\/div>\n\t\t\t\t\t<\/div>\n\t\t<\/div>\n\t\t\t\t<div class=\"elementor-column elementor-col-50 elementor-inner-column elementor-element elementor-element-f89ba75\" data-id=\"f89ba75\" data-element_type=\"column\" data-e-type=\"column\">\n\t\t\t<div class=\"elementor-widget-wrap elementor-element-populated\">\n\t\t\t\t\t\t<div class=\"elementor-element elementor-element-5940ce1 elementor-widget elementor-widget-image\" data-id=\"5940ce1\" data-element_type=\"widget\" data-e-type=\"widget\" data-widget_type=\"image.default\">\n\t\t\t\t<div class=\"elementor-widget-container\">\n\t\t\t\t\t\t\t\t\t\t\t\t\t\t\t<img width=\"750\" height=\"501\"  class=\"attachment-large size-large wp-image-1894 lws-optimize-lazyload\" alt=\"\" srcset=\"https:\/\/ac-quercy.fr\/wp-content\/uploads\/2023\/02\/FGOZZ-Tableau-de-bord-1024x684.jpg 1024w, https:\/\/ac-quercy.fr\/wp-content\/uploads\/2023\/02\/FGOZZ-Tableau-de-bord-300x200.jpg 300w, https:\/\/ac-quercy.fr\/wp-content\/uploads\/2023\/02\/FGOZZ-Tableau-de-bord-768x513.jpg 768w, https:\/\/ac-quercy.fr\/wp-content\/uploads\/2023\/02\/FGOZZ-Tableau-de-bord-1536x1026.jpg 1536w, https:\/\/ac-quercy.fr\/wp-content\/uploads\/2023\/02\/FGOZZ-Tableau-de-bord-2048x1368.jpg 2048w, https:\/\/ac-quercy.fr\/wp-content\/uploads\/2023\/02\/FGOZZ-Tableau-de-bord-18x12.jpg 18w, https:\/\/ac-quercy.fr\/wp-content\/uploads\/2023\/02\/FGOZZ-Tableau-de-bord-360x240.jpg 360w\" sizes=\"(max-width: 750px) 100vw, 750px\" \/ data-src=\"https:\/\/ac-quercy.fr\/wp-content\/uploads\/2023\/02\/FGOZZ-Tableau-de-bord-1024x684.jpg\">\t\t\t\t\t\t\t\t\t\t\t\t\t\t\t<\/div>\n\t\t\t\t<\/div>\n\t\t\t\t\t<\/div>\n\t\t<\/div>\n\t\t\t\t\t<\/div>\n\t\t<\/section>\n\t\t\t\t\t<\/div>\n\t\t<\/div>\n\t\t\t\t\t<\/div>\n\t\t<\/section>\n\t\t\t\t<section class=\"elementor-section elementor-top-section elementor-element elementor-element-5fdf4be elementor-section-boxed elementor-section-height-default elementor-section-height-default\" data-id=\"5fdf4be\" data-element_type=\"section\" data-e-type=\"section\">\n\t\t\t\t\t\t<div class=\"elementor-container elementor-column-gap-default\">\n\t\t\t\t\t<div class=\"elementor-column elementor-col-100 elementor-top-column elementor-element elementor-element-dbc2125\" data-id=\"dbc2125\" data-element_type=\"column\" data-e-type=\"column\">\n\t\t\t<div class=\"elementor-widget-wrap elementor-element-populated\">\n\t\t\t\t\t\t<div class=\"elementor-element elementor-element-e9af6b9 elementor-widget elementor-widget-html\" data-id=\"e9af6b9\" data-element_type=\"widget\" data-e-type=\"widget\" data-widget_type=\"html.default\">\n\t\t\t\t<div class=\"elementor-widget-container\">\n\t\t\t\t\t<div style align='center'>\r\n<a target=\"_blank\" href='https:\/\/www.google.fr\/maps\/place\/A%C3%A9roclub+du+Quercy\/@44.3488954,1.4769117,3a,75y,300h,100t\/data=!3m8!1e1!3m6!1sAF1QipO89dLzWk8bzNPKCSYECy-HesbIW-FqtE1_YzHR!2e10!3e11!6shttps:%2F%2Flh5.googleusercontent.com%2Fp%2FAF1QipO89dLzWk8bzNPKCSYECy-HesbIW-FqtE1_YzHR%3Dw203-h100-k-no-pi-10-ya7.2600813-ro-0-fo100!7i13000!8i6500!4m9!3m8!1s0x12ac6106ac614f0d:0x452cc66294c326b0!8m2!3d44.3490791!4d1.4756174!10e5!14m1!1BCgIgARICGAI!16s%2Fg%2F1td1y388'>Visuel 360\u00b0 sur le cockpit<\/a>\r\n<\/div>\t\t\t\t<\/div>\n\t\t\t\t<\/div>\n\t\t\t\t\t<\/div>\n\t\t<\/div>\n\t\t\t\t\t<\/div>\n\t\t<\/section>\n\t\t\t\t<\/div>\n\t\t","protected":false},"excerpt":{"rendered":"<p>DR 400 160\u00a0\u00a0 F-GOZZ Avion \u00e9cole et voyages 4 places Puissance : 160 CV\u00a0 &#8211;\u00a0 Vitesse de croisi\u00e8re 115 kt Consommation horaire : 34 litres Les Check-list, documents de centrage et devis carburant sont disponibles au bureau des vols Visuel 360\u00b0 sur le cockpit<\/p>\n","protected":false},"author":1,"featured_media":0,"parent":0,"menu_order":0,"comment_status":"closed","ping_status":"closed","template":"","meta":{"_mc_calendar":[],"footnotes":""},"class_list":["post-271","page","type-page","status-publish","hentry"],"yoast_head":"<!-- This site is optimized with the Yoast SEO plugin v26.9 - https:\/\/yoast.com\/product\/yoast-seo-wordpress\/ -->\n<title>DR 400 160 - Aeroclub du Quercy<\/title>\n<meta name=\"robots\" content=\"index, follow, max-snippet:-1, max-image-preview:large, max-video-preview:-1\" \/>\n<link rel=\"canonical\" href=\"https:\/\/ac-quercy.fr\/fr_fr\/dr-400-160\/\" \/>\n<meta property=\"og:locale\" content=\"fr_FR\" \/>\n<meta property=\"og:type\" content=\"article\" \/>\n<meta property=\"og:title\" content=\"DR 400 160 - Aeroclub du Quercy\" \/>\n<meta property=\"og:description\" content=\"DR 400 160\u00a0\u00a0 F-GOZZ Avion \u00e9cole et voyages 4 places Puissance : 160 CV\u00a0 &#8211;\u00a0 Vitesse de croisi\u00e8re 115 kt Consommation horaire : 34 litres Les Check-list, documents de centrage et devis carburant sont disponibles au bureau des vols Visuel 360\u00b0 sur le cockpit\" \/>\n<meta property=\"og:url\" content=\"https:\/\/ac-quercy.fr\/fr_fr\/dr-400-160\/\" \/>\n<meta property=\"og:site_name\" content=\"Aeroclub du Quercy\" \/>\n<meta property=\"article:modified_time\" content=\"2023-05-21T09:53:06+00:00\" \/>\n<meta property=\"og:image\" content=\"https:\/\/ac-quercy.fr\/wp-content\/uploads\/2023\/02\/F-GOZZ-1024x597.jpg\" \/>\n<meta name=\"twitter:label1\" content=\"Dur\u00e9e de lecture estim\u00e9e\" \/>\n\t<meta name=\"twitter:data1\" content=\"1 minute\" \/>\n<script type=\"application\/ld+json\" class=\"yoast-schema-graph\">{\"@context\":\"https:\/\/schema.org\",\"@graph\":[{\"@type\":\"WebPage\",\"@id\":\"https:\/\/ac-quercy.fr\/dr-400-160\/\",\"url\":\"https:\/\/ac-quercy.fr\/dr-400-160\/\",\"name\":\"DR 400 160 - Aeroclub du Quercy\",\"isPartOf\":{\"@id\":\"https:\/\/ac-quercy.fr\/#website\"},\"primaryImageOfPage\":{\"@id\":\"https:\/\/ac-quercy.fr\/dr-400-160\/#primaryimage\"},\"image\":{\"@id\":\"https:\/\/ac-quercy.fr\/dr-400-160\/#primaryimage\"},\"thumbnailUrl\":\"https:\/\/ac-quercy.fr\/wp-content\/uploads\/2023\/02\/F-GOZZ-1024x597.jpg\",\"datePublished\":\"2022-04-17T21:13:54+00:00\",\"dateModified\":\"2023-05-21T09:53:06+00:00\",\"inLanguage\":\"fr-FR\",\"potentialAction\":[{\"@type\":\"ReadAction\",\"target\":[\"https:\/\/ac-quercy.fr\/dr-400-160\/\"]}]},{\"@type\":\"ImageObject\",\"inLanguage\":\"fr-FR\",\"@id\":\"https:\/\/ac-quercy.fr\/dr-400-160\/#primaryimage\",\"url\":\"https:\/\/ac-quercy.fr\/wp-content\/uploads\/2023\/02\/F-GOZZ-1024x597.jpg\",\"contentUrl\":\"https:\/\/ac-quercy.fr\/wp-content\/uploads\/2023\/02\/F-GOZZ-1024x597.jpg\"},{\"@type\":\"WebSite\",\"@id\":\"https:\/\/ac-quercy.fr\/#website\",\"url\":\"https:\/\/ac-quercy.fr\/\",\"name\":\"A\u00e9roclub du Quercy\",\"description\":\"Aviation G\u00e9n\u00e9rale Ecole de pilotage\",\"publisher\":{\"@id\":\"https:\/\/ac-quercy.fr\/#organization\"},\"potentialAction\":[{\"@type\":\"SearchAction\",\"target\":{\"@type\":\"EntryPoint\",\"urlTemplate\":\"https:\/\/ac-quercy.fr\/?s={search_term_string}\"},\"query-input\":{\"@type\":\"PropertyValueSpecification\",\"valueRequired\":true,\"valueName\":\"search_term_string\"}}],\"inLanguage\":\"fr-FR\"},{\"@type\":\"Organization\",\"@id\":\"https:\/\/ac-quercy.fr\/#organization\",\"name\":\"A\u00e9roclub du Quercy\",\"url\":\"https:\/\/ac-quercy.fr\/\",\"logo\":{\"@type\":\"ImageObject\",\"inLanguage\":\"fr-FR\",\"@id\":\"https:\/\/ac-quercy.fr\/#\/schema\/logo\/image\/\",\"url\":\"https:\/\/ac-quercy.fr\/wp-content\/uploads\/2022\/05\/cropped-LogoACQ-scaled-1.jpg\",\"contentUrl\":\"https:\/\/ac-quercy.fr\/wp-content\/uploads\/2022\/05\/cropped-LogoACQ-scaled-1.jpg\",\"width\":512,\"height\":512,\"caption\":\"A\u00e9roclub du Quercy\"},\"image\":{\"@id\":\"https:\/\/ac-quercy.fr\/#\/schema\/logo\/image\/\"}}]}<\/script>\n<!-- \/ Yoast SEO plugin. -->","yoast_head_json":{"title":"DR 400 160 - Aeroclub du Quercy","robots":{"index":"index","follow":"follow","max-snippet":"max-snippet:-1","max-image-preview":"max-image-preview:large","max-video-preview":"max-video-preview:-1"},"canonical":"https:\/\/ac-quercy.fr\/fr_fr\/dr-400-160\/","og_locale":"fr_FR","og_type":"article","og_title":"DR 400 160 - Aeroclub du Quercy","og_description":"DR 400 160\u00a0\u00a0 F-GOZZ Avion \u00e9cole et voyages 4 places Puissance : 160 CV\u00a0 &#8211;\u00a0 Vitesse de croisi\u00e8re 115 kt Consommation horaire : 34 litres Les Check-list, documents de centrage et devis carburant sont disponibles au bureau des vols Visuel 360\u00b0 sur le cockpit","og_url":"https:\/\/ac-quercy.fr\/fr_fr\/dr-400-160\/","og_site_name":"Aeroclub du Quercy","article_modified_time":"2023-05-21T09:53:06+00:00","og_image":[{"url":"https:\/\/ac-quercy.fr\/wp-content\/uploads\/2023\/02\/F-GOZZ-1024x597.jpg","type":"","width":"","height":""}],"twitter_misc":{"Dur\u00e9e de lecture estim\u00e9e":"1 minute"},"schema":{"@context":"https:\/\/schema.org","@graph":[{"@type":"WebPage","@id":"https:\/\/ac-quercy.fr\/dr-400-160\/","url":"https:\/\/ac-quercy.fr\/dr-400-160\/","name":"DR 400 160 - Aeroclub du Quercy","isPartOf":{"@id":"https:\/\/ac-quercy.fr\/#website"},"primaryImageOfPage":{"@id":"https:\/\/ac-quercy.fr\/dr-400-160\/#primaryimage"},"image":{"@id":"https:\/\/ac-quercy.fr\/dr-400-160\/#primaryimage"},"thumbnailUrl":"https:\/\/ac-quercy.fr\/wp-content\/uploads\/2023\/02\/F-GOZZ-1024x597.jpg","datePublished":"2022-04-17T21:13:54+00:00","dateModified":"2023-05-21T09:53:06+00:00","inLanguage":"fr-FR","potentialAction":[{"@type":"ReadAction","target":["https:\/\/ac-quercy.fr\/dr-400-160\/"]}]},{"@type":"ImageObject","inLanguage":"fr-FR","@id":"https:\/\/ac-quercy.fr\/dr-400-160\/#primaryimage","url":"https:\/\/ac-quercy.fr\/wp-content\/uploads\/2023\/02\/F-GOZZ-1024x597.jpg","contentUrl":"https:\/\/ac-quercy.fr\/wp-content\/uploads\/2023\/02\/F-GOZZ-1024x597.jpg"},{"@type":"WebSite","@id":"https:\/\/ac-quercy.fr\/#website","url":"https:\/\/ac-quercy.fr\/","name":"A\u00e9roclub du Quercy","description":"Aviation G\u00e9n\u00e9rale Ecole de pilotage","publisher":{"@id":"https:\/\/ac-quercy.fr\/#organization"},"potentialAction":[{"@type":"SearchAction","target":{"@type":"EntryPoint","urlTemplate":"https:\/\/ac-quercy.fr\/?s={search_term_string}"},"query-input":{"@type":"PropertyValueSpecification","valueRequired":true,"valueName":"search_term_string"}}],"inLanguage":"fr-FR"},{"@type":"Organization","@id":"https:\/\/ac-quercy.fr\/#organization","name":"A\u00e9roclub du Quercy","url":"https:\/\/ac-quercy.fr\/","logo":{"@type":"ImageObject","inLanguage":"fr-FR","@id":"https:\/\/ac-quercy.fr\/#\/schema\/logo\/image\/","url":"https:\/\/ac-quercy.fr\/wp-content\/uploads\/2022\/05\/cropped-LogoACQ-scaled-1.jpg","contentUrl":"https:\/\/ac-quercy.fr\/wp-content\/uploads\/2022\/05\/cropped-LogoACQ-scaled-1.jpg","width":512,"height":512,"caption":"A\u00e9roclub du Quercy"},"image":{"@id":"https:\/\/ac-quercy.fr\/#\/schema\/logo\/image\/"}}]}},"publishpress_future_action":{"enabled":false,"date":"2026-04-25 09:53:19","action":"change-status","newStatus":"draft","terms":[],"taxonomy":"","extraData":[]},"publishpress_future_workflow_manual_trigger":{"enabledWorkflows":[]},"_links":{"self":[{"href":"https:\/\/ac-quercy.fr\/fr_fr\/wp-json\/wp\/v2\/pages\/271","targetHints":{"allow":["GET"]}}],"collection":[{"href":"https:\/\/ac-quercy.fr\/fr_fr\/wp-json\/wp\/v2\/pages"}],"about":[{"href":"https:\/\/ac-quercy.fr\/fr_fr\/wp-json\/wp\/v2\/types\/page"}],"author":[{"embeddable":true,"href":"https:\/\/ac-quercy.fr\/fr_fr\/wp-json\/wp\/v2\/users\/1"}],"replies":[{"embeddable":true,"href":"https:\/\/ac-quercy.fr\/fr_fr\/wp-json\/wp\/v2\/comments?post=271"}],"version-history":[{"count":0,"href":"https:\/\/ac-quercy.fr\/fr_fr\/wp-json\/wp\/v2\/pages\/271\/revisions"}],"wp:attachment":[{"href":"https:\/\/ac-quercy.fr\/fr_fr\/wp-json\/wp\/v2\/media?parent=271"}],"curies":[{"name":"wp","href":"https:\/\/api.w.org\/{rel}","templated":true}]}}