{"id":2578,"date":"2023-07-08T14:12:07","date_gmt":"2023-07-08T13:12:07","guid":{"rendered":"https:\/\/ac-quercy.fr\/?page_id=2578"},"modified":"2024-04-28T18:33:20","modified_gmt":"2024-04-28T17:33:20","slug":"simulateur-acq","status":"publish","type":"page","link":"https:\/\/ac-quercy.fr\/fr_fr\/simulateur-acq\/","title":{"rendered":"Simulateur ACQ"},"content":{"rendered":"\t\t<div data-elementor-type=\"wp-page\" data-elementor-id=\"2578\" class=\"elementor elementor-2578\">\n\t\t\t\t<div class=\"elementor-element elementor-element-cf02a7d e-flex e-con-boxed e-con e-parent\" data-id=\"cf02a7d\" data-element_type=\"container\" data-e-type=\"container\">\n\t\t\t\t\t<div class=\"e-con-inner\">\n\t\t\t\t<div class=\"elementor-element elementor-element-115171a elementor-widget elementor-widget-heading\" data-id=\"115171a\" data-element_type=\"widget\" data-e-type=\"widget\" data-widget_type=\"heading.default\">\n\t\t\t\t<div class=\"elementor-widget-container\">\n\t\t\t\t\t<h2 class=\"elementor-heading-title elementor-size-default\">Simulateur ACQ<\/h2>\t\t\t\t<\/div>\n\t\t\t\t<\/div>\n\t\t\t\t\t<\/div>\n\t\t\t\t<\/div>\n\t\t<div class=\"elementor-element elementor-element-4cab127 e-flex e-con-boxed e-con e-parent\" data-id=\"4cab127\" data-element_type=\"container\" data-e-type=\"container\">\n\t\t\t\t\t<div class=\"e-con-inner\">\n\t\t\t\t<div class=\"elementor-element elementor-element-9320a96 elementor-widget elementor-widget-text-editor\" data-id=\"9320a96\" data-element_type=\"widget\" data-e-type=\"widget\" data-widget_type=\"text-editor.default\">\n\t\t\t\t<div class=\"elementor-widget-container\">\n\t\t\t\t\t\t\t\t\t<p>L&rsquo;A\u00e9roclub du Quercy met&nbsp;<span style=\"text-align: var(--text-align);\">gracieusement&nbsp;<\/span><span style=\"font-size: inherit; text-align: var(--text-align);\">\u00e0 la disposition de ses membres pilotes et de ses \u00e9l\u00e8ves pilotes un simulateur de vol s&rsquo;appuyant sur Flight Simulateur 2020.<\/span><\/p>\n<p>Le simulateur est \u00e0 l&rsquo;\u00e9chelle 1:1 avec une vraie cellule de PIPER r\u00e9am\u00e9nag\u00e9e et projection vid\u00e9o sur trois murs.<\/p>\n<p>Le simulateur a une conception et une orientation r\u00e9aliste, l&rsquo;appareil de vol est un STINGER-S4, le d\u00e9part est le parking de LFCC.<\/p>\n<p>La premi\u00e8re s\u00e9ance se fait avec un formateur simulateur qui vous guidera pour le d\u00e9marrage et l&rsquo;arret du simulateur, les autres s\u00e9ances se d\u00e9roulant en libre acc\u00e8s.<\/p>\n<p><\/p>\t\t\t\t\t\t\t\t<\/div>\n\t\t\t\t<\/div>\n\t\t\t\t\t<\/div>\n\t\t\t\t<\/div>\n\t\t\t\t<\/div>\n\t\t","protected":false},"excerpt":{"rendered":"<p>Simulateur ACQ L&rsquo;A\u00e9roclub du Quercy met&nbsp;gracieusement&nbsp;\u00e0 la disposition de ses membres pilotes et de ses \u00e9l\u00e8ves pilotes un simulateur de vol s&rsquo;appuyant sur Flight Simulateur 2020. Le simulateur est \u00e0 l&rsquo;\u00e9chelle 1:1 avec une vraie cellule de PIPER r\u00e9am\u00e9nag\u00e9e et projection vid\u00e9o sur trois murs. Le simulateur a une conception [&hellip;]<\/p>\n","protected":false},"author":1,"featured_media":0,"parent":0,"menu_order":0,"comment_status":"closed","ping_status":"closed","template":"","meta":{"_mc_calendar":[],"footnotes":""},"class_list":["post-2578","page","type-page","status-publish","hentry"],"yoast_head":"<!-- This site is optimized with the Yoast SEO plugin v26.9 - https:\/\/yoast.com\/product\/yoast-seo-wordpress\/ -->\n<title>Simulateur ACQ - Aeroclub du Quercy<\/title>\n<meta name=\"robots\" content=\"index, follow, max-snippet:-1, max-image-preview:large, max-video-preview:-1\" \/>\n<link rel=\"canonical\" href=\"https:\/\/ac-quercy.fr\/fr_fr\/simulateur-acq\/\" \/>\n<meta property=\"og:locale\" content=\"fr_FR\" \/>\n<meta property=\"og:type\" content=\"article\" \/>\n<meta property=\"og:title\" content=\"Simulateur ACQ - Aeroclub du Quercy\" \/>\n<meta property=\"og:description\" content=\"Simulateur ACQ L&rsquo;A\u00e9roclub du Quercy met&nbsp;gracieusement&nbsp;\u00e0 la disposition de ses membres pilotes et de ses \u00e9l\u00e8ves pilotes un simulateur de vol s&rsquo;appuyant sur Flight Simulateur 2020. Le simulateur est \u00e0 l&rsquo;\u00e9chelle 1:1 avec une vraie cellule de PIPER r\u00e9am\u00e9nag\u00e9e et projection vid\u00e9o sur trois murs. Le simulateur a une conception [&hellip;]\" \/>\n<meta property=\"og:url\" content=\"https:\/\/ac-quercy.fr\/fr_fr\/simulateur-acq\/\" \/>\n<meta property=\"og:site_name\" content=\"Aeroclub du Quercy\" \/>\n<meta property=\"article:modified_time\" content=\"2024-04-28T17:33:20+00:00\" \/>\n<meta name=\"twitter:label1\" content=\"Dur\u00e9e de lecture estim\u00e9e\" \/>\n\t<meta name=\"twitter:data1\" content=\"1 minute\" \/>\n<script type=\"application\/ld+json\" class=\"yoast-schema-graph\">{\"@context\":\"https:\/\/schema.org\",\"@graph\":[{\"@type\":\"WebPage\",\"@id\":\"https:\/\/ac-quercy.fr\/simulateur-acq\/\",\"url\":\"https:\/\/ac-quercy.fr\/simulateur-acq\/\",\"name\":\"Simulateur ACQ - Aeroclub du Quercy\",\"isPartOf\":{\"@id\":\"https:\/\/ac-quercy.fr\/#website\"},\"datePublished\":\"2023-07-08T13:12:07+00:00\",\"dateModified\":\"2024-04-28T17:33:20+00:00\",\"inLanguage\":\"fr-FR\",\"potentialAction\":[{\"@type\":\"ReadAction\",\"target\":[\"https:\/\/ac-quercy.fr\/simulateur-acq\/\"]}]},{\"@type\":\"WebSite\",\"@id\":\"https:\/\/ac-quercy.fr\/#website\",\"url\":\"https:\/\/ac-quercy.fr\/\",\"name\":\"A\u00e9roclub du Quercy\",\"description\":\"Aviation G\u00e9n\u00e9rale Ecole de pilotage\",\"publisher\":{\"@id\":\"https:\/\/ac-quercy.fr\/#organization\"},\"potentialAction\":[{\"@type\":\"SearchAction\",\"target\":{\"@type\":\"EntryPoint\",\"urlTemplate\":\"https:\/\/ac-quercy.fr\/?s={search_term_string}\"},\"query-input\":{\"@type\":\"PropertyValueSpecification\",\"valueRequired\":true,\"valueName\":\"search_term_string\"}}],\"inLanguage\":\"fr-FR\"},{\"@type\":\"Organization\",\"@id\":\"https:\/\/ac-quercy.fr\/#organization\",\"name\":\"A\u00e9roclub du Quercy\",\"url\":\"https:\/\/ac-quercy.fr\/\",\"logo\":{\"@type\":\"ImageObject\",\"inLanguage\":\"fr-FR\",\"@id\":\"https:\/\/ac-quercy.fr\/#\/schema\/logo\/image\/\",\"url\":\"https:\/\/ac-quercy.fr\/wp-content\/uploads\/2022\/05\/cropped-LogoACQ-scaled-1.jpg\",\"contentUrl\":\"https:\/\/ac-quercy.fr\/wp-content\/uploads\/2022\/05\/cropped-LogoACQ-scaled-1.jpg\",\"width\":512,\"height\":512,\"caption\":\"A\u00e9roclub du Quercy\"},\"image\":{\"@id\":\"https:\/\/ac-quercy.fr\/#\/schema\/logo\/image\/\"}}]}<\/script>\n<!-- \/ Yoast SEO plugin. -->","yoast_head_json":{"title":"Simulateur ACQ - Aeroclub du Quercy","robots":{"index":"index","follow":"follow","max-snippet":"max-snippet:-1","max-image-preview":"max-image-preview:large","max-video-preview":"max-video-preview:-1"},"canonical":"https:\/\/ac-quercy.fr\/fr_fr\/simulateur-acq\/","og_locale":"fr_FR","og_type":"article","og_title":"Simulateur ACQ - Aeroclub du Quercy","og_description":"Simulateur ACQ L&rsquo;A\u00e9roclub du Quercy met&nbsp;gracieusement&nbsp;\u00e0 la disposition de ses membres pilotes et de ses \u00e9l\u00e8ves pilotes un simulateur de vol s&rsquo;appuyant sur Flight Simulateur 2020. Le simulateur est \u00e0 l&rsquo;\u00e9chelle 1:1 avec une vraie cellule de PIPER r\u00e9am\u00e9nag\u00e9e et projection vid\u00e9o sur trois murs. Le simulateur a une conception [&hellip;]","og_url":"https:\/\/ac-quercy.fr\/fr_fr\/simulateur-acq\/","og_site_name":"Aeroclub du Quercy","article_modified_time":"2024-04-28T17:33:20+00:00","twitter_misc":{"Dur\u00e9e de lecture estim\u00e9e":"1 minute"},"schema":{"@context":"https:\/\/schema.org","@graph":[{"@type":"WebPage","@id":"https:\/\/ac-quercy.fr\/simulateur-acq\/","url":"https:\/\/ac-quercy.fr\/simulateur-acq\/","name":"Simulateur ACQ - Aeroclub du Quercy","isPartOf":{"@id":"https:\/\/ac-quercy.fr\/#website"},"datePublished":"2023-07-08T13:12:07+00:00","dateModified":"2024-04-28T17:33:20+00:00","inLanguage":"fr-FR","potentialAction":[{"@type":"ReadAction","target":["https:\/\/ac-quercy.fr\/simulateur-acq\/"]}]},{"@type":"WebSite","@id":"https:\/\/ac-quercy.fr\/#website","url":"https:\/\/ac-quercy.fr\/","name":"A\u00e9roclub du Quercy","description":"Aviation G\u00e9n\u00e9rale Ecole de pilotage","publisher":{"@id":"https:\/\/ac-quercy.fr\/#organization"},"potentialAction":[{"@type":"SearchAction","target":{"@type":"EntryPoint","urlTemplate":"https:\/\/ac-quercy.fr\/?s={search_term_string}"},"query-input":{"@type":"PropertyValueSpecification","valueRequired":true,"valueName":"search_term_string"}}],"inLanguage":"fr-FR"},{"@type":"Organization","@id":"https:\/\/ac-quercy.fr\/#organization","name":"A\u00e9roclub du Quercy","url":"https:\/\/ac-quercy.fr\/","logo":{"@type":"ImageObject","inLanguage":"fr-FR","@id":"https:\/\/ac-quercy.fr\/#\/schema\/logo\/image\/","url":"https:\/\/ac-quercy.fr\/wp-content\/uploads\/2022\/05\/cropped-LogoACQ-scaled-1.jpg","contentUrl":"https:\/\/ac-quercy.fr\/wp-content\/uploads\/2022\/05\/cropped-LogoACQ-scaled-1.jpg","width":512,"height":512,"caption":"A\u00e9roclub du Quercy"},"image":{"@id":"https:\/\/ac-quercy.fr\/#\/schema\/logo\/image\/"}}]}},"publishpress_future_action":{"enabled":false,"date":"2026-04-25 11:19:16","action":"change-status","newStatus":"draft","terms":[],"taxonomy":"","extraData":[]},"publishpress_future_workflow_manual_trigger":{"enabledWorkflows":[]},"_links":{"self":[{"href":"https:\/\/ac-quercy.fr\/fr_fr\/wp-json\/wp\/v2\/pages\/2578","targetHints":{"allow":["GET"]}}],"collection":[{"href":"https:\/\/ac-quercy.fr\/fr_fr\/wp-json\/wp\/v2\/pages"}],"about":[{"href":"https:\/\/ac-quercy.fr\/fr_fr\/wp-json\/wp\/v2\/types\/page"}],"author":[{"embeddable":true,"href":"https:\/\/ac-quercy.fr\/fr_fr\/wp-json\/wp\/v2\/users\/1"}],"replies":[{"embeddable":true,"href":"https:\/\/ac-quercy.fr\/fr_fr\/wp-json\/wp\/v2\/comments?post=2578"}],"version-history":[{"count":0,"href":"https:\/\/ac-quercy.fr\/fr_fr\/wp-json\/wp\/v2\/pages\/2578\/revisions"}],"wp:attachment":[{"href":"https:\/\/ac-quercy.fr\/fr_fr\/wp-json\/wp\/v2\/media?parent=2578"}],"curies":[{"name":"wp","href":"https:\/\/api.w.org\/{rel}","templated":true}]}}