{"id":248,"date":"2022-04-17T21:09:42","date_gmt":"2022-04-17T20:09:42","guid":{"rendered":"https:\/\/ramahef.fr\/ACQ\/?page_id=248"},"modified":"2023-05-21T10:56:29","modified_gmt":"2023-05-21T09:56:29","slug":"apm-30","status":"publish","type":"page","link":"https:\/\/ac-quercy.fr\/fr_fr\/apm-30\/","title":{"rendered":"APM 30"},"content":{"rendered":"\t\t<div data-elementor-type=\"wp-page\" data-elementor-id=\"248\" class=\"elementor elementor-248\">\n\t\t\t\t\t\t<section class=\"elementor-section elementor-top-section elementor-element elementor-element-5a09953c elementor-section-boxed elementor-section-height-default elementor-section-height-default\" data-id=\"5a09953c\" data-element_type=\"section\" data-e-type=\"section\">\n\t\t\t\t\t\t<div class=\"elementor-container elementor-column-gap-default\">\n\t\t\t\t\t<div class=\"elementor-column elementor-col-100 elementor-top-column elementor-element elementor-element-52c82f2c\" data-id=\"52c82f2c\" data-element_type=\"column\" data-e-type=\"column\">\n\t\t\t<div class=\"elementor-widget-wrap elementor-element-populated\">\n\t\t\t\t\t\t<div class=\"elementor-element elementor-element-49ae4cd8 elementor-widget elementor-widget-text-editor\" data-id=\"49ae4cd8\" data-element_type=\"widget\" data-e-type=\"widget\" data-widget_type=\"text-editor.default\">\n\t\t\t\t<div class=\"elementor-widget-container\">\n\t\t\t\t\t\t\t\t\t\n<h1>APM<strong> 30 F-HEBN<\/strong><\/h1>\n<p>Avion \u00e9cole 3\u00a0places<\/p>\n\n<p>Puissance : 100 CV &#8211;\u00a0 Vitesse de croisi\u00e8re 110 kt<\/p>\n\t\t\t\t\t\t\t\t<\/div>\n\t\t\t\t<\/div>\n\t\t\t\t\t<\/div>\n\t\t<\/div>\n\t\t\t\t\t<\/div>\n\t\t<\/section>\n\t\t\t\t<section class=\"elementor-section elementor-top-section elementor-element elementor-element-0da3473 elementor-section-boxed elementor-section-height-default elementor-section-height-default\" data-id=\"0da3473\" data-element_type=\"section\" data-e-type=\"section\">\n\t\t\t\t\t\t<div class=\"elementor-container elementor-column-gap-default\">\n\t\t\t\t\t<div class=\"elementor-column elementor-col-50 elementor-top-column elementor-element elementor-element-ac76613\" data-id=\"ac76613\" data-element_type=\"column\" data-e-type=\"column\">\n\t\t\t<div class=\"elementor-widget-wrap elementor-element-populated\">\n\t\t\t\t\t\t<div class=\"elementor-element elementor-element-4bfb8d9 elementor-widget elementor-widget-image\" data-id=\"4bfb8d9\" data-element_type=\"widget\" data-e-type=\"widget\" data-widget_type=\"image.default\">\n\t\t\t\t<div class=\"elementor-widget-container\">\n\t\t\t\t\t\t\t\t\t\t\t\t<figure class=\"wp-caption\">\n\t\t\t\t\t\t\t\t\t\t<img fetchpriority=\"high\" width=\"750\" height=\"348\"  class=\"attachment-large size-large wp-image-1405 lws-optimize-lazyload\" alt=\"\" srcset=\"https:\/\/ac-quercy.fr\/wp-content\/uploads\/2022\/07\/F-HEBN-1024x475.jpg 1024w, https:\/\/ac-quercy.fr\/wp-content\/uploads\/2022\/07\/F-HEBN-300x139.jpg 300w, https:\/\/ac-quercy.fr\/wp-content\/uploads\/2022\/07\/F-HEBN-768x357.jpg 768w, https:\/\/ac-quercy.fr\/wp-content\/uploads\/2022\/07\/F-HEBN-1536x713.jpg 1536w, https:\/\/ac-quercy.fr\/wp-content\/uploads\/2022\/07\/F-HEBN.jpg 1893w\" sizes=\"(max-width: 750px) 100vw, 750px\" \/ data-src=\"https:\/\/ac-quercy.fr\/wp-content\/uploads\/2022\/07\/F-HEBN-1024x475.jpg\">\t\t\t\t\t\t\t\t\t\t\t<figcaption class=\"widget-image-caption wp-caption-text\">APM 30<\/figcaption>\n\t\t\t\t\t\t\t\t\t\t<\/figure>\n\t\t\t\t\t\t\t\t\t<\/div>\n\t\t\t\t<\/div>\n\t\t\t\t\t<\/div>\n\t\t<\/div>\n\t\t\t\t<div class=\"elementor-column elementor-col-50 elementor-top-column elementor-element elementor-element-205bb10\" data-id=\"205bb10\" data-element_type=\"column\" data-e-type=\"column\">\n\t\t\t<div class=\"elementor-widget-wrap elementor-element-populated\">\n\t\t\t\t\t\t<div class=\"elementor-element elementor-element-439ba92 elementor-widget elementor-widget-image\" data-id=\"439ba92\" data-element_type=\"widget\" data-e-type=\"widget\" data-widget_type=\"image.default\">\n\t\t\t\t<div class=\"elementor-widget-container\">\n\t\t\t\t\t\t\t\t\t\t\t\t<figure class=\"wp-caption\">\n\t\t\t\t\t\t\t\t\t\t<img width=\"750\" height=\"380\"  class=\"attachment-large size-large wp-image-1404 lws-optimize-lazyload\" alt=\"\" srcset=\"https:\/\/ac-quercy.fr\/wp-content\/uploads\/2022\/07\/Tab-bord_F-HEBN-1024x519.jpg 1024w, https:\/\/ac-quercy.fr\/wp-content\/uploads\/2022\/07\/Tab-bord_F-HEBN-300x152.jpg 300w, https:\/\/ac-quercy.fr\/wp-content\/uploads\/2022\/07\/Tab-bord_F-HEBN-768x389.jpg 768w, https:\/\/ac-quercy.fr\/wp-content\/uploads\/2022\/07\/Tab-bord_F-HEBN-1536x778.jpg 1536w, https:\/\/ac-quercy.fr\/wp-content\/uploads\/2022\/07\/Tab-bord_F-HEBN.jpg 2001w\" sizes=\"(max-width: 750px) 100vw, 750px\" \/ data-src=\"https:\/\/ac-quercy.fr\/wp-content\/uploads\/2022\/07\/Tab-bord_F-HEBN-1024x519.jpg\">\t\t\t\t\t\t\t\t\t\t\t<figcaption class=\"widget-image-caption wp-caption-text\">Tableau de bord<\/figcaption>\n\t\t\t\t\t\t\t\t\t\t<\/figure>\n\t\t\t\t\t\t\t\t\t<\/div>\n\t\t\t\t<\/div>\n\t\t\t\t\t<\/div>\n\t\t<\/div>\n\t\t\t\t\t<\/div>\n\t\t<\/section>\n\t\t\t\t<section class=\"elementor-section elementor-top-section elementor-element elementor-element-921aec0 elementor-section-boxed elementor-section-height-default elementor-section-height-default\" data-id=\"921aec0\" data-element_type=\"section\" data-e-type=\"section\">\n\t\t\t\t\t\t<div class=\"elementor-container elementor-column-gap-default\">\n\t\t\t\t\t<div class=\"elementor-column elementor-col-100 elementor-top-column elementor-element elementor-element-79a65cc\" data-id=\"79a65cc\" data-element_type=\"column\" data-e-type=\"column\">\n\t\t\t<div class=\"elementor-widget-wrap elementor-element-populated\">\n\t\t\t\t\t\t<div class=\"elementor-element elementor-element-e221c54 elementor-widget elementor-widget-html\" data-id=\"e221c54\" data-element_type=\"widget\" data-e-type=\"widget\" data-widget_type=\"html.default\">\n\t\t\t\t<div class=\"elementor-widget-container\">\n\t\t\t\t\t<div style align='center'>\r\n<a target=\"_blank\" href='https:\/\/www.google.fr\/maps\/place\/A%C3%A9roclub+du+Quercy\/@44.3494865,1.4755596,3a,75y,4.52h,77.57t\/data=!3m8!1e1!3m6!1sAF1QipMlv6-2t0sCxmb1kTaBv-cYNIX0Gk7r2zdZHQvS!2e10!3e11!6shttps:%2F%2Flh5.googleusercontent.com%2Fp%2FAF1QipMlv6-2t0sCxmb1kTaBv-cYNIX0Gk7r2zdZHQvS%3Dw203-h100-k-no-pi-10-ya200-ro0-fo100!7i13000!8i6500!4m9!3m8!1s0x12ac6106ac614f0d:0x452cc66294c326b0!8m2!3d44.3490791!4d1.4756174!10e5!14m1!1BCgIgARICGAI!16s%2Fg%2F1td1y388'>Visuel 360\u00b0 sur le cockpit<\/a>\r\n<\/div>\t\t\t\t<\/div>\n\t\t\t\t<\/div>\n\t\t\t\t\t<\/div>\n\t\t<\/div>\n\t\t\t\t\t<\/div>\n\t\t<\/section>\n\t\t\t\t<\/div>\n\t\t","protected":false},"excerpt":{"rendered":"<p>APM 30 F-HEBN Avion \u00e9cole 3\u00a0places Puissance : 100 CV &#8211;\u00a0 Vitesse de croisi\u00e8re 110 kt APM 30 Tableau de bord Visuel 360\u00b0 sur le cockpit<\/p>\n","protected":false},"author":1,"featured_media":0,"parent":0,"menu_order":0,"comment_status":"closed","ping_status":"closed","template":"","meta":{"_mc_calendar":[],"footnotes":""},"class_list":["post-248","page","type-page","status-publish","hentry"],"yoast_head":"<!-- This site is optimized with the Yoast SEO plugin v26.9 - https:\/\/yoast.com\/product\/yoast-seo-wordpress\/ -->\n<title>APM 30 - Aeroclub du Quercy<\/title>\n<meta name=\"robots\" content=\"index, follow, max-snippet:-1, max-image-preview:large, max-video-preview:-1\" \/>\n<link rel=\"canonical\" href=\"https:\/\/ac-quercy.fr\/fr_fr\/apm-30\/\" \/>\n<meta property=\"og:locale\" content=\"fr_FR\" \/>\n<meta property=\"og:type\" content=\"article\" \/>\n<meta property=\"og:title\" content=\"APM 30 - Aeroclub du Quercy\" \/>\n<meta property=\"og:description\" content=\"APM 30 F-HEBN Avion \u00e9cole 3\u00a0places Puissance : 100 CV &#8211;\u00a0 Vitesse de croisi\u00e8re 110 kt APM 30 Tableau de bord Visuel 360\u00b0 sur le cockpit\" \/>\n<meta property=\"og:url\" content=\"https:\/\/ac-quercy.fr\/fr_fr\/apm-30\/\" \/>\n<meta property=\"og:site_name\" content=\"Aeroclub du Quercy\" \/>\n<meta property=\"article:modified_time\" content=\"2023-05-21T09:56:29+00:00\" \/>\n<meta property=\"og:image\" content=\"https:\/\/ac-quercy.fr\/wp-content\/uploads\/2022\/07\/F-HEBN-1024x475.jpg\" \/>\n<meta name=\"twitter:label1\" content=\"Dur\u00e9e de lecture estim\u00e9e\" \/>\n\t<meta name=\"twitter:data1\" content=\"1 minute\" \/>\n<script type=\"application\/ld+json\" class=\"yoast-schema-graph\">{\"@context\":\"https:\/\/schema.org\",\"@graph\":[{\"@type\":\"WebPage\",\"@id\":\"https:\/\/ac-quercy.fr\/apm-30\/\",\"url\":\"https:\/\/ac-quercy.fr\/apm-30\/\",\"name\":\"APM 30 - Aeroclub du Quercy\",\"isPartOf\":{\"@id\":\"https:\/\/ac-quercy.fr\/#website\"},\"primaryImageOfPage\":{\"@id\":\"https:\/\/ac-quercy.fr\/apm-30\/#primaryimage\"},\"image\":{\"@id\":\"https:\/\/ac-quercy.fr\/apm-30\/#primaryimage\"},\"thumbnailUrl\":\"https:\/\/ac-quercy.fr\/wp-content\/uploads\/2022\/07\/F-HEBN-1024x475.jpg\",\"datePublished\":\"2022-04-17T20:09:42+00:00\",\"dateModified\":\"2023-05-21T09:56:29+00:00\",\"inLanguage\":\"fr-FR\",\"potentialAction\":[{\"@type\":\"ReadAction\",\"target\":[\"https:\/\/ac-quercy.fr\/apm-30\/\"]}]},{\"@type\":\"ImageObject\",\"inLanguage\":\"fr-FR\",\"@id\":\"https:\/\/ac-quercy.fr\/apm-30\/#primaryimage\",\"url\":\"https:\/\/ac-quercy.fr\/wp-content\/uploads\/2022\/07\/F-HEBN-1024x475.jpg\",\"contentUrl\":\"https:\/\/ac-quercy.fr\/wp-content\/uploads\/2022\/07\/F-HEBN-1024x475.jpg\"},{\"@type\":\"WebSite\",\"@id\":\"https:\/\/ac-quercy.fr\/#website\",\"url\":\"https:\/\/ac-quercy.fr\/\",\"name\":\"A\u00e9roclub du Quercy\",\"description\":\"Aviation G\u00e9n\u00e9rale Ecole de pilotage\",\"publisher\":{\"@id\":\"https:\/\/ac-quercy.fr\/#organization\"},\"potentialAction\":[{\"@type\":\"SearchAction\",\"target\":{\"@type\":\"EntryPoint\",\"urlTemplate\":\"https:\/\/ac-quercy.fr\/?s={search_term_string}\"},\"query-input\":{\"@type\":\"PropertyValueSpecification\",\"valueRequired\":true,\"valueName\":\"search_term_string\"}}],\"inLanguage\":\"fr-FR\"},{\"@type\":\"Organization\",\"@id\":\"https:\/\/ac-quercy.fr\/#organization\",\"name\":\"A\u00e9roclub du Quercy\",\"url\":\"https:\/\/ac-quercy.fr\/\",\"logo\":{\"@type\":\"ImageObject\",\"inLanguage\":\"fr-FR\",\"@id\":\"https:\/\/ac-quercy.fr\/#\/schema\/logo\/image\/\",\"url\":\"https:\/\/ac-quercy.fr\/wp-content\/uploads\/2022\/05\/cropped-LogoACQ-scaled-1.jpg\",\"contentUrl\":\"https:\/\/ac-quercy.fr\/wp-content\/uploads\/2022\/05\/cropped-LogoACQ-scaled-1.jpg\",\"width\":512,\"height\":512,\"caption\":\"A\u00e9roclub du Quercy\"},\"image\":{\"@id\":\"https:\/\/ac-quercy.fr\/#\/schema\/logo\/image\/\"}}]}<\/script>\n<!-- \/ Yoast SEO plugin. -->","yoast_head_json":{"title":"APM 30 - Aeroclub du Quercy","robots":{"index":"index","follow":"follow","max-snippet":"max-snippet:-1","max-image-preview":"max-image-preview:large","max-video-preview":"max-video-preview:-1"},"canonical":"https:\/\/ac-quercy.fr\/fr_fr\/apm-30\/","og_locale":"fr_FR","og_type":"article","og_title":"APM 30 - Aeroclub du Quercy","og_description":"APM 30 F-HEBN Avion \u00e9cole 3\u00a0places Puissance : 100 CV &#8211;\u00a0 Vitesse de croisi\u00e8re 110 kt APM 30 Tableau de bord Visuel 360\u00b0 sur le cockpit","og_url":"https:\/\/ac-quercy.fr\/fr_fr\/apm-30\/","og_site_name":"Aeroclub du Quercy","article_modified_time":"2023-05-21T09:56:29+00:00","og_image":[{"url":"https:\/\/ac-quercy.fr\/wp-content\/uploads\/2022\/07\/F-HEBN-1024x475.jpg","type":"","width":"","height":""}],"twitter_misc":{"Dur\u00e9e de lecture estim\u00e9e":"1 minute"},"schema":{"@context":"https:\/\/schema.org","@graph":[{"@type":"WebPage","@id":"https:\/\/ac-quercy.fr\/apm-30\/","url":"https:\/\/ac-quercy.fr\/apm-30\/","name":"APM 30 - Aeroclub du Quercy","isPartOf":{"@id":"https:\/\/ac-quercy.fr\/#website"},"primaryImageOfPage":{"@id":"https:\/\/ac-quercy.fr\/apm-30\/#primaryimage"},"image":{"@id":"https:\/\/ac-quercy.fr\/apm-30\/#primaryimage"},"thumbnailUrl":"https:\/\/ac-quercy.fr\/wp-content\/uploads\/2022\/07\/F-HEBN-1024x475.jpg","datePublished":"2022-04-17T20:09:42+00:00","dateModified":"2023-05-21T09:56:29+00:00","inLanguage":"fr-FR","potentialAction":[{"@type":"ReadAction","target":["https:\/\/ac-quercy.fr\/apm-30\/"]}]},{"@type":"ImageObject","inLanguage":"fr-FR","@id":"https:\/\/ac-quercy.fr\/apm-30\/#primaryimage","url":"https:\/\/ac-quercy.fr\/wp-content\/uploads\/2022\/07\/F-HEBN-1024x475.jpg","contentUrl":"https:\/\/ac-quercy.fr\/wp-content\/uploads\/2022\/07\/F-HEBN-1024x475.jpg"},{"@type":"WebSite","@id":"https:\/\/ac-quercy.fr\/#website","url":"https:\/\/ac-quercy.fr\/","name":"A\u00e9roclub du Quercy","description":"Aviation G\u00e9n\u00e9rale Ecole de pilotage","publisher":{"@id":"https:\/\/ac-quercy.fr\/#organization"},"potentialAction":[{"@type":"SearchAction","target":{"@type":"EntryPoint","urlTemplate":"https:\/\/ac-quercy.fr\/?s={search_term_string}"},"query-input":{"@type":"PropertyValueSpecification","valueRequired":true,"valueName":"search_term_string"}}],"inLanguage":"fr-FR"},{"@type":"Organization","@id":"https:\/\/ac-quercy.fr\/#organization","name":"A\u00e9roclub du Quercy","url":"https:\/\/ac-quercy.fr\/","logo":{"@type":"ImageObject","inLanguage":"fr-FR","@id":"https:\/\/ac-quercy.fr\/#\/schema\/logo\/image\/","url":"https:\/\/ac-quercy.fr\/wp-content\/uploads\/2022\/05\/cropped-LogoACQ-scaled-1.jpg","contentUrl":"https:\/\/ac-quercy.fr\/wp-content\/uploads\/2022\/05\/cropped-LogoACQ-scaled-1.jpg","width":512,"height":512,"caption":"A\u00e9roclub du Quercy"},"image":{"@id":"https:\/\/ac-quercy.fr\/#\/schema\/logo\/image\/"}}]}},"publishpress_future_action":{"enabled":false,"date":"2026-04-25 11:17:08","action":"change-status","newStatus":"draft","terms":[],"taxonomy":"","extraData":[]},"publishpress_future_workflow_manual_trigger":{"enabledWorkflows":[]},"_links":{"self":[{"href":"https:\/\/ac-quercy.fr\/fr_fr\/wp-json\/wp\/v2\/pages\/248","targetHints":{"allow":["GET"]}}],"collection":[{"href":"https:\/\/ac-quercy.fr\/fr_fr\/wp-json\/wp\/v2\/pages"}],"about":[{"href":"https:\/\/ac-quercy.fr\/fr_fr\/wp-json\/wp\/v2\/types\/page"}],"author":[{"embeddable":true,"href":"https:\/\/ac-quercy.fr\/fr_fr\/wp-json\/wp\/v2\/users\/1"}],"replies":[{"embeddable":true,"href":"https:\/\/ac-quercy.fr\/fr_fr\/wp-json\/wp\/v2\/comments?post=248"}],"version-history":[{"count":0,"href":"https:\/\/ac-quercy.fr\/fr_fr\/wp-json\/wp\/v2\/pages\/248\/revisions"}],"wp:attachment":[{"href":"https:\/\/ac-quercy.fr\/fr_fr\/wp-json\/wp\/v2\/media?parent=248"}],"curies":[{"name":"wp","href":"https:\/\/api.w.org\/{rel}","templated":true}]}}