{"id":2447,"date":"2023-06-25T11:47:07","date_gmt":"2023-06-25T10:47:07","guid":{"rendered":"https:\/\/ac-quercy.fr\/?page_id=2447"},"modified":"2023-06-25T13:42:32","modified_gmt":"2023-06-25T12:42:32","slug":"preparation-vol","status":"publish","type":"page","link":"https:\/\/ac-quercy.fr\/fr_fr\/preparation-vol\/","title":{"rendered":"Preparation vol"},"content":{"rendered":"\t\t<div data-elementor-type=\"wp-page\" data-elementor-id=\"2447\" class=\"elementor elementor-2447\">\n\t\t\t\t<div class=\"elementor-element elementor-element-90d9e4f e-flex e-con-boxed e-con e-parent\" data-id=\"90d9e4f\" data-element_type=\"container\" data-e-type=\"container\">\n\t\t\t\t\t<div class=\"e-con-inner\">\n\t\t\t\t<div class=\"elementor-element elementor-element-c0dd027 elementor-widget elementor-widget-heading\" data-id=\"c0dd027\" data-element_type=\"widget\" data-e-type=\"widget\" data-widget_type=\"heading.default\">\n\t\t\t\t<div class=\"elementor-widget-container\">\n\t\t\t\t\t<h2 class=\"elementor-heading-title elementor-size-default\">Acces aux diff\u00e9rentes ressources pour la pr\u00e9paration du vol<\/h2>\t\t\t\t<\/div>\n\t\t\t\t<\/div>\n\t\t\t\t\t<\/div>\n\t\t\t\t<\/div>\n\t\t<div class=\"elementor-element elementor-element-c0ee419 e-flex e-con-boxed e-con e-parent\" data-id=\"c0ee419\" data-element_type=\"container\" data-e-type=\"container\">\n\t\t\t\t\t<div class=\"e-con-inner\">\n\t\t<div class=\"elementor-element elementor-element-14059fa e-con-full e-flex e-con e-parent\" data-id=\"14059fa\" data-element_type=\"container\" data-e-type=\"container\">\n\t\t\t\t<div class=\"elementor-element elementor-element-0ef8e9c elementor-widget elementor-widget-text-editor\" data-id=\"0ef8e9c\" data-element_type=\"widget\" data-e-type=\"widget\" data-widget_type=\"text-editor.default\">\n\t\t\t\t<div class=\"elementor-widget-container\">\n\t\t\t\t\t\t\t\t\t<p align=\"center\">SOFIA-BREIFING<\/p>\n<p align=\"center\">ACCES :<\/p>\n\u2022 url : <a href=\"https:\/\/sofia-briefing.aviation-civile.gouv.fr\/sofia\/pages\/prepavol.html\n\" target =\"blank\" >SOFIA <\/br><\/br><\/a>\n\n\u2022 qrcode\u00a0: <img fetchpriority=\"high\"  alt=\"\" width=\"300\" height=\"300\" class=\"alignnone size-medium wp-image-2454 lws-optimize-lazyload\" \/ data-src=\"https:\/\/ac-quercy.fr\/wp-content\/uploads\/2023\/06\/qrcode_Sofia-300x300.png\" srcset=\"https:\/\/ac-quercy.fr\/wp-content\/uploads\/2023\/06\/qrcode_Sofia-300x300.png 300w, https:\/\/ac-quercy.fr\/wp-content\/uploads\/2023\/06\/qrcode_Sofia-150x150.png 150w, https:\/\/ac-quercy.fr\/wp-content\/uploads\/2023\/06\/qrcode_Sofia-12x12.png 12w, https:\/\/ac-quercy.fr\/wp-content\/uploads\/2023\/06\/qrcode_Sofia.png 450w\" sizes=\"(max-width: 300px) 100vw, 300px\" \/><\/br><\/br>\n\nL\u2019acc\u00e8s se fait<\/br><\/br>\n\n\u2022 sans inscription mais perte des donn\u00e9es \u00e0 la fin de la session ou<\/br><\/br>\n\u2022 via cr\u00e9ation de compte puis connexion, permettant la persistance des donn\u00e9es apr\u00e8s la session<\/br><\/br>\n\nLe service vous guide pour la pr\u00e9paration des vols\t\t\t\t\t\t\t\t<\/div>\n\t\t\t\t<\/div>\n\t\t\t\t<\/div>\n\t\t<div class=\"elementor-element elementor-element-17afd78 e-con-full e-flex e-con e-parent\" data-id=\"17afd78\" data-element_type=\"container\" data-e-type=\"container\">\n\t\t\t\t<div class=\"elementor-element elementor-element-a415fd4 elementor-widget elementor-widget-text-editor\" data-id=\"a415fd4\" data-element_type=\"widget\" data-e-type=\"widget\" data-widget_type=\"text-editor.default\">\n\t\t\t\t<div class=\"elementor-widget-container\">\n\t\t\t\t\t\t\t\t\t<p align=\"center\">SIA<\/p>\n<p align=\"center\">ACCES :<\/p>\n\u2022 url : <a href=\"https:\/\/www.sia.aviation-civile.gouv.fr\/\" target=\"blank\">SIA<\/br><\/br><\/a>\n\n\u2022 qrcode\u00a0:<img  alt=\"\" width=\"300\" height=\"300\" class=\"alignnone size-medium wp-image-2454 lws-optimize-lazyload\" \/ data-src=\"https:\/\/ac-quercy.fr\/wp-content\/uploads\/2023\/06\/qrcode_SIA-300x300.png\"><\/br><\/br>\n\n\u2022 Version smartphone\u00a0:<\/br><\/br>\n\n\u25e6 SOFIA VAC\ndisponible pour Android sur Google Play Store<\/br><\/br>\n\n\u25e6 SOFIA VAC\ndisponible sur Apple Store\t\t\t\t\t\t\t\t<\/div>\n\t\t\t\t<\/div>\n\t\t\t\t<\/div>\n\t\t<div class=\"elementor-element elementor-element-0e57801 e-con-full e-flex e-con e-parent\" data-id=\"0e57801\" data-element_type=\"container\" data-e-type=\"container\">\n\t\t\t\t<div class=\"elementor-element elementor-element-82f0e31 elementor-widget elementor-widget-text-editor\" data-id=\"82f0e31\" data-element_type=\"widget\" data-e-type=\"widget\" data-widget_type=\"text-editor.default\">\n\t\t\t\t<div class=\"elementor-widget-container\">\n\t\t\t\t\t\t\t\t\t<p align=\"center\">AEROWEB<\/p>\n<p align=\"center\">en voie de d\u00e9pr\u00e9ciation<\/p>\n<p align=\"center\">ACCES :<\/p>\n\u2022 url : <a href=\"https:\/\/aviation.meteo.fr\/login.php\" target =\"blank\" >AEROWEB<\/br><\/br><\/a>\n\nL\u2019acc\u00e8s se fait via cr\u00e9ation de compte puis connexion<\/br><\/br>\n\n\u2022 qrcode\u00a0:<img  alt=\"\" width=\"300\" height=\"300\" class=\"alignnone size-medium wp-image-2454 lws-optimize-lazyload\" \/ data-src=\"https:\/\/ac-quercy.fr\/wp-content\/uploads\/2023\/06\/qrcode_Aeroweb-300x300.png\"><\/br><\/br>\n\nAvec le qr code, choisir la version adapt\u00e9e \u00e0 son m\u00e9dia ( ordinateur, t\u00e9l\u00e9phone ou tablette )\t\t\t\t\t\t\t\t<\/div>\n\t\t\t\t<\/div>\n\t\t\t\t<\/div>\n\t\t\t\t\t<\/div>\n\t\t\t\t<\/div>\n\t\t\t\t<\/div>\n\t\t","protected":false},"excerpt":{"rendered":"<p>Acces aux diff\u00e9rentes ressources pour la pr\u00e9paration du vol SOFIA-BREIFING ACCES : \u2022 url : SOFIA \u2022 qrcode\u00a0: L\u2019acc\u00e8s se fait \u2022 sans inscription mais perte des donn\u00e9es \u00e0 la fin de la session ou \u2022 via cr\u00e9ation de compte puis connexion, permettant la persistance des donn\u00e9es apr\u00e8s la session [&hellip;]<\/p>\n","protected":false},"author":1,"featured_media":0,"parent":0,"menu_order":0,"comment_status":"closed","ping_status":"closed","template":"page-templates\/template-pagebuilder-full-width.php","meta":{"_mc_calendar":[],"footnotes":""},"class_list":["post-2447","page","type-page","status-publish","hentry"],"yoast_head":"<!-- This site is optimized with the Yoast SEO plugin v26.9 - https:\/\/yoast.com\/product\/yoast-seo-wordpress\/ -->\n<title>Preparation vol - Aeroclub du Quercy<\/title>\n<meta name=\"robots\" content=\"index, follow, max-snippet:-1, max-image-preview:large, max-video-preview:-1\" \/>\n<link rel=\"canonical\" href=\"https:\/\/ac-quercy.fr\/fr_fr\/preparation-vol\/\" \/>\n<meta property=\"og:locale\" content=\"fr_FR\" \/>\n<meta property=\"og:type\" content=\"article\" \/>\n<meta property=\"og:title\" content=\"Preparation vol - Aeroclub du Quercy\" \/>\n<meta property=\"og:description\" content=\"Acces aux diff\u00e9rentes ressources pour la pr\u00e9paration du vol SOFIA-BREIFING ACCES : \u2022 url : SOFIA \u2022 qrcode\u00a0: L\u2019acc\u00e8s se fait \u2022 sans inscription mais perte des donn\u00e9es \u00e0 la fin de la session ou \u2022 via cr\u00e9ation de compte puis connexion, permettant la persistance des donn\u00e9es apr\u00e8s la session [&hellip;]\" \/>\n<meta property=\"og:url\" content=\"https:\/\/ac-quercy.fr\/fr_fr\/preparation-vol\/\" \/>\n<meta property=\"og:site_name\" content=\"Aeroclub du Quercy\" \/>\n<meta property=\"article:modified_time\" content=\"2023-06-25T12:42:32+00:00\" \/>\n<meta property=\"og:image\" content=\"https:\/\/ac-quercy.fr\/wp-content\/uploads\/2023\/06\/qrcode_Sofia-300x300.png\" \/>\n<meta name=\"twitter:label1\" content=\"Dur\u00e9e de lecture estim\u00e9e\" \/>\n\t<meta name=\"twitter:data1\" content=\"2 minutes\" \/>\n<script type=\"application\/ld+json\" class=\"yoast-schema-graph\">{\"@context\":\"https:\/\/schema.org\",\"@graph\":[{\"@type\":\"WebPage\",\"@id\":\"https:\/\/ac-quercy.fr\/preparation-vol\/\",\"url\":\"https:\/\/ac-quercy.fr\/preparation-vol\/\",\"name\":\"Preparation vol - Aeroclub du Quercy\",\"isPartOf\":{\"@id\":\"https:\/\/ac-quercy.fr\/#website\"},\"primaryImageOfPage\":{\"@id\":\"https:\/\/ac-quercy.fr\/preparation-vol\/#primaryimage\"},\"image\":{\"@id\":\"https:\/\/ac-quercy.fr\/preparation-vol\/#primaryimage\"},\"thumbnailUrl\":\"https:\/\/ac-quercy.fr\/wp-content\/uploads\/2023\/06\/qrcode_Sofia-300x300.png\",\"datePublished\":\"2023-06-25T10:47:07+00:00\",\"dateModified\":\"2023-06-25T12:42:32+00:00\",\"inLanguage\":\"fr-FR\",\"potentialAction\":[{\"@type\":\"ReadAction\",\"target\":[\"https:\/\/ac-quercy.fr\/preparation-vol\/\"]}]},{\"@type\":\"ImageObject\",\"inLanguage\":\"fr-FR\",\"@id\":\"https:\/\/ac-quercy.fr\/preparation-vol\/#primaryimage\",\"url\":\"https:\/\/ac-quercy.fr\/wp-content\/uploads\/2023\/06\/qrcode_Sofia-300x300.png\",\"contentUrl\":\"https:\/\/ac-quercy.fr\/wp-content\/uploads\/2023\/06\/qrcode_Sofia-300x300.png\"},{\"@type\":\"WebSite\",\"@id\":\"https:\/\/ac-quercy.fr\/#website\",\"url\":\"https:\/\/ac-quercy.fr\/\",\"name\":\"A\u00e9roclub du Quercy\",\"description\":\"Aviation G\u00e9n\u00e9rale Ecole de pilotage\",\"publisher\":{\"@id\":\"https:\/\/ac-quercy.fr\/#organization\"},\"potentialAction\":[{\"@type\":\"SearchAction\",\"target\":{\"@type\":\"EntryPoint\",\"urlTemplate\":\"https:\/\/ac-quercy.fr\/?s={search_term_string}\"},\"query-input\":{\"@type\":\"PropertyValueSpecification\",\"valueRequired\":true,\"valueName\":\"search_term_string\"}}],\"inLanguage\":\"fr-FR\"},{\"@type\":\"Organization\",\"@id\":\"https:\/\/ac-quercy.fr\/#organization\",\"name\":\"A\u00e9roclub du Quercy\",\"url\":\"https:\/\/ac-quercy.fr\/\",\"logo\":{\"@type\":\"ImageObject\",\"inLanguage\":\"fr-FR\",\"@id\":\"https:\/\/ac-quercy.fr\/#\/schema\/logo\/image\/\",\"url\":\"https:\/\/ac-quercy.fr\/wp-content\/uploads\/2022\/05\/cropped-LogoACQ-scaled-1.jpg\",\"contentUrl\":\"https:\/\/ac-quercy.fr\/wp-content\/uploads\/2022\/05\/cropped-LogoACQ-scaled-1.jpg\",\"width\":512,\"height\":512,\"caption\":\"A\u00e9roclub du Quercy\"},\"image\":{\"@id\":\"https:\/\/ac-quercy.fr\/#\/schema\/logo\/image\/\"}}]}<\/script>\n<!-- \/ Yoast SEO plugin. -->","yoast_head_json":{"title":"Preparation vol - Aeroclub du Quercy","robots":{"index":"index","follow":"follow","max-snippet":"max-snippet:-1","max-image-preview":"max-image-preview:large","max-video-preview":"max-video-preview:-1"},"canonical":"https:\/\/ac-quercy.fr\/fr_fr\/preparation-vol\/","og_locale":"fr_FR","og_type":"article","og_title":"Preparation vol - Aeroclub du Quercy","og_description":"Acces aux diff\u00e9rentes ressources pour la pr\u00e9paration du vol SOFIA-BREIFING ACCES : \u2022 url : SOFIA \u2022 qrcode\u00a0: L\u2019acc\u00e8s se fait \u2022 sans inscription mais perte des donn\u00e9es \u00e0 la fin de la session ou \u2022 via cr\u00e9ation de compte puis connexion, permettant la persistance des donn\u00e9es apr\u00e8s la session [&hellip;]","og_url":"https:\/\/ac-quercy.fr\/fr_fr\/preparation-vol\/","og_site_name":"Aeroclub du Quercy","article_modified_time":"2023-06-25T12:42:32+00:00","og_image":[{"url":"https:\/\/ac-quercy.fr\/wp-content\/uploads\/2023\/06\/qrcode_Sofia-300x300.png","type":"","width":"","height":""}],"twitter_misc":{"Dur\u00e9e de lecture estim\u00e9e":"2 minutes"},"schema":{"@context":"https:\/\/schema.org","@graph":[{"@type":"WebPage","@id":"https:\/\/ac-quercy.fr\/preparation-vol\/","url":"https:\/\/ac-quercy.fr\/preparation-vol\/","name":"Preparation vol - Aeroclub du Quercy","isPartOf":{"@id":"https:\/\/ac-quercy.fr\/#website"},"primaryImageOfPage":{"@id":"https:\/\/ac-quercy.fr\/preparation-vol\/#primaryimage"},"image":{"@id":"https:\/\/ac-quercy.fr\/preparation-vol\/#primaryimage"},"thumbnailUrl":"https:\/\/ac-quercy.fr\/wp-content\/uploads\/2023\/06\/qrcode_Sofia-300x300.png","datePublished":"2023-06-25T10:47:07+00:00","dateModified":"2023-06-25T12:42:32+00:00","inLanguage":"fr-FR","potentialAction":[{"@type":"ReadAction","target":["https:\/\/ac-quercy.fr\/preparation-vol\/"]}]},{"@type":"ImageObject","inLanguage":"fr-FR","@id":"https:\/\/ac-quercy.fr\/preparation-vol\/#primaryimage","url":"https:\/\/ac-quercy.fr\/wp-content\/uploads\/2023\/06\/qrcode_Sofia-300x300.png","contentUrl":"https:\/\/ac-quercy.fr\/wp-content\/uploads\/2023\/06\/qrcode_Sofia-300x300.png"},{"@type":"WebSite","@id":"https:\/\/ac-quercy.fr\/#website","url":"https:\/\/ac-quercy.fr\/","name":"A\u00e9roclub du Quercy","description":"Aviation G\u00e9n\u00e9rale Ecole de pilotage","publisher":{"@id":"https:\/\/ac-quercy.fr\/#organization"},"potentialAction":[{"@type":"SearchAction","target":{"@type":"EntryPoint","urlTemplate":"https:\/\/ac-quercy.fr\/?s={search_term_string}"},"query-input":{"@type":"PropertyValueSpecification","valueRequired":true,"valueName":"search_term_string"}}],"inLanguage":"fr-FR"},{"@type":"Organization","@id":"https:\/\/ac-quercy.fr\/#organization","name":"A\u00e9roclub du Quercy","url":"https:\/\/ac-quercy.fr\/","logo":{"@type":"ImageObject","inLanguage":"fr-FR","@id":"https:\/\/ac-quercy.fr\/#\/schema\/logo\/image\/","url":"https:\/\/ac-quercy.fr\/wp-content\/uploads\/2022\/05\/cropped-LogoACQ-scaled-1.jpg","contentUrl":"https:\/\/ac-quercy.fr\/wp-content\/uploads\/2022\/05\/cropped-LogoACQ-scaled-1.jpg","width":512,"height":512,"caption":"A\u00e9roclub du Quercy"},"image":{"@id":"https:\/\/ac-quercy.fr\/#\/schema\/logo\/image\/"}}]}},"publishpress_future_action":{"enabled":false,"date":"2026-04-24 07:14:06","action":"change-status","newStatus":"draft","terms":[],"taxonomy":"","extraData":[]},"publishpress_future_workflow_manual_trigger":{"enabledWorkflows":[]},"_links":{"self":[{"href":"https:\/\/ac-quercy.fr\/fr_fr\/wp-json\/wp\/v2\/pages\/2447","targetHints":{"allow":["GET"]}}],"collection":[{"href":"https:\/\/ac-quercy.fr\/fr_fr\/wp-json\/wp\/v2\/pages"}],"about":[{"href":"https:\/\/ac-quercy.fr\/fr_fr\/wp-json\/wp\/v2\/types\/page"}],"author":[{"embeddable":true,"href":"https:\/\/ac-quercy.fr\/fr_fr\/wp-json\/wp\/v2\/users\/1"}],"replies":[{"embeddable":true,"href":"https:\/\/ac-quercy.fr\/fr_fr\/wp-json\/wp\/v2\/comments?post=2447"}],"version-history":[{"count":0,"href":"https:\/\/ac-quercy.fr\/fr_fr\/wp-json\/wp\/v2\/pages\/2447\/revisions"}],"wp:attachment":[{"href":"https:\/\/ac-quercy.fr\/fr_fr\/wp-json\/wp\/v2\/media?parent=2447"}],"curies":[{"name":"wp","href":"https:\/\/api.w.org\/{rel}","templated":true}]}}