{"id":1521,"date":"2022-07-17T18:00:39","date_gmt":"2022-07-17T17:00:39","guid":{"rendered":"https:\/\/ac-quercy.fr\/?page_id=1521"},"modified":"2023-05-18T22:02:00","modified_gmt":"2023-05-18T21:02:00","slug":"boutique","status":"publish","type":"page","link":"https:\/\/ac-quercy.fr\/fr_fr\/boutique\/","title":{"rendered":"Boutique"},"content":{"rendered":"\t\t<div data-elementor-type=\"wp-page\" data-elementor-id=\"1521\" class=\"elementor elementor-1521\">\n\t\t\t\t<div class=\"elementor-element elementor-element-b33de7a e-flex e-con-boxed e-con e-parent\" data-id=\"b33de7a\" data-element_type=\"container\" data-e-type=\"container\">\n\t\t\t\t\t<div class=\"e-con-inner\">\n\t\t\t\t<div class=\"elementor-element elementor-element-aad7d10 elementor-widget elementor-widget-html\" data-id=\"aad7d10\" data-element_type=\"widget\" data-e-type=\"widget\" data-widget_type=\"html.default\">\n\t\t\t\t<div class=\"elementor-widget-container\">\n\t\t\t\t\t<!--code pour rediriger imm\u00e9diatement content =0 -->\n<h1 align = center>Vous allez \u00eatre redirig\u00e9<\/h1>\n<meta http-equiv=\"refresh\" content=\"0; URL=http:\/\/www.payasso.fr\/aeroclub-du-quercy\/boutique\">\t\t\t\t<\/div>\n\t\t\t\t<\/div>\n\t\t\t\t\t<\/div>\n\t\t\t\t<\/div>\n\t\t\t\t<\/div>\n\t\t","protected":false},"excerpt":{"rendered":"<p>Vous allez \u00eatre redirig\u00e9<\/p>\n","protected":false},"author":1,"featured_media":0,"parent":0,"menu_order":0,"comment_status":"closed","ping_status":"closed","template":"page-templates\/template-pagebuilder-full-width.php","meta":{"_mc_calendar":[],"footnotes":""},"class_list":["post-1521","page","type-page","status-publish","hentry"],"yoast_head":"<!-- This site is optimized with the Yoast SEO plugin v26.9 - https:\/\/yoast.com\/product\/yoast-seo-wordpress\/ -->\n<title>Boutique - Aeroclub du Quercy<\/title>\n<meta name=\"robots\" content=\"index, follow, max-snippet:-1, max-image-preview:large, max-video-preview:-1\" \/>\n<link rel=\"canonical\" href=\"https:\/\/ac-quercy.fr\/fr_fr\/boutique\/\" \/>\n<meta property=\"og:locale\" content=\"fr_FR\" \/>\n<meta property=\"og:type\" content=\"article\" \/>\n<meta property=\"og:title\" content=\"Boutique - Aeroclub du Quercy\" \/>\n<meta property=\"og:description\" content=\"Vous allez \u00eatre redirig\u00e9\" \/>\n<meta property=\"og:url\" content=\"https:\/\/ac-quercy.fr\/fr_fr\/boutique\/\" \/>\n<meta property=\"og:site_name\" content=\"Aeroclub du Quercy\" \/>\n<meta property=\"article:modified_time\" content=\"2023-05-18T21:02:00+00:00\" \/>\n<meta name=\"twitter:label1\" content=\"Dur\u00e9e de lecture estim\u00e9e\" \/>\n\t<meta name=\"twitter:data1\" content=\"1 minute\" \/>\n<script type=\"application\/ld+json\" class=\"yoast-schema-graph\">{\"@context\":\"https:\/\/schema.org\",\"@graph\":[{\"@type\":\"WebPage\",\"@id\":\"https:\/\/ac-quercy.fr\/fr_fr\/boutique\/\",\"url\":\"https:\/\/ac-quercy.fr\/fr_fr\/boutique\/\",\"name\":\"Boutique - Aeroclub du Quercy\",\"isPartOf\":{\"@id\":\"https:\/\/ac-quercy.fr\/#website\"},\"datePublished\":\"2022-07-17T17:00:39+00:00\",\"dateModified\":\"2023-05-18T21:02:00+00:00\",\"inLanguage\":\"fr-FR\",\"potentialAction\":[{\"@type\":\"ReadAction\",\"target\":[\"https:\/\/ac-quercy.fr\/fr_fr\/boutique\/\"]}]},{\"@type\":\"WebSite\",\"@id\":\"https:\/\/ac-quercy.fr\/#website\",\"url\":\"https:\/\/ac-quercy.fr\/\",\"name\":\"A\u00e9roclub du Quercy\",\"description\":\"Aviation G\u00e9n\u00e9rale Ecole de pilotage\",\"publisher\":{\"@id\":\"https:\/\/ac-quercy.fr\/#organization\"},\"potentialAction\":[{\"@type\":\"SearchAction\",\"target\":{\"@type\":\"EntryPoint\",\"urlTemplate\":\"https:\/\/ac-quercy.fr\/?s={search_term_string}\"},\"query-input\":{\"@type\":\"PropertyValueSpecification\",\"valueRequired\":true,\"valueName\":\"search_term_string\"}}],\"inLanguage\":\"fr-FR\"},{\"@type\":\"Organization\",\"@id\":\"https:\/\/ac-quercy.fr\/#organization\",\"name\":\"A\u00e9roclub du Quercy\",\"url\":\"https:\/\/ac-quercy.fr\/\",\"logo\":{\"@type\":\"ImageObject\",\"inLanguage\":\"fr-FR\",\"@id\":\"https:\/\/ac-quercy.fr\/#\/schema\/logo\/image\/\",\"url\":\"https:\/\/ac-quercy.fr\/wp-content\/uploads\/2022\/05\/cropped-LogoACQ-scaled-1.jpg\",\"contentUrl\":\"https:\/\/ac-quercy.fr\/wp-content\/uploads\/2022\/05\/cropped-LogoACQ-scaled-1.jpg\",\"width\":512,\"height\":512,\"caption\":\"A\u00e9roclub du Quercy\"},\"image\":{\"@id\":\"https:\/\/ac-quercy.fr\/#\/schema\/logo\/image\/\"}}]}<\/script>\n<!-- \/ Yoast SEO plugin. -->","yoast_head_json":{"title":"Boutique - Aeroclub du Quercy","robots":{"index":"index","follow":"follow","max-snippet":"max-snippet:-1","max-image-preview":"max-image-preview:large","max-video-preview":"max-video-preview:-1"},"canonical":"https:\/\/ac-quercy.fr\/fr_fr\/boutique\/","og_locale":"fr_FR","og_type":"article","og_title":"Boutique - Aeroclub du Quercy","og_description":"Vous allez \u00eatre redirig\u00e9","og_url":"https:\/\/ac-quercy.fr\/fr_fr\/boutique\/","og_site_name":"Aeroclub du Quercy","article_modified_time":"2023-05-18T21:02:00+00:00","twitter_misc":{"Dur\u00e9e de lecture estim\u00e9e":"1 minute"},"schema":{"@context":"https:\/\/schema.org","@graph":[{"@type":"WebPage","@id":"https:\/\/ac-quercy.fr\/fr_fr\/boutique\/","url":"https:\/\/ac-quercy.fr\/fr_fr\/boutique\/","name":"Boutique - Aeroclub du Quercy","isPartOf":{"@id":"https:\/\/ac-quercy.fr\/#website"},"datePublished":"2022-07-17T17:00:39+00:00","dateModified":"2023-05-18T21:02:00+00:00","inLanguage":"fr-FR","potentialAction":[{"@type":"ReadAction","target":["https:\/\/ac-quercy.fr\/fr_fr\/boutique\/"]}]},{"@type":"WebSite","@id":"https:\/\/ac-quercy.fr\/#website","url":"https:\/\/ac-quercy.fr\/","name":"A\u00e9roclub du Quercy","description":"Aviation G\u00e9n\u00e9rale Ecole de pilotage","publisher":{"@id":"https:\/\/ac-quercy.fr\/#organization"},"potentialAction":[{"@type":"SearchAction","target":{"@type":"EntryPoint","urlTemplate":"https:\/\/ac-quercy.fr\/?s={search_term_string}"},"query-input":{"@type":"PropertyValueSpecification","valueRequired":true,"valueName":"search_term_string"}}],"inLanguage":"fr-FR"},{"@type":"Organization","@id":"https:\/\/ac-quercy.fr\/#organization","name":"A\u00e9roclub du Quercy","url":"https:\/\/ac-quercy.fr\/","logo":{"@type":"ImageObject","inLanguage":"fr-FR","@id":"https:\/\/ac-quercy.fr\/#\/schema\/logo\/image\/","url":"https:\/\/ac-quercy.fr\/wp-content\/uploads\/2022\/05\/cropped-LogoACQ-scaled-1.jpg","contentUrl":"https:\/\/ac-quercy.fr\/wp-content\/uploads\/2022\/05\/cropped-LogoACQ-scaled-1.jpg","width":512,"height":512,"caption":"A\u00e9roclub du Quercy"},"image":{"@id":"https:\/\/ac-quercy.fr\/#\/schema\/logo\/image\/"}}]}},"publishpress_future_action":{"enabled":false,"date":"2026-04-25 11:19:44","action":"change-status","newStatus":"draft","terms":[],"taxonomy":"","extraData":[]},"publishpress_future_workflow_manual_trigger":{"enabledWorkflows":[]},"_links":{"self":[{"href":"https:\/\/ac-quercy.fr\/fr_fr\/wp-json\/wp\/v2\/pages\/1521","targetHints":{"allow":["GET"]}}],"collection":[{"href":"https:\/\/ac-quercy.fr\/fr_fr\/wp-json\/wp\/v2\/pages"}],"about":[{"href":"https:\/\/ac-quercy.fr\/fr_fr\/wp-json\/wp\/v2\/types\/page"}],"author":[{"embeddable":true,"href":"https:\/\/ac-quercy.fr\/fr_fr\/wp-json\/wp\/v2\/users\/1"}],"replies":[{"embeddable":true,"href":"https:\/\/ac-quercy.fr\/fr_fr\/wp-json\/wp\/v2\/comments?post=1521"}],"version-history":[{"count":0,"href":"https:\/\/ac-quercy.fr\/fr_fr\/wp-json\/wp\/v2\/pages\/1521\/revisions"}],"wp:attachment":[{"href":"https:\/\/ac-quercy.fr\/fr_fr\/wp-json\/wp\/v2\/media?parent=1521"}],"curies":[{"name":"wp","href":"https:\/\/api.w.org\/{rel}","templated":true}]}}