{"id":1380,"date":"2022-07-03T02:18:06","date_gmt":"2022-07-03T01:18:06","guid":{"rendered":"https:\/\/ramahef.fr\/ACQ\/?page_id=1380"},"modified":"2022-07-21T20:54:02","modified_gmt":"2022-07-21T19:54:02","slug":"bia","status":"publish","type":"page","link":"https:\/\/ac-quercy.fr\/fr_fr\/bia\/","title":{"rendered":"Bia"},"content":{"rendered":"\t\t<div data-elementor-type=\"wp-page\" data-elementor-id=\"1380\" class=\"elementor elementor-1380\">\n\t\t\t\t\t\t<section class=\"elementor-section elementor-top-section elementor-element elementor-element-3126873 elementor-section-boxed elementor-section-height-default elementor-section-height-default\" data-id=\"3126873\" data-element_type=\"section\" data-e-type=\"section\">\n\t\t\t\t\t\t<div class=\"elementor-container elementor-column-gap-default\">\n\t\t\t\t\t<div class=\"elementor-column elementor-col-100 elementor-top-column elementor-element elementor-element-c1641c5\" data-id=\"c1641c5\" data-element_type=\"column\" data-e-type=\"column\">\n\t\t\t<div class=\"elementor-widget-wrap elementor-element-populated\">\n\t\t\t\t\t\t<div class=\"elementor-element elementor-element-bb0d04c elementor-widget elementor-widget-heading\" data-id=\"bb0d04c\" data-element_type=\"widget\" data-e-type=\"widget\" data-widget_type=\"heading.default\">\n\t\t\t\t<div class=\"elementor-widget-container\">\n\t\t\t\t\t<h2 class=\"elementor-heading-title elementor-size-default\">LE BIA<br>\nBrevet d'Initiation A\u00e9ronautique<\/h2>\t\t\t\t<\/div>\n\t\t\t\t<\/div>\n\t\t\t\t\t<\/div>\n\t\t<\/div>\n\t\t\t\t\t<\/div>\n\t\t<\/section>\n\t\t\t\t<section class=\"elementor-section elementor-top-section elementor-element elementor-element-ed16e33 elementor-section-boxed elementor-section-height-default elementor-section-height-default\" data-id=\"ed16e33\" data-element_type=\"section\" data-e-type=\"section\">\n\t\t\t\t\t\t<div class=\"elementor-container elementor-column-gap-default\">\n\t\t\t\t\t<div class=\"elementor-column elementor-col-100 elementor-top-column elementor-element elementor-element-274b84e\" data-id=\"274b84e\" data-element_type=\"column\" data-e-type=\"column\">\n\t\t\t<div class=\"elementor-widget-wrap elementor-element-populated\">\n\t\t\t\t\t\t<div class=\"elementor-element elementor-element-8a4a1d5 elementor-widget elementor-widget-text-editor\" data-id=\"8a4a1d5\" data-element_type=\"widget\" data-e-type=\"widget\" data-widget_type=\"text-editor.default\">\n\t\t\t\t<div class=\"elementor-widget-container\">\n\t\t\t\t\t\t\t\t\t<p>N&rsquo;oublions pas que Midi-Pyr\u00e9n\u00e9es est la capitale mondiale de l&rsquo;a\u00e9ronautique !<\/p><p>Le BIA une formation pour les jeunes !<\/p><p>Vous avez minimum 13 ans, le monde de l&rsquo;a\u00e9ronautique vous passionne ?<\/p><p>Gr\u00e2ce \u00e0 ses instructeurs b\u00e9n\u00e9voles, l&rsquo;A\u00e9ro-Club du Quercy vous offre la possibilit\u00e9 de pr\u00e9parer gratuitement le BIA.<\/p><p>Le Brevet d\u2019Initiation A\u00e9ronautique ou BIA est destin\u00e9 aux jeunes scolaris\u00e9s de plus de 13 ans mais, dans la pratique, la plupart ont entre 15 et 18 ans. Il est d&rsquo;ailleur conseill\u00e9 d&rsquo;attendre les quinze ans.On peut pr\u00e9senter cet examen dans chaque acad\u00e9mie en s\u2019adressant au rectorat concern\u00e9. Le but est de faire d\u00e9couvrir le monde de l\u2019a\u00e9ronautique et de l\u2019espace en tant que culture g\u00e9n\u00e9rale et\/ou s\u2019orienter vers une carri\u00e8re a\u00e9ronautique.<\/p><p>Cette formation vous permet de d\u00e9couvrir l&rsquo;aviation, d&rsquo;avoir une culture g\u00e9n\u00e9rale a\u00e9ronautique. Comment et pourquoi un avion vole ; comment travaillent les pilotes ; vous utiliserez les m\u00eames cartes, les m\u00eames instruments de calculs. Vous saurez lire les instruments du tableau de bord d&rsquo;un avion, vous apprendrez \u00e0 pr\u00e9voir le temps et \u00e0 savoir lire dans les nuages. Vous verrez des avions et vous pourrez monter dans un avion et surtout, en fin de formation, pour les meilleurs d\u2019entre vous, voler en place pilote avec un instructeur \u00e0 vos c\u00f4t\u00e9s.<\/p><p>Le BIA est un dipl\u00f4me fran\u00e7ais de l\u2019\u00c9ducation Nationale d\u00e9livr\u00e9 conjointement avec le Minist\u00e8re de l\u2019Ecologie, du D\u00e9veloppement durable, du Logement et des Transports. Il atteste de la possession de solides connaissances th\u00e9oriques sur tout ce qui vole&#8230;<\/p><p>La formation peut se d\u00e9rouler dans un a\u00e9ro-club ou dans un \u00e9tablissement scolaire et doit \u00eatre anim\u00e9e par une personne ayant acquis le certificat d\u2019aptitude \u00e0 l\u2019enseignement a\u00e9ronautique (CAEA).<\/p><p>Ce sont les acad\u00e9mies qui organisent l\u2019examen. Celui-ci a lieu g\u00e9n\u00e9ralement au mois de mai.<\/p><p>Il s\u2019agit d\u2019un QCM de 100 questions r\u00e9parties dans 5 th\u00e8mes :<br \/>&#8211; Connaissance des a\u00e9ronefs<br \/>&#8211; A\u00e9rodynamique et m\u00e9canique du vol<br \/>&#8211; M\u00e9t\u00e9orologie<br \/>&#8211; R\u00e8glementation, navigation et s\u00e9curit\u00e9 des vols<br \/>&#8211; Histoire de l\u2019a\u00e9ronautique et de l\u2019espace<br \/>&#8211; Une \u00e9preuve facultative est propos\u00e9e au candidat (l\u2019anglais a\u00e9ronautique). Il s\u2019agit d\u2019un bonus au r\u00e9sultat de l\u2019examen si les notes sont sup\u00e9rieures \u00e0 10.<\/p><p>L&rsquo;obtention du BIA apporte :<\/p><p>une connaissance en a\u00e9ronautique qui se limite \u00e0 peu pr\u00e8s \u00e0 des connaissances requises pour le brevet de pilote priv\u00e9 (PPL) ainsi que pour le brevet de pilote de planeur (BPP, vol \u00e0 voile) ;<\/p><p>une exp\u00e9rience pratique gr\u00e2ce aux diff\u00e9rentes activit\u00e9s pratiqu\u00e9es dans le cadre de la formation au cours de l&rsquo;ann\u00e9e ; exp\u00e9rience qui peut \u00eatre utile lors d&rsquo;une inscription dans une \u00e9cole a\u00e9ronautique (c&rsquo;est un pr\u00e9-requis pour certaines formations) ou, notamment dans notre r\u00e9gion, dans un CV m\u00eame hors domaine a\u00e9ronautique;<\/p><p>une bourse qui, pour ceux qui souhaitent apprendre \u00e0 piloter, permet le financement d&rsquo;environ 25% du co\u00fbt d&rsquo;obtention de la licence de pilote.<\/p><p>La bourse est re\u00e7ue par le titulaire du brevet (BIA) en plusieurs \u00e9tapes au fur et \u00e0 mesure de la formation; elle est remise par la F\u00e9d\u00e9ration Fran\u00e7aise A\u00e9ronautique \u00e0 l&rsquo;a\u00e9roclub qui la portera au cr\u00e9dit du compte-pilote de l&rsquo;\u00e9l\u00e8ve.<\/p><p>Vols d\u2019initiation :<br \/>Ci-apr\u00e8s la note de la DGAC Mission Aviation L\u00e9g\u00e8re sur les conditions \u00e0 respecter pour r\u00e9aliser des vols dans le cadre du Brevet d\u2019Initiation A\u00e9ronautique :<\/p><p>Note DGAC\/MALGH du 02\/07\/2012 : Vols BIA effectu\u00e9s en a\u00e9ro-club<\/p><p>CAEA :<br \/>Le Certificat d\u2019Aptitude \u00e0 l\u2019Enseignement A\u00e9ronautique ou CAEA est destin\u00e9 aux \u00e9tudiants, ma\u00eetres ou professeurs mais il peut \u00eatre d\u00e9livr\u00e9 par \u00e9quivalence aux instructeurs avion, h\u00e9licopt\u00e8re, ULM, planeur ou ballon. Le CAEA est d\u00e9livr\u00e9 conjointement par l\u2019\u00e9ducation nationale et le minist\u00e8re des transports et reconna\u00eet un niveau de connaissance en a\u00e9ronautique exploitable pour enseigner notamment le BIA (ou Brevet d\u2019Initiation A\u00e9ronautique).<\/p>\t\t\t\t\t\t\t\t<\/div>\n\t\t\t\t<\/div>\n\t\t\t\t\t<\/div>\n\t\t<\/div>\n\t\t\t\t\t<\/div>\n\t\t<\/section>\n\t\t\t\t<\/div>\n\t\t","protected":false},"excerpt":{"rendered":"<p>LE BIA Brevet d&rsquo;Initiation A\u00e9ronautique N&rsquo;oublions pas que Midi-Pyr\u00e9n\u00e9es est la capitale mondiale de l&rsquo;a\u00e9ronautique ! Le BIA une formation pour les jeunes ! Vous avez minimum 13 ans, le monde de l&rsquo;a\u00e9ronautique vous passionne ? Gr\u00e2ce \u00e0 ses instructeurs b\u00e9n\u00e9voles, l&rsquo;A\u00e9ro-Club du Quercy vous offre la possibilit\u00e9 de pr\u00e9parer [&hellip;]<\/p>\n","protected":false},"author":1,"featured_media":0,"parent":0,"menu_order":0,"comment_status":"closed","ping_status":"closed","template":"","meta":{"_mc_calendar":[],"footnotes":""},"class_list":["post-1380","page","type-page","status-publish","hentry"],"yoast_head":"<!-- This site is optimized with the Yoast SEO plugin v26.9 - https:\/\/yoast.com\/product\/yoast-seo-wordpress\/ -->\n<title>Bia - Aeroclub du Quercy<\/title>\n<meta name=\"robots\" content=\"index, follow, max-snippet:-1, max-image-preview:large, max-video-preview:-1\" \/>\n<link rel=\"canonical\" href=\"https:\/\/ac-quercy.fr\/fr_fr\/bia\/\" \/>\n<meta property=\"og:locale\" content=\"fr_FR\" \/>\n<meta property=\"og:type\" content=\"article\" \/>\n<meta property=\"og:title\" content=\"Bia - Aeroclub du Quercy\" \/>\n<meta property=\"og:description\" content=\"LE BIA Brevet d&rsquo;Initiation A\u00e9ronautique N&rsquo;oublions pas que Midi-Pyr\u00e9n\u00e9es est la capitale mondiale de l&rsquo;a\u00e9ronautique ! Le BIA une formation pour les jeunes ! Vous avez minimum 13 ans, le monde de l&rsquo;a\u00e9ronautique vous passionne ? Gr\u00e2ce \u00e0 ses instructeurs b\u00e9n\u00e9voles, l&rsquo;A\u00e9ro-Club du Quercy vous offre la possibilit\u00e9 de pr\u00e9parer [&hellip;]\" \/>\n<meta property=\"og:url\" content=\"https:\/\/ac-quercy.fr\/fr_fr\/bia\/\" \/>\n<meta property=\"og:site_name\" content=\"Aeroclub du Quercy\" \/>\n<meta property=\"article:modified_time\" content=\"2022-07-21T19:54:02+00:00\" \/>\n<meta name=\"twitter:label1\" content=\"Dur\u00e9e de lecture estim\u00e9e\" \/>\n\t<meta name=\"twitter:data1\" content=\"4 minutes\" \/>\n<script type=\"application\/ld+json\" class=\"yoast-schema-graph\">{\"@context\":\"https:\/\/schema.org\",\"@graph\":[{\"@type\":\"WebPage\",\"@id\":\"https:\/\/ac-quercy.fr\/bia\/\",\"url\":\"https:\/\/ac-quercy.fr\/bia\/\",\"name\":\"Bia - Aeroclub du Quercy\",\"isPartOf\":{\"@id\":\"https:\/\/ac-quercy.fr\/#website\"},\"datePublished\":\"2022-07-03T01:18:06+00:00\",\"dateModified\":\"2022-07-21T19:54:02+00:00\",\"inLanguage\":\"fr-FR\",\"potentialAction\":[{\"@type\":\"ReadAction\",\"target\":[\"https:\/\/ac-quercy.fr\/bia\/\"]}]},{\"@type\":\"WebSite\",\"@id\":\"https:\/\/ac-quercy.fr\/#website\",\"url\":\"https:\/\/ac-quercy.fr\/\",\"name\":\"A\u00e9roclub du Quercy\",\"description\":\"Aviation G\u00e9n\u00e9rale Ecole de pilotage\",\"publisher\":{\"@id\":\"https:\/\/ac-quercy.fr\/#organization\"},\"potentialAction\":[{\"@type\":\"SearchAction\",\"target\":{\"@type\":\"EntryPoint\",\"urlTemplate\":\"https:\/\/ac-quercy.fr\/?s={search_term_string}\"},\"query-input\":{\"@type\":\"PropertyValueSpecification\",\"valueRequired\":true,\"valueName\":\"search_term_string\"}}],\"inLanguage\":\"fr-FR\"},{\"@type\":\"Organization\",\"@id\":\"https:\/\/ac-quercy.fr\/#organization\",\"name\":\"A\u00e9roclub du Quercy\",\"url\":\"https:\/\/ac-quercy.fr\/\",\"logo\":{\"@type\":\"ImageObject\",\"inLanguage\":\"fr-FR\",\"@id\":\"https:\/\/ac-quercy.fr\/#\/schema\/logo\/image\/\",\"url\":\"https:\/\/ac-quercy.fr\/wp-content\/uploads\/2022\/05\/cropped-LogoACQ-scaled-1.jpg\",\"contentUrl\":\"https:\/\/ac-quercy.fr\/wp-content\/uploads\/2022\/05\/cropped-LogoACQ-scaled-1.jpg\",\"width\":512,\"height\":512,\"caption\":\"A\u00e9roclub du Quercy\"},\"image\":{\"@id\":\"https:\/\/ac-quercy.fr\/#\/schema\/logo\/image\/\"}}]}<\/script>\n<!-- \/ Yoast SEO plugin. -->","yoast_head_json":{"title":"Bia - Aeroclub du Quercy","robots":{"index":"index","follow":"follow","max-snippet":"max-snippet:-1","max-image-preview":"max-image-preview:large","max-video-preview":"max-video-preview:-1"},"canonical":"https:\/\/ac-quercy.fr\/fr_fr\/bia\/","og_locale":"fr_FR","og_type":"article","og_title":"Bia - Aeroclub du Quercy","og_description":"LE BIA Brevet d&rsquo;Initiation A\u00e9ronautique N&rsquo;oublions pas que Midi-Pyr\u00e9n\u00e9es est la capitale mondiale de l&rsquo;a\u00e9ronautique ! Le BIA une formation pour les jeunes ! Vous avez minimum 13 ans, le monde de l&rsquo;a\u00e9ronautique vous passionne ? Gr\u00e2ce \u00e0 ses instructeurs b\u00e9n\u00e9voles, l&rsquo;A\u00e9ro-Club du Quercy vous offre la possibilit\u00e9 de pr\u00e9parer [&hellip;]","og_url":"https:\/\/ac-quercy.fr\/fr_fr\/bia\/","og_site_name":"Aeroclub du Quercy","article_modified_time":"2022-07-21T19:54:02+00:00","twitter_misc":{"Dur\u00e9e de lecture estim\u00e9e":"4 minutes"},"schema":{"@context":"https:\/\/schema.org","@graph":[{"@type":"WebPage","@id":"https:\/\/ac-quercy.fr\/bia\/","url":"https:\/\/ac-quercy.fr\/bia\/","name":"Bia - Aeroclub du Quercy","isPartOf":{"@id":"https:\/\/ac-quercy.fr\/#website"},"datePublished":"2022-07-03T01:18:06+00:00","dateModified":"2022-07-21T19:54:02+00:00","inLanguage":"fr-FR","potentialAction":[{"@type":"ReadAction","target":["https:\/\/ac-quercy.fr\/bia\/"]}]},{"@type":"WebSite","@id":"https:\/\/ac-quercy.fr\/#website","url":"https:\/\/ac-quercy.fr\/","name":"A\u00e9roclub du Quercy","description":"Aviation G\u00e9n\u00e9rale Ecole de pilotage","publisher":{"@id":"https:\/\/ac-quercy.fr\/#organization"},"potentialAction":[{"@type":"SearchAction","target":{"@type":"EntryPoint","urlTemplate":"https:\/\/ac-quercy.fr\/?s={search_term_string}"},"query-input":{"@type":"PropertyValueSpecification","valueRequired":true,"valueName":"search_term_string"}}],"inLanguage":"fr-FR"},{"@type":"Organization","@id":"https:\/\/ac-quercy.fr\/#organization","name":"A\u00e9roclub du Quercy","url":"https:\/\/ac-quercy.fr\/","logo":{"@type":"ImageObject","inLanguage":"fr-FR","@id":"https:\/\/ac-quercy.fr\/#\/schema\/logo\/image\/","url":"https:\/\/ac-quercy.fr\/wp-content\/uploads\/2022\/05\/cropped-LogoACQ-scaled-1.jpg","contentUrl":"https:\/\/ac-quercy.fr\/wp-content\/uploads\/2022\/05\/cropped-LogoACQ-scaled-1.jpg","width":512,"height":512,"caption":"A\u00e9roclub du Quercy"},"image":{"@id":"https:\/\/ac-quercy.fr\/#\/schema\/logo\/image\/"}}]}},"publishpress_future_action":{"enabled":false,"date":"2026-04-25 11:17:40","action":"change-status","newStatus":"draft","terms":[],"taxonomy":"","extraData":[]},"publishpress_future_workflow_manual_trigger":{"enabledWorkflows":[]},"_links":{"self":[{"href":"https:\/\/ac-quercy.fr\/fr_fr\/wp-json\/wp\/v2\/pages\/1380","targetHints":{"allow":["GET"]}}],"collection":[{"href":"https:\/\/ac-quercy.fr\/fr_fr\/wp-json\/wp\/v2\/pages"}],"about":[{"href":"https:\/\/ac-quercy.fr\/fr_fr\/wp-json\/wp\/v2\/types\/page"}],"author":[{"embeddable":true,"href":"https:\/\/ac-quercy.fr\/fr_fr\/wp-json\/wp\/v2\/users\/1"}],"replies":[{"embeddable":true,"href":"https:\/\/ac-quercy.fr\/fr_fr\/wp-json\/wp\/v2\/comments?post=1380"}],"version-history":[{"count":0,"href":"https:\/\/ac-quercy.fr\/fr_fr\/wp-json\/wp\/v2\/pages\/1380\/revisions"}],"wp:attachment":[{"href":"https:\/\/ac-quercy.fr\/fr_fr\/wp-json\/wp\/v2\/media?parent=1380"}],"curies":[{"name":"wp","href":"https:\/\/api.w.org\/{rel}","templated":true}]}}