{"id":909,"date":"2022-06-20T21:08:53","date_gmt":"2022-06-20T20:08:53","guid":{"rendered":"https:\/\/ramahef.fr\/ACQ\/?page_id=909"},"modified":"2023-08-04T15:05:15","modified_gmt":"2023-08-04T14:05:15","slug":"presentation","status":"publish","type":"page","link":"https:\/\/ac-quercy.fr\/en\/presentation\/","title":{"rendered":"Presentation"},"content":{"rendered":"<div data-elementor-type=\"wp-page\" data-elementor-id=\"909\" class=\"elementor elementor-909\">\n\t\t\t\t\t\t<section class=\"elementor-section elementor-top-section elementor-element elementor-element-89386d8 elementor-section-boxed elementor-section-height-default elementor-section-height-default\" data-id=\"89386d8\" data-element_type=\"section\" data-e-type=\"section\">\n\t\t\t\t\t\t<div class=\"elementor-container elementor-column-gap-default\">\n\t\t\t\t\t<div class=\"elementor-column elementor-col-100 elementor-top-column elementor-element elementor-element-068e5e6\" data-id=\"068e5e6\" data-element_type=\"column\" data-e-type=\"column\">\n\t\t\t<div class=\"elementor-widget-wrap elementor-element-populated\">\n\t\t\t\t\t\t<div class=\"elementor-element elementor-element-12d1cb3 elementor-widget elementor-widget-text-editor\" data-id=\"12d1cb3\" data-element_type=\"widget\" data-e-type=\"widget\" data-widget_type=\"text-editor.default\">\n\t\t\t\t<div class=\"elementor-widget-container\">\n\t\t\t\t\t\t\t\t\t<p style=\"text-align: center;\" class=\" translation-block\"><span>The purpose of this site is<br>to make you discover our association, its activities, and <br>to share our passion with you.<br>The A\u00e9ro-club du Quercy is a member of the FFA as well as all its members.<\/span><\/p>\t\t\t\t\t\t\t\t<\/div>\n\t\t\t\t<\/div>\n\t\t\t\t\t<\/div>\n\t\t<\/div>\n\t\t\t\t\t<\/div>\n\t\t<\/section>\n\t\t\t\t<section class=\"elementor-section elementor-top-section elementor-element elementor-element-74c24ec elementor-section-boxed elementor-section-height-default elementor-section-height-default\" data-id=\"74c24ec\" data-element_type=\"section\" data-e-type=\"section\">\n\t\t\t\t\t\t<div class=\"elementor-container elementor-column-gap-default\">\n\t\t\t\t\t<div class=\"elementor-column elementor-col-100 elementor-top-column elementor-element elementor-element-443a2a4\" data-id=\"443a2a4\" data-element_type=\"column\" data-e-type=\"column\">\n\t\t\t<div class=\"elementor-widget-wrap elementor-element-populated\">\n\t\t\t\t\t\t<div class=\"elementor-element elementor-element-5ebdecc elementor-widget elementor-widget-text-editor\" data-id=\"5ebdecc\" data-element_type=\"widget\" data-e-type=\"widget\" data-widget_type=\"text-editor.default\">\n\t\t\t\t<div class=\"elementor-widget-container\">\n\t\t\t\t\t\t\t\t\t<p align=\"justify\" class=\" translation-block\">The plane is above all a school of <b>rigour<\/b>, <b>discipline<\/b>, <b>self-control<\/b> (or coolness) and <b> liability<\/b>. From the age of 15, before even being able to pretend to drive a car, it is possible to take control of an airplane. Under the control of an instructor, the first flights take place near the Cahors-Lalbenque aerodrome to acquire piloting technique. After a regulatory minimum of 6 hours (more generally around fifteen hours depending on your progress), you can fly alone, from the age of 16 aboard the plane on which you were trained, in a radius of 25 Nm around the aerodrome, outside controlled or regulated areas... From the age of 17, it is possible to obtain a private pilot's license (PPL) and then take your passengers to visit the whole of France or other countries.<\/p>\n<p align=\"justify\" class=\" translation-block\"><b>The landscapes are so beautiful from above ! \u2026<\/b>Around Cahors you can of course admire the city from above in its loop of the Lot but also sites such as the Lot and C\u00e9l\u00e9 valleys, Saint-Cirq Lapopie, Rocamadour and the Ouisse canyon , the Dordogne valley, Domme, the Chateau des Milandes (by Josephine BAKER), the Gorges de l'Aveyron or those of the Tarn, ... and many other superb sites (the region lends itself to magnificent walks). The Millau Viaduct is accessible with a flick of the wing.<\/p>\n<p align=\"justify\">From Cahors-Lalbenque aerodrome, it is easy to spend a day at the sea or in the mountains. Aeroclub pilots and their passengers can reach the Atlantic side (Arcachon, Ile d'Ol\u00e9ron, mouth of the Gironde, etc.) in 1 hour or, if the weather is not good on that side, reach the Mediterranean coast , or prefer the Pyrenees or the mountains of Auvergne. The multitude of airfields in France (on average 1 every 50 kilometres) is just waiting to accommodate aircraft and their pilots and passengers.<\/p>\n<p align=\"center\">Contrary to popular belief, you don't have to be \"rich\" to afford the joy of moving in three dimensions above all these splendid landscapes. Many of the members of the flying club have incomes barely above the minimum wage ; they have made choices and are persevering in their ambition to fly, to have fun (the happiness of a pilot to fly over beautiful landscapes, to have made a good landing, a somewhat difficult maneuver, the precision of a navigation \u2026 is huge!). After the patent, the average expenditure per year and per pilot can be estimated at 1500 \u20ac.<\/p><p align=\"center\"><br>\n<b>If you compare these sums to the annual budget of a smoker, it may make you want to quit smoking to fulfill an old dream : to fly!<\/b><\/p>\n<p align=\"center\">Un homme n&rsquo;est vieux que quand les regrets ont pris chez lui la place des r\u00eaves.<br>\n<i>John Barrymore<\/i><\/p>\t\t\t\t\t\t\t\t<\/div>\n\t\t\t\t<\/div>\n\t\t\t\t\t<\/div>\n\t\t<\/div>\n\t\t\t\t\t<\/div>\n\t\t<\/section>\n\t\t\t\t<\/div>","protected":false},"excerpt":{"rendered":"<p>Ce site a pour vocationde vous faire d\u00e9couvrir notre association, ses activit\u00e9s, et de vous faire partager notre passion.L&rsquo;a\u00e9ro-club du Quercy est adh\u00e9rent \u00e0 la FFA ainsi que tous ses membres. L&rsquo;avion est avant tout une \u00e9cole de&nbsp;rigueur, de&nbsp;discipline, de&nbsp;ma\u00eetrise de soi&nbsp;(ou sang-froid) et de&nbsp;responsabilit\u00e9. D\u00e8s l&rsquo;\u00e2ge de 15 ans, [&hellip;]<\/p>\n","protected":false},"author":1,"featured_media":0,"parent":0,"menu_order":0,"comment_status":"closed","ping_status":"closed","template":"elementor_theme","meta":{"_mc_calendar":[],"footnotes":""},"class_list":["post-909","page","type-page","status-publish","hentry"],"yoast_head":"<!-- This site is optimized with the Yoast SEO plugin v26.9 - https:\/\/yoast.com\/product\/yoast-seo-wordpress\/ -->\n<title>Pr\u00e9sentation - Aeroclub du Quercy<\/title>\n<meta name=\"robots\" content=\"index, follow, max-snippet:-1, max-image-preview:large, max-video-preview:-1\" \/>\n<link rel=\"canonical\" href=\"https:\/\/ac-quercy.fr\/en\/presentation\/\" \/>\n<meta property=\"og:locale\" content=\"en_GB\" \/>\n<meta property=\"og:type\" content=\"article\" \/>\n<meta property=\"og:title\" content=\"Pr\u00e9sentation - Aeroclub du Quercy\" \/>\n<meta property=\"og:description\" content=\"Ce site a pour vocationde vous faire d\u00e9couvrir notre association, ses activit\u00e9s, et de vous faire partager notre passion.L&rsquo;a\u00e9ro-club du Quercy est adh\u00e9rent \u00e0 la FFA ainsi que tous ses membres. L&rsquo;avion est avant tout une \u00e9cole de&nbsp;rigueur, de&nbsp;discipline, de&nbsp;ma\u00eetrise de soi&nbsp;(ou sang-froid) et de&nbsp;responsabilit\u00e9. D\u00e8s l&rsquo;\u00e2ge de 15 ans, [&hellip;]\" \/>\n<meta property=\"og:url\" content=\"https:\/\/ac-quercy.fr\/en\/presentation\/\" \/>\n<meta property=\"og:site_name\" content=\"Aeroclub du Quercy\" \/>\n<meta property=\"article:modified_time\" content=\"2023-08-04T14:05:15+00:00\" \/>\n<meta name=\"twitter:label1\" content=\"Estimated reading time\" \/>\n\t<meta name=\"twitter:data1\" content=\"6 minutes\" \/>\n<script type=\"application\/ld+json\" class=\"yoast-schema-graph\">{\"@context\":\"https:\/\/schema.org\",\"@graph\":[{\"@type\":\"WebPage\",\"@id\":\"https:\/\/ac-quercy.fr\/fr_fr\/presentation\/\",\"url\":\"https:\/\/ac-quercy.fr\/fr_fr\/presentation\/\",\"name\":\"Pr\u00e9sentation - Aeroclub du Quercy\",\"isPartOf\":{\"@id\":\"https:\/\/ac-quercy.fr\/#website\"},\"datePublished\":\"2022-06-20T20:08:53+00:00\",\"dateModified\":\"2023-08-04T14:05:15+00:00\",\"inLanguage\":\"en-GB\",\"potentialAction\":[{\"@type\":\"ReadAction\",\"target\":[\"https:\/\/ac-quercy.fr\/fr_fr\/presentation\/\"]}]},{\"@type\":\"WebSite\",\"@id\":\"https:\/\/ac-quercy.fr\/#website\",\"url\":\"https:\/\/ac-quercy.fr\/\",\"name\":\"A\u00e9roclub du Quercy\",\"description\":\"Aviation G\u00e9n\u00e9rale Ecole de pilotage\",\"publisher\":{\"@id\":\"https:\/\/ac-quercy.fr\/#organization\"},\"potentialAction\":[{\"@type\":\"SearchAction\",\"target\":{\"@type\":\"EntryPoint\",\"urlTemplate\":\"https:\/\/ac-quercy.fr\/?s={search_term_string}\"},\"query-input\":{\"@type\":\"PropertyValueSpecification\",\"valueRequired\":true,\"valueName\":\"search_term_string\"}}],\"inLanguage\":\"en-GB\"},{\"@type\":\"Organization\",\"@id\":\"https:\/\/ac-quercy.fr\/#organization\",\"name\":\"A\u00e9roclub du Quercy\",\"url\":\"https:\/\/ac-quercy.fr\/\",\"logo\":{\"@type\":\"ImageObject\",\"inLanguage\":\"en-GB\",\"@id\":\"https:\/\/ac-quercy.fr\/#\/schema\/logo\/image\/\",\"url\":\"https:\/\/ac-quercy.fr\/wp-content\/uploads\/2022\/05\/cropped-LogoACQ-scaled-1.jpg\",\"contentUrl\":\"https:\/\/ac-quercy.fr\/wp-content\/uploads\/2022\/05\/cropped-LogoACQ-scaled-1.jpg\",\"width\":512,\"height\":512,\"caption\":\"A\u00e9roclub du Quercy\"},\"image\":{\"@id\":\"https:\/\/ac-quercy.fr\/#\/schema\/logo\/image\/\"}}]}<\/script>\n<!-- \/ Yoast SEO plugin. -->","yoast_head_json":{"title":"Pr\u00e9sentation - Aeroclub du Quercy","robots":{"index":"index","follow":"follow","max-snippet":"max-snippet:-1","max-image-preview":"max-image-preview:large","max-video-preview":"max-video-preview:-1"},"canonical":"https:\/\/ac-quercy.fr\/en\/presentation\/","og_locale":"en_GB","og_type":"article","og_title":"Pr\u00e9sentation - Aeroclub du Quercy","og_description":"Ce site a pour vocationde vous faire d\u00e9couvrir notre association, ses activit\u00e9s, et de vous faire partager notre passion.L&rsquo;a\u00e9ro-club du Quercy est adh\u00e9rent \u00e0 la FFA ainsi que tous ses membres. L&rsquo;avion est avant tout une \u00e9cole de&nbsp;rigueur, de&nbsp;discipline, de&nbsp;ma\u00eetrise de soi&nbsp;(ou sang-froid) et de&nbsp;responsabilit\u00e9. D\u00e8s l&rsquo;\u00e2ge de 15 ans, [&hellip;]","og_url":"https:\/\/ac-quercy.fr\/en\/presentation\/","og_site_name":"Aeroclub du Quercy","article_modified_time":"2023-08-04T14:05:15+00:00","twitter_misc":{"Estimated reading time":"6 minutes"},"schema":{"@context":"https:\/\/schema.org","@graph":[{"@type":"WebPage","@id":"https:\/\/ac-quercy.fr\/fr_fr\/presentation\/","url":"https:\/\/ac-quercy.fr\/fr_fr\/presentation\/","name":"Pr\u00e9sentation - Aeroclub du Quercy","isPartOf":{"@id":"https:\/\/ac-quercy.fr\/#website"},"datePublished":"2022-06-20T20:08:53+00:00","dateModified":"2023-08-04T14:05:15+00:00","inLanguage":"en-GB","potentialAction":[{"@type":"ReadAction","target":["https:\/\/ac-quercy.fr\/fr_fr\/presentation\/"]}]},{"@type":"WebSite","@id":"https:\/\/ac-quercy.fr\/#website","url":"https:\/\/ac-quercy.fr\/","name":"A\u00e9roclub du Quercy","description":"Aviation G\u00e9n\u00e9rale Ecole de pilotage","publisher":{"@id":"https:\/\/ac-quercy.fr\/#organization"},"potentialAction":[{"@type":"SearchAction","target":{"@type":"EntryPoint","urlTemplate":"https:\/\/ac-quercy.fr\/?s={search_term_string}"},"query-input":{"@type":"PropertyValueSpecification","valueRequired":true,"valueName":"search_term_string"}}],"inLanguage":"en-GB"},{"@type":"Organization","@id":"https:\/\/ac-quercy.fr\/#organization","name":"A\u00e9roclub du Quercy","url":"https:\/\/ac-quercy.fr\/","logo":{"@type":"ImageObject","inLanguage":"en-GB","@id":"https:\/\/ac-quercy.fr\/#\/schema\/logo\/image\/","url":"https:\/\/ac-quercy.fr\/wp-content\/uploads\/2022\/05\/cropped-LogoACQ-scaled-1.jpg","contentUrl":"https:\/\/ac-quercy.fr\/wp-content\/uploads\/2022\/05\/cropped-LogoACQ-scaled-1.jpg","width":512,"height":512,"caption":"A\u00e9roclub du Quercy"},"image":{"@id":"https:\/\/ac-quercy.fr\/#\/schema\/logo\/image\/"}}]}},"publishpress_future_action":{"enabled":false,"date":"2026-04-28 10:36:13","action":"change-status","newStatus":"draft","terms":[],"taxonomy":"","extraData":[]},"publishpress_future_workflow_manual_trigger":{"enabledWorkflows":[]},"_links":{"self":[{"href":"https:\/\/ac-quercy.fr\/en\/wp-json\/wp\/v2\/pages\/909","targetHints":{"allow":["GET"]}}],"collection":[{"href":"https:\/\/ac-quercy.fr\/en\/wp-json\/wp\/v2\/pages"}],"about":[{"href":"https:\/\/ac-quercy.fr\/en\/wp-json\/wp\/v2\/types\/page"}],"author":[{"embeddable":true,"href":"https:\/\/ac-quercy.fr\/en\/wp-json\/wp\/v2\/users\/1"}],"replies":[{"embeddable":true,"href":"https:\/\/ac-quercy.fr\/en\/wp-json\/wp\/v2\/comments?post=909"}],"version-history":[{"count":0,"href":"https:\/\/ac-quercy.fr\/en\/wp-json\/wp\/v2\/pages\/909\/revisions"}],"wp:attachment":[{"href":"https:\/\/ac-quercy.fr\/en\/wp-json\/wp\/v2\/media?parent=909"}],"curies":[{"name":"wp","href":"https:\/\/api.w.org\/{rel}","templated":true}]}}